{"id":407,"date":"2023-06-14T02:32:44","date_gmt":"2023-06-14T02:32:44","guid":{"rendered":"https:\/\/urbaines.tropical-solutions.com\/?page_id=407"},"modified":"2024-10-15T12:31:38","modified_gmt":"2024-10-15T12:31:38","slug":"nos-services","status":"publish","type":"page","link":"https:\/\/urbaines.tropical-solutions.com\/index.php\/nos-services\/","title":{"rendered":"Nos services"},"content":{"rendered":"\t\t<div data-elementor-type=\"wp-page\" data-elementor-id=\"407\" class=\"elementor elementor-407\">\n\t\t\t\t\t\t<section class=\"elementor-section elementor-top-section elementor-element elementor-element-feab58b elementor-section-boxed elementor-section-height-default elementor-section-height-default\" data-id=\"feab58b\" data-element_type=\"section\">\n\t\t\t\t\t\t<div class=\"elementor-container elementor-column-gap-default\">\n\t\t\t\t\t<div class=\"elementor-column elementor-col-100 elementor-top-column elementor-element elementor-element-116cc9b\" data-id=\"116cc9b\" data-element_type=\"column\">\n\t\t\t<div class=\"elementor-widget-wrap elementor-element-populated\">\n\t\t\t\t\t\t<section class=\"elementor-section elementor-inner-section elementor-element elementor-element-30bd6bb elementor-section-full_width elementor-section-height-default elementor-section-height-default\" data-id=\"30bd6bb\" data-element_type=\"section\">\n\t\t\t\t\t\t<div class=\"elementor-container elementor-column-gap-default\">\n\t\t\t\t\t<div class=\"elementor-column elementor-col-50 elementor-inner-column elementor-element elementor-element-3291b02\" data-id=\"3291b02\" data-element_type=\"column\">\n\t\t\t<div class=\"elementor-widget-wrap elementor-element-populated\">\n\t\t\t\t\t\t<div class=\"elementor-element elementor-element-dffe43b elementor-widget elementor-widget-gimont_elementor_heading\" data-id=\"dffe43b\" data-element_type=\"widget\" data-widget_type=\"gimont_elementor_heading.default\">\n\t\t\t\t<div class=\"elementor-widget-container\">\n\t\t\t\n\t\t\t<div class=\"ova-heading template_1\">\n\t\t\t\t\t\t\t\t\t\t\t\t\t\t\t<span class=\"line\"><\/span>\n\t\t\t\t\t\t\t\t\t\t<span class=\"subtitle\">r\u00e9pondre aux besoins des habitants tout en am\u00e9liorant leur qualit\u00e9 de vie.<\/span>\n\t\t\t\t\t\t\t\t\t\t\t\t\t\n\t\t\t\t\t\t\t\t\t\t\t\t\t\t\t<h2 class=\"title\">les services urbains<\/h2>\n\t\t\t\t\t\t\t\t\t\t\n\t\t\t\t\t\t\t\t\n\t\t\t\t\n\t\t\t<\/div>\n\n\t\t\t\t<\/div>\n\t\t\t\t<\/div>\n\t\t\t\t\t<\/div>\n\t\t<\/div>\n\t\t\t\t<div class=\"elementor-column elementor-col-50 elementor-inner-column elementor-element elementor-element-041311d\" data-id=\"041311d\" data-element_type=\"column\">\n\t\t\t<div class=\"elementor-widget-wrap elementor-element-populated\">\n\t\t\t\t\t\t<div class=\"elementor-element elementor-element-2a3f37e elementor-tablet-align-left elementor-widget__width-auto elementor-widget elementor-widget-button\" data-id=\"2a3f37e\" data-element_type=\"widget\" data-widget_type=\"button.default\">\n\t\t\t\t<div class=\"elementor-widget-container\">\n\t\t\t\t\t<div class=\"elementor-button-wrapper\">\n\t\t\t<a class=\"elementor-button elementor-button-link elementor-size-sm\" href=\"https:\/\/urbaines.tropical-solutions.com\/index.php\/departements\/\">\n\t\t\t\t\t\t<span class=\"elementor-button-content-wrapper\">\n\t\t\t\t\t\t\t\t\t<span class=\"elementor-button-text\">D\u00e9partements<\/span>\n\t\t\t\t\t<\/span>\n\t\t\t\t\t<\/a>\n\t\t<\/div>\n\t\t\t\t<\/div>\n\t\t\t\t<\/div>\n\t\t\t\t\t<\/div>\n\t\t<\/div>\n\t\t\t\t\t<\/div>\n\t\t<\/section>\n\t\t\t\t<div class=\"elementor-element elementor-element-26fe001 elementor-widget elementor-widget-ova_sev_items\" data-id=\"26fe001\" data-element_type=\"widget\" data-settings=\"{&quot;cate&quot;:&quot;all&quot;,&quot;posts_per_page&quot;:3}\" data-widget_type=\"ova_sev_items.default\">\n\t\t\t\t<div class=\"elementor-widget-container\">\n\t\t\t\n<div class=\"ova-sev-archive elementor three_columns\">\n\t\t\t<div class=\"wrapper\">\n\t\t\t\n\t<div class=\"item ova-item-service\">\n\t\t<div class=\"image\">\n\t\t\t<img decoding=\"async\" src=\"https:\/\/urbaines.tropical-solutions.com\/wp-content\/uploads\/2024\/04\/AnyConv.com__Afrique_Lurbain_informel3-450x300.webp\" alt=\"Police municipale\">\n\t\t<\/div>\n\n\t\t<div class=\"content\">\n\t\t\t<div class=\"content-wrap\">\n\t\t\t\t\t\t\t\t\t<div class=\"icon\">\n\t\t\t\t\t\t<i class=\"flaticon-global-economy\" aria-hidden=\"true\"><\/i>\n\t\t\t\t\t<\/div>\n\t\t\t\t\n\t\t\t\t<div class=\"info\">\n\t\t\t\t\t\t\t\t\t\t\t\t\t\t\t\t\t<a href=\"https:\/\/urbaines.tropical-solutions.com\/index.php\/ova_sev\/police-municipale\/\">\n\t\t\t\t\t\t\t\t\t\t\t\t\t<h3 class=\"title\">\n\t\t\t\t\t\t\t\tPolice municipale\t\t\t\t\t\t\t<\/h3>\n\t\t\t\t\t\t\t\t\t\t\t\t<\/a>\n\t\t\t\t\t\t\t\t\t\t\t\t\t\t\t<\/div>\n\t\t\t<\/div>\n\t\t<\/div>\n\n\t\t<div class=\"content content-hover\">\n\t\t\t<div class=\"content-wrap\">\n\t\t\t\t\t\t\t\t\t<div class=\"icon\">\n\t\t\t\t\t\t<i class=\"flaticon-global-economy\" aria-hidden=\"true\"><\/i>\n\t\t\t\t\t<\/div>\n\t\t\t\t\n\t\t\t\t<div class=\"info\">\n\t\t\t\t\t\t\t\t\t\t\t\t\t\t\t\t\t<a href=\"https:\/\/urbaines.tropical-solutions.com\/index.php\/ova_sev\/police-municipale\/\">\n\t\t\t\t\t\t\t\t\t\t\t\t\t<h3 class=\"title\">\n\t\t\t\t\t\t\t\tPolice municipale\t\t\t\t\t\t\t<\/h3>\n\t\t\t\t\t\t\t\t\t\t\t\t<\/a>\n\t\t\t\t\t\t\t\t\t\t\t\n\t\t\t\t\t<div class=\"info-hidden\">\n\t\t\t\t\t\t\t\t\t\t\t\t\t<p class=\"desc\">\n\t\t\t\t\t\t\t\tLa police municipale a pour objet d\u2019assurer le bon ordre, la...\t\n\t\t\t\t\t\t\t<\/p>\n\t\t\t\t\t\t\n\t\t\t\t\t\t\t\t\t\t\t\t\t<a href=\"https:\/\/urbaines.tropical-solutions.com\/index.php\/ova_sev\/police-municipale\/\" title=\"View Service\" class=\"link\">\n\t\t\t\t\t\t\t\t<span class=\"text\">\n\t\t\t\t\t\t\t\t\tView Service\t\t\t\t\t\t\t\t<\/span>\n\t\t\t\t\t\t\t\t<i class=\"gimonticon gimonticon-right\" aria-hidden=\"true\"><\/i>\n\t\t\t\t\t\t\t<\/a>\n\t\t\t\t\t\t\t\t\t\t\t<\/div>\n\t\t\t\t<\/div>\n\t\t\t<\/div>\n\t\t<\/div>\n\n\t<\/div>\n\t<div class=\"item ova-item-service\">\n\t\t<div class=\"image\">\n\t\t\t<img decoding=\"async\" src=\"https:\/\/urbaines.tropical-solutions.com\/wp-content\/uploads\/2023\/07\/AnyConv.com__photo-acte-de-mariage-cameroun-450x300.webp\" alt=\"Acte de mariage\">\n\t\t<\/div>\n\n\t\t<div class=\"content\">\n\t\t\t<div class=\"content-wrap\">\n\t\t\t\t\t\t\t\t\t<div class=\"icon\">\n\t\t\t\t\t\t<i class=\"gimonticon gimonticon-planning\" aria-hidden=\"true\"><\/i>\n\t\t\t\t\t<\/div>\n\t\t\t\t\n\t\t\t\t<div class=\"info\">\n\t\t\t\t\t\t\t\t\t\t\t\t\t\t\t\t\t<a href=\"https:\/\/urbaines.tropical-solutions.com\/index.php\/ova_sev\/acte-de-mariage\/\">\n\t\t\t\t\t\t\t\t\t\t\t\t\t<h3 class=\"title\">\n\t\t\t\t\t\t\t\tActe de mariage\t\t\t\t\t\t\t<\/h3>\n\t\t\t\t\t\t\t\t\t\t\t\t<\/a>\n\t\t\t\t\t\t\t\t\t\t\t\t\t\t\t<\/div>\n\t\t\t<\/div>\n\t\t<\/div>\n\n\t\t<div class=\"content content-hover\">\n\t\t\t<div class=\"content-wrap\">\n\t\t\t\t\t\t\t\t\t<div class=\"icon\">\n\t\t\t\t\t\t<i class=\"gimonticon gimonticon-planning\" aria-hidden=\"true\"><\/i>\n\t\t\t\t\t<\/div>\n\t\t\t\t\n\t\t\t\t<div class=\"info\">\n\t\t\t\t\t\t\t\t\t\t\t\t\t\t\t\t\t<a href=\"https:\/\/urbaines.tropical-solutions.com\/index.php\/ova_sev\/acte-de-mariage\/\">\n\t\t\t\t\t\t\t\t\t\t\t\t\t<h3 class=\"title\">\n\t\t\t\t\t\t\t\tActe de mariage\t\t\t\t\t\t\t<\/h3>\n\t\t\t\t\t\t\t\t\t\t\t\t<\/a>\n\t\t\t\t\t\t\t\t\t\t\t\n\t\t\t\t\t<div class=\"info-hidden\">\n\t\t\t\t\t\t\t\t\t\t\t\t\t<p class=\"desc\">\n\t\t\t\t\t\t\t\tDocument officiel d\u00e9livr\u00e9 par le service d&#039;\u00e9tat civil de la mairie,...\t\n\t\t\t\t\t\t\t<\/p>\n\t\t\t\t\t\t\n\t\t\t\t\t\t\t\t\t\t\t\t\t<a href=\"https:\/\/urbaines.tropical-solutions.com\/index.php\/ova_sev\/acte-de-mariage\/\" title=\"View Service\" class=\"link\">\n\t\t\t\t\t\t\t\t<span class=\"text\">\n\t\t\t\t\t\t\t\t\tView Service\t\t\t\t\t\t\t\t<\/span>\n\t\t\t\t\t\t\t\t<i class=\"gimonticon gimonticon-right\" aria-hidden=\"true\"><\/i>\n\t\t\t\t\t\t\t<\/a>\n\t\t\t\t\t\t\t\t\t\t\t<\/div>\n\t\t\t\t<\/div>\n\t\t\t<\/div>\n\t\t<\/div>\n\n\t<\/div>\n\t<div class=\"item ova-item-service\">\n\t\t<div class=\"image\">\n\t\t\t<img decoding=\"async\" src=\"https:\/\/urbaines.tropical-solutions.com\/wp-content\/uploads\/2023\/07\/AnyConv.com__photo-acte-de-mariage-cameroun-450x300.webp\" alt=\"Acte de d\u00e9c\u00e8s\">\n\t\t<\/div>\n\n\t\t<div class=\"content\">\n\t\t\t<div class=\"content-wrap\">\n\t\t\t\t\t\t\t\t\t<div class=\"icon\">\n\t\t\t\t\t\t<i class=\"gimonticon gimonticon-court\" aria-hidden=\"true\"><\/i>\n\t\t\t\t\t<\/div>\n\t\t\t\t\n\t\t\t\t<div class=\"info\">\n\t\t\t\t\t\t\t\t\t\t\t\t\t\t\t\t\t<a href=\"https:\/\/urbaines.tropical-solutions.com\/index.php\/ova_sev\/acte-de-deces\/\">\n\t\t\t\t\t\t\t\t\t\t\t\t\t<h3 class=\"title\">\n\t\t\t\t\t\t\t\tActe de d\u00e9c\u00e8s\t\t\t\t\t\t\t<\/h3>\n\t\t\t\t\t\t\t\t\t\t\t\t<\/a>\n\t\t\t\t\t\t\t\t\t\t\t\t\t\t\t<\/div>\n\t\t\t<\/div>\n\t\t<\/div>\n\n\t\t<div class=\"content content-hover\">\n\t\t\t<div class=\"content-wrap\">\n\t\t\t\t\t\t\t\t\t<div class=\"icon\">\n\t\t\t\t\t\t<i class=\"gimonticon gimonticon-court\" aria-hidden=\"true\"><\/i>\n\t\t\t\t\t<\/div>\n\t\t\t\t\n\t\t\t\t<div class=\"info\">\n\t\t\t\t\t\t\t\t\t\t\t\t\t\t\t\t\t<a href=\"https:\/\/urbaines.tropical-solutions.com\/index.php\/ova_sev\/acte-de-deces\/\">\n\t\t\t\t\t\t\t\t\t\t\t\t\t<h3 class=\"title\">\n\t\t\t\t\t\t\t\tActe de d\u00e9c\u00e8s\t\t\t\t\t\t\t<\/h3>\n\t\t\t\t\t\t\t\t\t\t\t\t<\/a>\n\t\t\t\t\t\t\t\t\t\t\t\n\t\t\t\t\t<div class=\"info-hidden\">\n\t\t\t\t\t\t\t\t\t\t\t\t\t<p class=\"desc\">\n\t\t\t\t\t\t\t\tDocument officiel d\u00e9livr\u00e9 par le service d\u2019\u00e9tat civil de la mairie,...\t\n\t\t\t\t\t\t\t<\/p>\n\t\t\t\t\t\t\n\t\t\t\t\t\t\t\t\t\t\t\t\t<a href=\"https:\/\/urbaines.tropical-solutions.com\/index.php\/ova_sev\/acte-de-deces\/\" title=\"View Service\" class=\"link\">\n\t\t\t\t\t\t\t\t<span class=\"text\">\n\t\t\t\t\t\t\t\t\tView Service\t\t\t\t\t\t\t\t<\/span>\n\t\t\t\t\t\t\t\t<i class=\"gimonticon gimonticon-right\" aria-hidden=\"true\"><\/i>\n\t\t\t\t\t\t\t<\/a>\n\t\t\t\t\t\t\t\t\t\t\t<\/div>\n\t\t\t\t<\/div>\n\t\t\t<\/div>\n\t\t<\/div>\n\n\t<\/div>\t\t<\/div>\n\t<\/div>\t\t<\/div>\n\t\t\t\t<\/div>\n\t\t\t\t\t<\/div>\n\t\t<\/div>\n\t\t\t\t\t<\/div>\n\t\t<\/section>\n\t\t\t\t<section class=\"elementor-section elementor-top-section elementor-element elementor-element-c0c5c2d elementor-section-boxed elementor-section-height-default elementor-section-height-default\" data-id=\"c0c5c2d\" data-element_type=\"section\">\n\t\t\t\t\t\t<div class=\"elementor-container elementor-column-gap-no\">\n\t\t\t\t\t<div class=\"elementor-column elementor-col-100 elementor-top-column elementor-element elementor-element-3d2fa83\" data-id=\"3d2fa83\" data-element_type=\"column\">\n\t\t\t<div class=\"elementor-widget-wrap elementor-element-populated\">\n\t\t\t\t\t\t<div class=\"elementor-element elementor-element-4b697ae elementor-widget elementor-widget-gimont_elementor_counter_list\" data-id=\"4b697ae\" data-element_type=\"widget\" data-widget_type=\"gimont_elementor_counter_list.default\">\n\t\t\t\t<div class=\"elementor-widget-container\">\n\t\t\t           \n            <div class=\"ova-counter-list-wrapper template_1 four_column\">\n\n            \t\n\t\t           <div class=\"ova-counter-list\" data-count=\"4\">\n\t\t                \n\t\t\t            \t\t\t            \t<div class=\"icon-wrapper\">\n\t\t\t            \t\t<div class=\"icon\">\n\t\t\t\t\t\t\t\t\t<i class=\"gimonticon gimonticon-real-estate\"><\/i>\n\t\t\t\t\t\t\t\t<\/div>\n\t\t\t            \t<\/div>\n\t\t\t\t\t\t\t\t\t            \n\t\t                <div class=\"odometer-wrapper\">\n\t\t\t\t\t\t\t<span class=\"odometer\">0<\/span>\n\t\t\t\t\t\t\t<span class=\"suffix\">\n\t\t\t\t\t\t\t\tth\t\t\t\t\t        <\/span>\n\t\t\t\t\t    <\/div>\n\t\t\t\t\t\t\n\t\t\t      \t     \t\t\t\t\t\t\t<h3 class=\"title\">Home ownership costs<\/h3>\n\t\t\t\t\t\t\n\t\t           <\/div>\n\n\t           \n\t\t           <div class=\"ova-counter-list\" data-count=\"36\">\n\t\t                \n\t\t\t            \t\t\t            \t<div class=\"icon-wrapper\">\n\t\t\t            \t\t<div class=\"icon\">\n\t\t\t\t\t\t\t\t\t<i class=\"gimonticon gimonticon-real-estate\"><\/i>\n\t\t\t\t\t\t\t\t<\/div>\n\t\t\t            \t<\/div>\n\t\t\t\t\t\t\t\t\t            \n\t\t                <div class=\"odometer-wrapper\">\n\t\t\t\t\t\t\t<span class=\"odometer\">0<\/span>\n\t\t\t\t\t\t\t<span class=\"suffix\">\n\t\t\t\t\t\t\t\t%\t\t\t\t\t        <\/span>\n\t\t\t\t\t    <\/div>\n\t\t\t\t\t\t\n\t\t\t      \t     \t\t\t\t\t\t\t<h3 class=\"title\">Private gardenlands<\/h3>\n\t\t\t\t\t\t\n\t\t           <\/div>\n\n\t           \n\t\t           <div class=\"ova-counter-list\" data-count=\"84\">\n\t\t                \n\t\t\t            \t\t\t            \t<div class=\"icon-wrapper\">\n\t\t\t            \t\t<div class=\"icon\">\n\t\t\t\t\t\t\t\t\t<i class=\"gimonticon gimonticon-real-estate\"><\/i>\n\t\t\t\t\t\t\t\t<\/div>\n\t\t\t            \t<\/div>\n\t\t\t\t\t\t\t\t\t            \n\t\t                <div class=\"odometer-wrapper\">\n\t\t\t\t\t\t\t<span class=\"odometer\">0<\/span>\n\t\t\t\t\t\t\t<span class=\"suffix\">\n\t\t\t\t\t\t\t\tk\t\t\t\t\t        <\/span>\n\t\t\t\t\t    <\/div>\n\t\t\t\t\t\t\n\t\t\t      \t     \t\t\t\t\t\t\t<h3 class=\"title\">People lived in the city<\/h3>\n\t\t\t\t\t\t\n\t\t           <\/div>\n\n\t           \n\t\t           <div class=\"ova-counter-list\" data-count=\"3.3\">\n\t\t                \n\t\t\t            \t\t\t            \t<div class=\"icon-wrapper\">\n\t\t\t            \t\t<div class=\"icon\">\n\t\t\t\t\t\t\t\t\t<i class=\"gimonticon gimonticon-real-estate\"><\/i>\n\t\t\t\t\t\t\t\t<\/div>\n\t\t\t            \t<\/div>\n\t\t\t\t\t\t\t\t\t            \n\t\t                <div class=\"odometer-wrapper\">\n\t\t\t\t\t\t\t<span class=\"odometer\">0<\/span>\n\t\t\t\t\t\t\t<span class=\"suffix\">\n\t\t\t\t\t\t\t\tk\t\t\t\t\t        <\/span>\n\t\t\t\t\t    <\/div>\n\t\t\t\t\t\t\n\t\t\t      \t     \t\t\t\t\t\t\t<h3 class=\"title\">Kilometers region covers<\/h3>\n\t\t\t\t\t\t\n\t\t           <\/div>\n\n\t           \n            <\/div>\n\t\t \t\n\t\t\t\t<\/div>\n\t\t\t\t<\/div>\n\t\t\t\t\t<\/div>\n\t\t<\/div>\n\t\t\t\t\t<\/div>\n\t\t<\/section>\n\t\t\t\t<\/div>\n\t\t","protected":false},"excerpt":{"rendered":"<p>r\u00e9pondre aux besoins des habitants tout en am\u00e9liorant leur qualit\u00e9 de vie. les services urbains D\u00e9partements Police municipale Police municipale La police municipale a pour objet d\u2019assurer le bon ordre, la&#8230; View Service Acte de mariage Acte de mariage Document officiel d\u00e9livr\u00e9 par le service d&#039;\u00e9tat civil de la mairie,&#8230; View Service Acte de d\u00e9c\u00e8s [&hellip;]<\/p>\n","protected":false},"author":1,"featured_media":0,"parent":0,"menu_order":0,"comment_status":"closed","ping_status":"closed","template":"elementor_header_footer","meta":{"_monsterinsights_skip_tracking":false,"_monsterinsights_sitenote_active":false,"_monsterinsights_sitenote_note":"","_monsterinsights_sitenote_category":0,"footnotes":""},"class_list":["post-407","page","type-page","status-publish","hentry"],"yoast_head":"<!-- This site is optimized with the Yoast SEO plugin v23.8 - https:\/\/yoast.com\/wordpress\/plugins\/seo\/ -->\n<title>Nos services - Communaut\u00e9 urbaine de Garoua<\/title>\n<meta name=\"robots\" content=\"index, follow, max-snippet:-1, max-image-preview:large, max-video-preview:-1\" \/>\n<link rel=\"canonical\" href=\"https:\/\/urbaines.tropical-solutions.com\/index.php\/nos-services\/\" \/>\n<meta property=\"og:locale\" content=\"fr_FR\" \/>\n<meta property=\"og:type\" content=\"article\" \/>\n<meta property=\"og:title\" content=\"Nos services - Communaut\u00e9 urbaine de Garoua\" \/>\n<meta property=\"og:description\" content=\"r\u00e9pondre aux besoins des habitants tout en am\u00e9liorant leur qualit\u00e9 de vie. les services urbains D\u00e9partements Police municipale Police municipale La police municipale a pour objet d\u2019assurer le bon ordre, la&#8230; View Service Acte de mariage Acte de mariage Document officiel d\u00e9livr\u00e9 par le service d&#039;\u00e9tat civil de la mairie,&#8230; View Service Acte de d\u00e9c\u00e8s [&hellip;]\" \/>\n<meta property=\"og:url\" content=\"https:\/\/urbaines.tropical-solutions.com\/index.php\/nos-services\/\" \/>\n<meta property=\"og:site_name\" content=\"Communaut\u00e9 urbaine de Garoua\" \/>\n<meta property=\"article:modified_time\" content=\"2024-10-15T12:31:38+00:00\" \/>\n<meta property=\"og:image\" content=\"https:\/\/urbaines.tropical-solutions.com\/wp-content\/uploads\/2024\/04\/AnyConv.com__Afrique_Lurbain_informel3-450x300.webp\" \/>\n<meta name=\"twitter:card\" content=\"summary_large_image\" \/>\n<script type=\"application\/ld+json\" class=\"yoast-schema-graph\">{\"@context\":\"https:\/\/schema.org\",\"@graph\":[{\"@type\":\"WebPage\",\"@id\":\"https:\/\/urbaines.tropical-solutions.com\/index.php\/nos-services\/\",\"url\":\"https:\/\/urbaines.tropical-solutions.com\/index.php\/nos-services\/\",\"name\":\"Nos services - Communaut\u00e9 urbaine de Garoua\",\"isPartOf\":{\"@id\":\"https:\/\/urbaines.tropical-solutions.com\/#website\"},\"primaryImageOfPage\":{\"@id\":\"https:\/\/urbaines.tropical-solutions.com\/index.php\/nos-services\/#primaryimage\"},\"image\":{\"@id\":\"https:\/\/urbaines.tropical-solutions.com\/index.php\/nos-services\/#primaryimage\"},\"thumbnailUrl\":\"https:\/\/urbaines.tropical-solutions.com\/wp-content\/uploads\/2024\/04\/AnyConv.com__Afrique_Lurbain_informel3-450x300.webp\",\"datePublished\":\"2023-06-14T02:32:44+00:00\",\"dateModified\":\"2024-10-15T12:31:38+00:00\",\"breadcrumb\":{\"@id\":\"https:\/\/urbaines.tropical-solutions.com\/index.php\/nos-services\/#breadcrumb\"},\"inLanguage\":\"fr-FR\",\"potentialAction\":[{\"@type\":\"ReadAction\",\"target\":[\"https:\/\/urbaines.tropical-solutions.com\/index.php\/nos-services\/\"]}]},{\"@type\":\"ImageObject\",\"inLanguage\":\"fr-FR\",\"@id\":\"https:\/\/urbaines.tropical-solutions.com\/index.php\/nos-services\/#primaryimage\",\"url\":\"https:\/\/urbaines.tropical-solutions.com\/wp-content\/uploads\/2024\/04\/AnyConv.com__Afrique_Lurbain_informel3-450x300.webp\",\"contentUrl\":\"https:\/\/urbaines.tropical-solutions.com\/wp-content\/uploads\/2024\/04\/AnyConv.com__Afrique_Lurbain_informel3-450x300.webp\"},{\"@type\":\"BreadcrumbList\",\"@id\":\"https:\/\/urbaines.tropical-solutions.com\/index.php\/nos-services\/#breadcrumb\",\"itemListElement\":[{\"@type\":\"ListItem\",\"position\":1,\"name\":\"Accueil\",\"item\":\"https:\/\/urbaines.tropical-solutions.com\/\"},{\"@type\":\"ListItem\",\"position\":2,\"name\":\"Nos services\"}]},{\"@type\":\"WebSite\",\"@id\":\"https:\/\/urbaines.tropical-solutions.com\/#website\",\"url\":\"https:\/\/urbaines.tropical-solutions.com\/\",\"name\":\"Communaut\u00e9 urbaine de Garoua\",\"description\":\"\",\"potentialAction\":[{\"@type\":\"SearchAction\",\"target\":{\"@type\":\"EntryPoint\",\"urlTemplate\":\"https:\/\/urbaines.tropical-solutions.com\/?s={search_term_string}\"},\"query-input\":{\"@type\":\"PropertyValueSpecification\",\"valueRequired\":true,\"valueName\":\"search_term_string\"}}],\"inLanguage\":\"fr-FR\"}]}<\/script>\n<!-- \/ Yoast SEO plugin. -->","yoast_head_json":{"title":"Nos services - Communaut\u00e9 urbaine de Garoua","robots":{"index":"index","follow":"follow","max-snippet":"max-snippet:-1","max-image-preview":"max-image-preview:large","max-video-preview":"max-video-preview:-1"},"canonical":"https:\/\/urbaines.tropical-solutions.com\/index.php\/nos-services\/","og_locale":"fr_FR","og_type":"article","og_title":"Nos services - Communaut\u00e9 urbaine de Garoua","og_description":"r\u00e9pondre aux besoins des habitants tout en am\u00e9liorant leur qualit\u00e9 de vie. les services urbains D\u00e9partements Police municipale Police municipale La police municipale a pour objet d\u2019assurer le bon ordre, la&#8230; View Service Acte de mariage Acte de mariage Document officiel d\u00e9livr\u00e9 par le service d&#039;\u00e9tat civil de la mairie,&#8230; View Service Acte de d\u00e9c\u00e8s [&hellip;]","og_url":"https:\/\/urbaines.tropical-solutions.com\/index.php\/nos-services\/","og_site_name":"Communaut\u00e9 urbaine de Garoua","article_modified_time":"2024-10-15T12:31:38+00:00","og_image":[{"url":"https:\/\/urbaines.tropical-solutions.com\/wp-content\/uploads\/2024\/04\/AnyConv.com__Afrique_Lurbain_informel3-450x300.webp"}],"twitter_card":"summary_large_image","schema":{"@context":"https:\/\/schema.org","@graph":[{"@type":"WebPage","@id":"https:\/\/urbaines.tropical-solutions.com\/index.php\/nos-services\/","url":"https:\/\/urbaines.tropical-solutions.com\/index.php\/nos-services\/","name":"Nos services - Communaut\u00e9 urbaine de Garoua","isPartOf":{"@id":"https:\/\/urbaines.tropical-solutions.com\/#website"},"primaryImageOfPage":{"@id":"https:\/\/urbaines.tropical-solutions.com\/index.php\/nos-services\/#primaryimage"},"image":{"@id":"https:\/\/urbaines.tropical-solutions.com\/index.php\/nos-services\/#primaryimage"},"thumbnailUrl":"https:\/\/urbaines.tropical-solutions.com\/wp-content\/uploads\/2024\/04\/AnyConv.com__Afrique_Lurbain_informel3-450x300.webp","datePublished":"2023-06-14T02:32:44+00:00","dateModified":"2024-10-15T12:31:38+00:00","breadcrumb":{"@id":"https:\/\/urbaines.tropical-solutions.com\/index.php\/nos-services\/#breadcrumb"},"inLanguage":"fr-FR","potentialAction":[{"@type":"ReadAction","target":["https:\/\/urbaines.tropical-solutions.com\/index.php\/nos-services\/"]}]},{"@type":"ImageObject","inLanguage":"fr-FR","@id":"https:\/\/urbaines.tropical-solutions.com\/index.php\/nos-services\/#primaryimage","url":"https:\/\/urbaines.tropical-solutions.com\/wp-content\/uploads\/2024\/04\/AnyConv.com__Afrique_Lurbain_informel3-450x300.webp","contentUrl":"https:\/\/urbaines.tropical-solutions.com\/wp-content\/uploads\/2024\/04\/AnyConv.com__Afrique_Lurbain_informel3-450x300.webp"},{"@type":"BreadcrumbList","@id":"https:\/\/urbaines.tropical-solutions.com\/index.php\/nos-services\/#breadcrumb","itemListElement":[{"@type":"ListItem","position":1,"name":"Accueil","item":"https:\/\/urbaines.tropical-solutions.com\/"},{"@type":"ListItem","position":2,"name":"Nos services"}]},{"@type":"WebSite","@id":"https:\/\/urbaines.tropical-solutions.com\/#website","url":"https:\/\/urbaines.tropical-solutions.com\/","name":"Communaut\u00e9 urbaine de Garoua","description":"","potentialAction":[{"@type":"SearchAction","target":{"@type":"EntryPoint","urlTemplate":"https:\/\/urbaines.tropical-solutions.com\/?s={search_term_string}"},"query-input":{"@type":"PropertyValueSpecification","valueRequired":true,"valueName":"search_term_string"}}],"inLanguage":"fr-FR"}]}},"_links":{"self":[{"href":"https:\/\/urbaines.tropical-solutions.com\/index.php\/wp-json\/wp\/v2\/pages\/407","targetHints":{"allow":["GET"]}}],"collection":[{"href":"https:\/\/urbaines.tropical-solutions.com\/index.php\/wp-json\/wp\/v2\/pages"}],"about":[{"href":"https:\/\/urbaines.tropical-solutions.com\/index.php\/wp-json\/wp\/v2\/types\/page"}],"author":[{"embeddable":true,"href":"https:\/\/urbaines.tropical-solutions.com\/index.php\/wp-json\/wp\/v2\/users\/1"}],"replies":[{"embeddable":true,"href":"https:\/\/urbaines.tropical-solutions.com\/index.php\/wp-json\/wp\/v2\/comments?post=407"}],"version-history":[{"count":11,"href":"https:\/\/urbaines.tropical-solutions.com\/index.php\/wp-json\/wp\/v2\/pages\/407\/revisions"}],"predecessor-version":[{"id":19389,"href":"https:\/\/urbaines.tropical-solutions.com\/index.php\/wp-json\/wp\/v2\/pages\/407\/revisions\/19389"}],"wp:attachment":[{"href":"https:\/\/urbaines.tropical-solutions.com\/index.php\/wp-json\/wp\/v2\/media?parent=407"}],"curies":[{"name":"wp","href":"https:\/\/api.w.org\/{rel}","templated":true}]}}