{"id":19345,"date":"2024-10-15T09:03:20","date_gmt":"2024-10-15T09:03:20","guid":{"rendered":"https:\/\/urbaines.tropical-solutions.com\/?page_id=19345"},"modified":"2024-10-15T09:03:21","modified_gmt":"2024-10-15T09:03:21","slug":"projets-envisages","status":"publish","type":"page","link":"https:\/\/urbaines.tropical-solutions.com\/index.php\/projets-envisages\/","title":{"rendered":"Projets envisag\u00e9s"},"content":{"rendered":"\t\t<div data-elementor-type=\"wp-page\" data-elementor-id=\"19345\" class=\"elementor elementor-19345\">\n\t\t\t\t\t\t<section class=\"elementor-section elementor-top-section elementor-element elementor-element-384dc5d elementor-section-boxed elementor-section-height-default elementor-section-height-default\" data-id=\"384dc5d\" data-element_type=\"section\">\n\t\t\t\t\t\t<div class=\"elementor-container elementor-column-gap-default\">\n\t\t\t\t\t<div class=\"elementor-column elementor-col-100 elementor-top-column elementor-element elementor-element-3e52e11\" data-id=\"3e52e11\" data-element_type=\"column\">\n\t\t\t<div class=\"elementor-widget-wrap elementor-element-populated\">\n\t\t\t\t\t\t<div class=\"elementor-element elementor-element-fca6385 elementor-widget elementor-widget-ova_events\" data-id=\"fca6385\" data-element_type=\"widget\" data-widget_type=\"ova_events.default\">\n\t\t\t\t<div class=\"elementor-widget-container\">\n\t\t\t\n<div class=\"ovaev-event-element version_2\" >\n\n\t\n\t\n\n\t\n\t\t<div class=\"container-event\">\n\t\t\t<div id=\"main-event\" class=\"content-event\">\n\t\t\t\t<div class=\"archive_event col3 vertical\">\n\n\t\t\t\t\t\t\t\t\t\t\t\n<div class=\"ovaev-content\">\n\n\t<div class=\"type2\">\n\n\t\t<div class=\"desc\">\n\t\t\t\n\t\t\t\n<div class=\"event-thumbnail\" style=\"background-image:url(https:\/\/urbaines.tropical-solutions.com\/wp-content\/uploads\/2023\/06\/AnyConv.com__dele.webp);\">\n\t\t<a href=\"https:\/\/urbaines.tropical-solutions.com\/index.php\/event\/le-monument-patriote-emerveille-une-delegation-ministerielle-gabonaise\/\" aria-label=\"Event Thumbnail\">\n\t\t\t<img fetchpriority=\"high\" decoding=\"async\" width=\"600\" height=\"400\" src=\"https:\/\/urbaines.tropical-solutions.com\/wp-content\/uploads\/2023\/06\/AnyConv.com__dele-600x400.webp\" class=\"attachment-ovaev_event_thumbnail size-ovaev_event_thumbnail wp-post-image\" alt=\"\" srcset=\"https:\/\/urbaines.tropical-solutions.com\/wp-content\/uploads\/2023\/06\/AnyConv.com__dele-600x400.webp 600w, https:\/\/urbaines.tropical-solutions.com\/wp-content\/uploads\/2023\/06\/AnyConv.com__dele-450x300.webp 450w\" sizes=\"(max-width: 600px) 100vw, 600px\" \/>\t\t<\/a>\n\t<\/div>\n\n\t\t\t<div class=\"event_post\">\n\n\t\t\t\t\n<div class=\"date-event date-event-2\">\n\n\t<i aria-hidden=\"true\" class=\"fas fa-calendar-alt\"><\/i>\n\t\n\t<span class=\"date\">\n\t\t14 Mar, 2024\t<\/span>\n\n<\/div>\n\n\n\t\t\t\t<!-- Title -->\n\t\t\t\t\n<h2 class=\"second_font event_title\">\n\t    <a href=\"https:\/\/urbaines.tropical-solutions.com\/index.php\/event\/le-monument-patriote-emerveille-une-delegation-ministerielle-gabonaise\/\" title=\"Le \u2018\u2019Monument patriote\u2019\u2019 \u00e9merveille une d\u00e9l\u00e9gation minist\u00e9rielle gabonaise\">\n    \t\tLe \u2018\u2019Monument patriote\u2019\u2019 \u00e9merveille une d\u00e9l\u00e9gation minist\u00e9rielle gabonaise\t\t<\/a>\n\t<\/h2>                \n               \t\t\t\t\t\t<div class=\"time-event\">\n\t\t\t\t\t\t\t\t\t\t\t\t\t<div class=\"wrapper\">\n\t\t\t\t\t\t\t\t\n<div class=\"time equal-date\">\n\t\n\t<span class=\"icon-time\">\n\t\t<i class=\"fas fa-clock icon_event\" aria-hidden=\"true\"><\/i>\n\t<\/span>\n\t\t  \n\t\t\t<span class=\"time-date-child\">\n\t\t\t<span class=\"date-child\">\n\t\t\t\tThu\t\t\t<\/span>\n\t\t\t<span>08:00<\/span>\n\t\t<\/span>\n\t\n<\/div>\t\t\t\t\t\t\t\t<label>Timing<\/label>\n\t\t\t\t\t\t\t<\/div>\n\t\t\t\t\t\t\n\t\t\t\t\t\t\t\t\t\t\t\t\t<div class=\"wrapper\">\n\t\t\t\t\t\t\t\t\n\t<div class=\"venue\">\n\t\t<i class=\"fas fa-map-marker-alt icon_event\" aria-hidden=\"true\"><\/i>\n\t\t<span class=\"number\">8 Street, San Marcos London, UK<\/span>\n\t<\/div>\n\t\t\t\t\t\t\t\t<label>Location<\/label>\n\t\t\t\t\t\t\t<\/div>\n\t\t\t\t\t\t\t\t\t\t\t<\/div>\n\t\t\t\t\n                \t\t\t\t\t<a href=\"https:\/\/urbaines.tropical-solutions.com\/index.php\/event\/le-monument-patriote-emerveille-une-delegation-ministerielle-gabonaise\/\" aria-label=\"View Event\">\n\t\t\t\t\t\t<div class=\"icon\">\n\t\t\t\t\t    \t<i aria-hidden=\"true\" class=\"ovaicon-next-4\"><\/i>\t\n\t\t\t\t\t\t<\/div>\n\t\t\t\t\t<\/a>\n\t\t\t\t\n\t\t\t<\/div>\n\n\n\t\t<\/div>\n\n\t<\/div>\n\n<\/div>\t\t\t\t\t\t\t\t\t\t\t\n<div class=\"ovaev-content\">\n\n\t<div class=\"type2\">\n\n\t\t<div class=\"desc\">\n\t\t\t\n\t\t\t\n<div class=\"event-thumbnail\" style=\"background-image:url(https:\/\/urbaines.tropical-solutions.com\/wp-content\/uploads\/2023\/06\/AnyConv.com__3-medical-equipment.webp);\">\n\t\t<a href=\"https:\/\/urbaines.tropical-solutions.com\/index.php\/event\/the-strategically-build-your-business\/\" aria-label=\"Event Thumbnail\">\n\t\t\t<img decoding=\"async\" width=\"600\" height=\"400\" src=\"https:\/\/urbaines.tropical-solutions.com\/wp-content\/uploads\/2023\/06\/AnyConv.com__3-medical-equipment-600x400.webp\" class=\"attachment-ovaev_event_thumbnail size-ovaev_event_thumbnail wp-post-image\" alt=\"\" srcset=\"https:\/\/urbaines.tropical-solutions.com\/wp-content\/uploads\/2023\/06\/AnyConv.com__3-medical-equipment-600x400.webp 600w, https:\/\/urbaines.tropical-solutions.com\/wp-content\/uploads\/2023\/06\/AnyConv.com__3-medical-equipment-450x300.webp 450w\" sizes=\"(max-width: 600px) 100vw, 600px\" \/>\t\t<\/a>\n\t<\/div>\n\n\t\t\t<div class=\"event_post\">\n\n\t\t\t\t\n<div class=\"date-event date-event-2\">\n\n\t<i aria-hidden=\"true\" class=\"fas fa-calendar-alt\"><\/i>\n\t\n\t<span class=\"date\">\n\t\t16 Ao\u00fbt, 2023\t<\/span>\n\n<\/div>\n\n\n\t\t\t\t<!-- Title -->\n\t\t\t\t\n<h2 class=\"second_font event_title\">\n\t    <a href=\"https:\/\/urbaines.tropical-solutions.com\/index.php\/event\/the-strategically-build-your-business\/\" title=\"Donation of Medical Equipment and supplies to Azire\">\n    \t\tDonation of Medical Equipment and supplies to Azire\t\t<\/a>\n\t<\/h2>                \n               \t\t\t\t\t\t<div class=\"time-event\">\n\t\t\t\t\t\t\t\t\t\t\t\t\t<div class=\"wrapper\">\n\t\t\t\t\t\t\t\t\n<div class=\"time equal-date\">\n\t\n\t<span class=\"icon-time\">\n\t\t<i class=\"fas fa-clock icon_event\" aria-hidden=\"true\"><\/i>\n\t<\/span>\n\t\t  \n\t\t\t<span class=\"time-date-child\">\n\t\t\t<span class=\"date-child\">\n\t\t\t\t07:00 - 15:00\t\t\t<\/span>\n\t\t<\/span>\n\t\n<\/div>\t\t\t\t\t\t\t\t<label>Timing<\/label>\n\t\t\t\t\t\t\t<\/div>\n\t\t\t\t\t\t\n\t\t\t\t\t\t\t\t\t\t\t\t\t<div class=\"wrapper\">\n\t\t\t\t\t\t\t\t\n\t<div class=\"venue\">\n\t\t<i class=\"fas fa-map-marker-alt icon_event\" aria-hidden=\"true\"><\/i>\n\t\t<span class=\"number\">8 Street, San Marcos London, UK<\/span>\n\t<\/div>\n\t\t\t\t\t\t\t\t<label>Location<\/label>\n\t\t\t\t\t\t\t<\/div>\n\t\t\t\t\t\t\t\t\t\t\t<\/div>\n\t\t\t\t\n                \t\t\t\t\t<a href=\"https:\/\/urbaines.tropical-solutions.com\/index.php\/event\/the-strategically-build-your-business\/\" aria-label=\"View Event\">\n\t\t\t\t\t\t<div class=\"icon\">\n\t\t\t\t\t    \t<i aria-hidden=\"true\" class=\"ovaicon-next-4\"><\/i>\t\n\t\t\t\t\t\t<\/div>\n\t\t\t\t\t<\/a>\n\t\t\t\t\n\t\t\t<\/div>\n\n\n\t\t<\/div>\n\n\t<\/div>\n\n<\/div>\t\t\t\t\t\t\t\t\t\t\t\n<div class=\"ovaev-content\">\n\n\t<div class=\"type2\">\n\n\t\t<div class=\"desc\">\n\t\t\t\n\t\t\t\n<div class=\"event-thumbnail\" style=\"background-image:url(https:\/\/urbaines.tropical-solutions.com\/wp-content\/uploads\/2023\/06\/AnyConv.com__Oledzoa-Police-Post-1024x680-1.webp);\">\n\t\t<a href=\"https:\/\/urbaines.tropical-solutions.com\/index.php\/event\/le-maire-de-la-ville-retrocede-cinq-postes-de-police-a-la-dgsn\/\" aria-label=\"Event Thumbnail\">\n\t\t\t<img decoding=\"async\" width=\"600\" height=\"400\" src=\"https:\/\/urbaines.tropical-solutions.com\/wp-content\/uploads\/2023\/06\/AnyConv.com__Oledzoa-Police-Post-1024x680-1-600x400.webp\" class=\"attachment-ovaev_event_thumbnail size-ovaev_event_thumbnail wp-post-image\" alt=\"\" srcset=\"https:\/\/urbaines.tropical-solutions.com\/wp-content\/uploads\/2023\/06\/AnyConv.com__Oledzoa-Police-Post-1024x680-1-600x400.webp 600w, https:\/\/urbaines.tropical-solutions.com\/wp-content\/uploads\/2023\/06\/AnyConv.com__Oledzoa-Police-Post-1024x680-1-450x300.webp 450w\" sizes=\"(max-width: 600px) 100vw, 600px\" \/>\t\t<\/a>\n\t<\/div>\n\n\t\t\t<div class=\"event_post\">\n\n\t\t\t\t\n<div class=\"date-event date-event-2\">\n\n\t<i aria-hidden=\"true\" class=\"fas fa-calendar-alt\"><\/i>\n\t\n\t<span class=\"date\">\n\t\t25 Oct, 2023\t<\/span>\n\n<\/div>\n\n\n\t\t\t\t<!-- Title -->\n\t\t\t\t\n<h2 class=\"second_font event_title\">\n\t    <a href=\"https:\/\/urbaines.tropical-solutions.com\/index.php\/event\/le-maire-de-la-ville-retrocede-cinq-postes-de-police-a-la-dgsn\/\" title=\"Le maire de la ville r\u00e9troc\u00e8de cinq postes de police \u00e0 la DGSN\">\n    \t\tLe maire de la ville r\u00e9troc\u00e8de cinq postes de police \u00e0 la DGSN\t\t<\/a>\n\t<\/h2>                \n               \t\t\t\t\t\t<div class=\"time-event\">\n\t\t\t\t\t\t\t\t\t\t\t\t\t<div class=\"wrapper\">\n\t\t\t\t\t\t\t\t\n<div class=\"time equal-date\">\n\t\n\t<span class=\"icon-time\">\n\t\t<i class=\"fas fa-clock icon_event\" aria-hidden=\"true\"><\/i>\n\t<\/span>\n\t\t  \n\t\t\t<span class=\"time-date-child\">\n\t\t\t<span class=\"date-child\">\n\t\t\t\tWed\t\t\t<\/span>\n\t\t\t<span>07:00<\/span>\n\t\t<\/span>\n\t\n<\/div>\t\t\t\t\t\t\t\t<label>Timing<\/label>\n\t\t\t\t\t\t\t<\/div>\n\t\t\t\t\t\t\n\t\t\t\t\t\t\t\t\t\t\t\t\t<div class=\"wrapper\">\n\t\t\t\t\t\t\t\t\n\t<div class=\"venue\">\n\t\t<i class=\"fas fa-map-marker-alt icon_event\" aria-hidden=\"true\"><\/i>\n\t\t<span class=\"number\">8 Street, San Marcos London, UK<\/span>\n\t<\/div>\n\t\t\t\t\t\t\t\t<label>Location<\/label>\n\t\t\t\t\t\t\t<\/div>\n\t\t\t\t\t\t\t\t\t\t\t<\/div>\n\t\t\t\t\n                \t\t\t\t\t<a href=\"https:\/\/urbaines.tropical-solutions.com\/index.php\/event\/le-maire-de-la-ville-retrocede-cinq-postes-de-police-a-la-dgsn\/\" aria-label=\"View Event\">\n\t\t\t\t\t\t<div class=\"icon\">\n\t\t\t\t\t    \t<i aria-hidden=\"true\" class=\"ovaicon-next-4\"><\/i>\t\n\t\t\t\t\t\t<\/div>\n\t\t\t\t\t<\/a>\n\t\t\t\t\n\t\t\t<\/div>\n\n\n\t\t<\/div>\n\n\t<\/div>\n\n<\/div>\t\t\t\t\t\n\t\t\t\t<\/div>\n\t\t\t<\/div>\n\t\t<\/div>\n\n\t\n<\/div>\t\t<\/div>\n\t\t\t\t<\/div>\n\t\t\t\t\t<\/div>\n\t\t<\/div>\n\t\t\t\t\t<\/div>\n\t\t<\/section>\n\t\t\t\t<\/div>\n\t\t","protected":false},"excerpt":{"rendered":"<p>18 Jun, 2025 Organizing City Contest 2025 7:00 am &#8211; 8:00 pm Timing Bangkok, Thailand Location 21 Jun, 2024 Events for the public in South East Asia 7:00 am &#8211; 8:00 pm Timing Bangkok, Thailand Location 22 Sep, 2023 Real Entrepreneurship Bootcamp in Gimont 9:00 am &#8211; 4:00 pm Timing 8 Street, San Marcos London, [&hellip;]<\/p>\n","protected":false},"author":1,"featured_media":0,"parent":0,"menu_order":0,"comment_status":"closed","ping_status":"closed","template":"elementor_header_footer","meta":{"_monsterinsights_skip_tracking":false,"_monsterinsights_sitenote_active":false,"_monsterinsights_sitenote_note":"","_monsterinsights_sitenote_category":0,"footnotes":""},"class_list":["post-19345","page","type-page","status-publish","hentry"],"yoast_head":"<!-- This site is optimized with the Yoast SEO plugin v23.8 - https:\/\/yoast.com\/wordpress\/plugins\/seo\/ -->\n<title>Projets envisag\u00e9s - Communaut\u00e9 urbaine de Garoua<\/title>\n<meta name=\"robots\" content=\"index, follow, max-snippet:-1, max-image-preview:large, max-video-preview:-1\" \/>\n<link rel=\"canonical\" href=\"https:\/\/urbaines.tropical-solutions.com\/index.php\/projets-envisages\/\" \/>\n<meta property=\"og:locale\" content=\"fr_FR\" \/>\n<meta property=\"og:type\" content=\"article\" \/>\n<meta property=\"og:title\" content=\"Projets envisag\u00e9s - Communaut\u00e9 urbaine de Garoua\" \/>\n<meta property=\"og:description\" content=\"18 Jun, 2025 Organizing City Contest 2025 7:00 am &#8211; 8:00 pm Timing Bangkok, Thailand Location 21 Jun, 2024 Events for the public in South East Asia 7:00 am &#8211; 8:00 pm Timing Bangkok, Thailand Location 22 Sep, 2023 Real Entrepreneurship Bootcamp in Gimont 9:00 am &#8211; 4:00 pm Timing 8 Street, San Marcos London, [&hellip;]\" \/>\n<meta property=\"og:url\" content=\"https:\/\/urbaines.tropical-solutions.com\/index.php\/projets-envisages\/\" \/>\n<meta property=\"og:site_name\" content=\"Communaut\u00e9 urbaine de Garoua\" \/>\n<meta property=\"article:modified_time\" content=\"2024-10-15T09:03:21+00:00\" \/>\n<meta property=\"og:image\" content=\"https:\/\/urbaines.tropical-solutions.com\/wp-content\/uploads\/2023\/06\/event-8-700x450.jpg\" \/>\n<meta name=\"twitter:card\" content=\"summary_large_image\" \/>\n<script type=\"application\/ld+json\" class=\"yoast-schema-graph\">{\"@context\":\"https:\/\/schema.org\",\"@graph\":[{\"@type\":\"WebPage\",\"@id\":\"https:\/\/urbaines.tropical-solutions.com\/index.php\/projets-envisages\/\",\"url\":\"https:\/\/urbaines.tropical-solutions.com\/index.php\/projets-envisages\/\",\"name\":\"Projets envisag\u00e9s - Communaut\u00e9 urbaine de Garoua\",\"isPartOf\":{\"@id\":\"https:\/\/urbaines.tropical-solutions.com\/#website\"},\"primaryImageOfPage\":{\"@id\":\"https:\/\/urbaines.tropical-solutions.com\/index.php\/projets-envisages\/#primaryimage\"},\"image\":{\"@id\":\"https:\/\/urbaines.tropical-solutions.com\/index.php\/projets-envisages\/#primaryimage\"},\"thumbnailUrl\":\"https:\/\/urbaines.tropical-solutions.com\/wp-content\/uploads\/2023\/06\/event-8-700x450.jpg\",\"datePublished\":\"2024-10-15T09:03:20+00:00\",\"dateModified\":\"2024-10-15T09:03:21+00:00\",\"breadcrumb\":{\"@id\":\"https:\/\/urbaines.tropical-solutions.com\/index.php\/projets-envisages\/#breadcrumb\"},\"inLanguage\":\"fr-FR\",\"potentialAction\":[{\"@type\":\"ReadAction\",\"target\":[\"https:\/\/urbaines.tropical-solutions.com\/index.php\/projets-envisages\/\"]}]},{\"@type\":\"ImageObject\",\"inLanguage\":\"fr-FR\",\"@id\":\"https:\/\/urbaines.tropical-solutions.com\/index.php\/projets-envisages\/#primaryimage\",\"url\":\"https:\/\/urbaines.tropical-solutions.com\/wp-content\/uploads\/2023\/06\/event-8.jpg\",\"contentUrl\":\"https:\/\/urbaines.tropical-solutions.com\/wp-content\/uploads\/2023\/06\/event-8.jpg\",\"width\":1170,\"height\":514},{\"@type\":\"BreadcrumbList\",\"@id\":\"https:\/\/urbaines.tropical-solutions.com\/index.php\/projets-envisages\/#breadcrumb\",\"itemListElement\":[{\"@type\":\"ListItem\",\"position\":1,\"name\":\"Accueil\",\"item\":\"https:\/\/urbaines.tropical-solutions.com\/\"},{\"@type\":\"ListItem\",\"position\":2,\"name\":\"Projets envisag\u00e9s\"}]},{\"@type\":\"WebSite\",\"@id\":\"https:\/\/urbaines.tropical-solutions.com\/#website\",\"url\":\"https:\/\/urbaines.tropical-solutions.com\/\",\"name\":\"Communaut\u00e9 urbaine de Garoua\",\"description\":\"\",\"potentialAction\":[{\"@type\":\"SearchAction\",\"target\":{\"@type\":\"EntryPoint\",\"urlTemplate\":\"https:\/\/urbaines.tropical-solutions.com\/?s={search_term_string}\"},\"query-input\":{\"@type\":\"PropertyValueSpecification\",\"valueRequired\":true,\"valueName\":\"search_term_string\"}}],\"inLanguage\":\"fr-FR\"}]}<\/script>\n<!-- \/ Yoast SEO plugin. -->","yoast_head_json":{"title":"Projets envisag\u00e9s - Communaut\u00e9 urbaine de Garoua","robots":{"index":"index","follow":"follow","max-snippet":"max-snippet:-1","max-image-preview":"max-image-preview:large","max-video-preview":"max-video-preview:-1"},"canonical":"https:\/\/urbaines.tropical-solutions.com\/index.php\/projets-envisages\/","og_locale":"fr_FR","og_type":"article","og_title":"Projets envisag\u00e9s - Communaut\u00e9 urbaine de Garoua","og_description":"18 Jun, 2025 Organizing City Contest 2025 7:00 am &#8211; 8:00 pm Timing Bangkok, Thailand Location 21 Jun, 2024 Events for the public in South East Asia 7:00 am &#8211; 8:00 pm Timing Bangkok, Thailand Location 22 Sep, 2023 Real Entrepreneurship Bootcamp in Gimont 9:00 am &#8211; 4:00 pm Timing 8 Street, San Marcos London, [&hellip;]","og_url":"https:\/\/urbaines.tropical-solutions.com\/index.php\/projets-envisages\/","og_site_name":"Communaut\u00e9 urbaine de Garoua","article_modified_time":"2024-10-15T09:03:21+00:00","og_image":[{"url":"https:\/\/urbaines.tropical-solutions.com\/wp-content\/uploads\/2023\/06\/event-8-700x450.jpg"}],"twitter_card":"summary_large_image","schema":{"@context":"https:\/\/schema.org","@graph":[{"@type":"WebPage","@id":"https:\/\/urbaines.tropical-solutions.com\/index.php\/projets-envisages\/","url":"https:\/\/urbaines.tropical-solutions.com\/index.php\/projets-envisages\/","name":"Projets envisag\u00e9s - Communaut\u00e9 urbaine de Garoua","isPartOf":{"@id":"https:\/\/urbaines.tropical-solutions.com\/#website"},"primaryImageOfPage":{"@id":"https:\/\/urbaines.tropical-solutions.com\/index.php\/projets-envisages\/#primaryimage"},"image":{"@id":"https:\/\/urbaines.tropical-solutions.com\/index.php\/projets-envisages\/#primaryimage"},"thumbnailUrl":"https:\/\/urbaines.tropical-solutions.com\/wp-content\/uploads\/2023\/06\/event-8-700x450.jpg","datePublished":"2024-10-15T09:03:20+00:00","dateModified":"2024-10-15T09:03:21+00:00","breadcrumb":{"@id":"https:\/\/urbaines.tropical-solutions.com\/index.php\/projets-envisages\/#breadcrumb"},"inLanguage":"fr-FR","potentialAction":[{"@type":"ReadAction","target":["https:\/\/urbaines.tropical-solutions.com\/index.php\/projets-envisages\/"]}]},{"@type":"ImageObject","inLanguage":"fr-FR","@id":"https:\/\/urbaines.tropical-solutions.com\/index.php\/projets-envisages\/#primaryimage","url":"https:\/\/urbaines.tropical-solutions.com\/wp-content\/uploads\/2023\/06\/event-8.jpg","contentUrl":"https:\/\/urbaines.tropical-solutions.com\/wp-content\/uploads\/2023\/06\/event-8.jpg","width":1170,"height":514},{"@type":"BreadcrumbList","@id":"https:\/\/urbaines.tropical-solutions.com\/index.php\/projets-envisages\/#breadcrumb","itemListElement":[{"@type":"ListItem","position":1,"name":"Accueil","item":"https:\/\/urbaines.tropical-solutions.com\/"},{"@type":"ListItem","position":2,"name":"Projets envisag\u00e9s"}]},{"@type":"WebSite","@id":"https:\/\/urbaines.tropical-solutions.com\/#website","url":"https:\/\/urbaines.tropical-solutions.com\/","name":"Communaut\u00e9 urbaine de Garoua","description":"","potentialAction":[{"@type":"SearchAction","target":{"@type":"EntryPoint","urlTemplate":"https:\/\/urbaines.tropical-solutions.com\/?s={search_term_string}"},"query-input":{"@type":"PropertyValueSpecification","valueRequired":true,"valueName":"search_term_string"}}],"inLanguage":"fr-FR"}]}},"_links":{"self":[{"href":"https:\/\/urbaines.tropical-solutions.com\/index.php\/wp-json\/wp\/v2\/pages\/19345","targetHints":{"allow":["GET"]}}],"collection":[{"href":"https:\/\/urbaines.tropical-solutions.com\/index.php\/wp-json\/wp\/v2\/pages"}],"about":[{"href":"https:\/\/urbaines.tropical-solutions.com\/index.php\/wp-json\/wp\/v2\/types\/page"}],"author":[{"embeddable":true,"href":"https:\/\/urbaines.tropical-solutions.com\/index.php\/wp-json\/wp\/v2\/users\/1"}],"replies":[{"embeddable":true,"href":"https:\/\/urbaines.tropical-solutions.com\/index.php\/wp-json\/wp\/v2\/comments?post=19345"}],"version-history":[{"count":1,"href":"https:\/\/urbaines.tropical-solutions.com\/index.php\/wp-json\/wp\/v2\/pages\/19345\/revisions"}],"predecessor-version":[{"id":19346,"href":"https:\/\/urbaines.tropical-solutions.com\/index.php\/wp-json\/wp\/v2\/pages\/19345\/revisions\/19346"}],"wp:attachment":[{"href":"https:\/\/urbaines.tropical-solutions.com\/index.php\/wp-json\/wp\/v2\/media?parent=19345"}],"curies":[{"name":"wp","href":"https:\/\/api.w.org\/{rel}","templated":true}]}}