{"id":19277,"date":"2024-10-14T18:57:07","date_gmt":"2024-10-14T18:57:07","guid":{"rendered":"https:\/\/urbaines.tropical-solutions.com\/?page_id=19277"},"modified":"2024-10-14T18:57:55","modified_gmt":"2024-10-14T18:57:55","slug":"espaces-loisirs","status":"publish","type":"page","link":"https:\/\/urbaines.tropical-solutions.com\/index.php\/espaces-loisirs\/","title":{"rendered":"Espaces loisirs"},"content":{"rendered":"\t\t<div data-elementor-type=\"wp-page\" data-elementor-id=\"19277\" class=\"elementor elementor-19277\">\n\t\t\t\t\t\t<section class=\"elementor-section elementor-top-section elementor-element elementor-element-6077b48 elementor-section-boxed elementor-section-height-default elementor-section-height-default\" data-id=\"6077b48\" data-element_type=\"section\">\n\t\t\t\t\t\t<div class=\"elementor-container elementor-column-gap-default\">\n\t\t\t\t\t<div class=\"elementor-column elementor-col-100 elementor-top-column elementor-element elementor-element-43da593\" data-id=\"43da593\" data-element_type=\"column\">\n\t\t\t<div class=\"elementor-widget-wrap elementor-element-populated\">\n\t\t\t\t\t\t<div class=\"elementor-element elementor-element-e0be5d9 elementor-widget elementor-widget-gimont_elementor_heading\" data-id=\"e0be5d9\" data-element_type=\"widget\" data-widget_type=\"gimont_elementor_heading.default\">\n\t\t\t\t<div class=\"elementor-widget-container\">\n\t\t\t\n\t\t\t<div class=\"ova-heading template_1\">\n\t\t\t\t\t\t\t\t\n\t\t\t\t\t\t\t\t\t\t\t\t\t\t\t<h2 class=\"title\">Espaces loisirs<\/h2>\n\t\t\t\t\t\t\t\t\t\t\n\t\t\t\t\t\t\t\t\n\t\t\t\t\n\t\t\t<\/div>\n\n\t\t\t\t<\/div>\n\t\t\t\t<\/div>\n\t\t\t\t<div class=\"elementor-element elementor-element-6a1ccfb elementor-widget elementor-widget-ova_por_grid_2\" data-id=\"6a1ccfb\" data-element_type=\"widget\" data-settings=\"{&quot;show_category&quot;:&quot;yes&quot;}\" data-widget_type=\"ova_por_grid_2.default\">\n\t\t\t\t<div class=\"elementor-widget-container\">\n\t\t\t\n<div class=\"portfolio-grid-2 three_columns\">\n\n\t\n\t\t<ul class=\"wrapper\">\n\t\t\t\t\t\t\t<li class=\"item\">\n\t\t\t\t\t<div class=\"item-wrap\">\n\t\t\t\t\t\t<img decoding=\"async\" src=\"https:\/\/urbaines.tropical-solutions.com\/wp-content\/uploads\/2024\/10\/AnyConv.com__Espace-loisirs-2.webp\" alt=\"AnyConv.com__Espace-loisirs-2\" class=\"img\">\n\t\t\t\t\t\t<div class=\"info\">\n\t\t\t\t\t\t\t<div class=\"info-wrap\">\n\t\t\t\t\t\t\t\t<div class=\"content\">\n\t\t\t\t\t\t\t\t\t\t\t\t\t\t\t\t\t\t\t<p class=\"categories\"><a href=\"https:\/\/urbaines.tropical-solutions.com\/index.php\/cat_por\/espace-loisirs\/\" title=\"Espaces loisirs yaound\u00e9\">Espace loisirs<\/a><\/p>\n\t\t\t\t\t\t\t\t\t\n\t\t\t\t\t\t\t\t\t\t\t\t\t\t\t\t\t\t\t\t\t\t\t\t\t\t\t\t\t<a href=\"https:\/\/urbaines.tropical-solutions.com\/index.php\/ova_por\/espaces-loisirs-yaounde\/\"\n\t\t\t\t\t\t\t\t\t\t\ttitle=\"Espaces loisirs yaound\u00e9\"\n\t\t\t\t\t\t\t\t\t\t>\n\t\t\t\t\t\t\t\t\t\t\t\t\t\t        \t\t\t\t\t<h3 class=\"title\">\n\t\t\t\t\t\t\t\t\t\t\t\tEspaces loisirs yaound\u00e9\t\t\t\t\t\t\t\t\t\t\t<\/h3>\n\t\t\t\t\t\t\t\t\t\t\t\t\t\t\t\t\t\t\t\t<\/a>\n\t\t\t\t\t\t\t\t\t\t\t\t\t\t\t\t\t\t\t\t\t\t\t\t\t\t\t<\/div>\n\n\t\t\t\t\t\t\t\t\t\t        \t\t\t\t\t\t\t        \t\t\t\t\t<a href=\"https:\/\/urbaines.tropical-solutions.com\/index.php\/ova_por\/espaces-loisirs-yaounde\/\" title=\"Espaces loisirs yaound\u00e9\">\t\n\t\t\t\t\t\t\t\t\t\t\t\t\t\t\t\t\t\t\t<div class=\"icon\">\n\t\t\t\t\t\t\t\t\t\t\t<i class=\"ovaicon-next\"><\/i>\n\t\t\t\t\t\t\t\t\t\t<\/div>\n\t\t\t\t\t\t\t\t\t\t\t\t\t\t\t\t\t\t<\/a>\n\t\t\t\t\t\t\t\t\t\t\t\t\t\t\t\t\t\t\t\t\t\t\t\t<\/div>\n\t\t\t\t\t\t<\/div>\n\t\t\t\t\t<\/div>\n\t\t\t\t<\/li>\n\t\t\t\t\t\t\t<li class=\"item\">\n\t\t\t\t\t<div class=\"item-wrap\">\n\t\t\t\t\t\t<img decoding=\"async\" src=\"https:\/\/urbaines.tropical-solutions.com\/wp-content\/uploads\/2024\/10\/AnyConv.com__Parc1.webp\" alt=\"AnyConv.com__Parc1\" class=\"img\">\n\t\t\t\t\t\t<div class=\"info\">\n\t\t\t\t\t\t\t<div class=\"info-wrap\">\n\t\t\t\t\t\t\t\t<div class=\"content\">\n\t\t\t\t\t\t\t\t\t\t\t\t\t\t\t\t\t\t\t<p class=\"categories\"><a href=\"https:\/\/urbaines.tropical-solutions.com\/index.php\/cat_por\/espace-loisirs\/\" title=\"Douala : inauguration de plusieurs parcs de loisirs \u2013 NDENGUE\">Espace loisirs<\/a><\/p>\n\t\t\t\t\t\t\t\t\t\n\t\t\t\t\t\t\t\t\t\t\t\t\t\t\t\t\t\t\t\t\t\t\t\t\t\t\t\t\t<a href=\"https:\/\/urbaines.tropical-solutions.com\/index.php\/ova_por\/douala-inauguration-de-plusieurs-parcs-de-loisirs-ndengue\/\"\n\t\t\t\t\t\t\t\t\t\t\ttitle=\"Douala : inauguration de plusieurs parcs de loisirs \u2013 NDENGUE\"\n\t\t\t\t\t\t\t\t\t\t>\n\t\t\t\t\t\t\t\t\t\t\t\t\t\t        \t\t\t\t\t<h3 class=\"title\">\n\t\t\t\t\t\t\t\t\t\t\t\tDouala : inauguration de plusieurs parcs de loisirs \u2013 NDENGUE\t\t\t\t\t\t\t\t\t\t\t<\/h3>\n\t\t\t\t\t\t\t\t\t\t\t\t\t\t\t\t\t\t\t\t<\/a>\n\t\t\t\t\t\t\t\t\t\t\t\t\t\t\t\t\t\t\t\t\t\t\t\t\t\t\t<\/div>\n\n\t\t\t\t\t\t\t\t\t\t        \t\t\t\t\t\t\t        \t\t\t\t\t<a href=\"https:\/\/urbaines.tropical-solutions.com\/index.php\/ova_por\/douala-inauguration-de-plusieurs-parcs-de-loisirs-ndengue\/\" title=\"Douala : inauguration de plusieurs parcs de loisirs \u2013 NDENGUE\">\t\n\t\t\t\t\t\t\t\t\t\t\t\t\t\t\t\t\t\t\t<div class=\"icon\">\n\t\t\t\t\t\t\t\t\t\t\t<i class=\"ovaicon-next\"><\/i>\n\t\t\t\t\t\t\t\t\t\t<\/div>\n\t\t\t\t\t\t\t\t\t\t\t\t\t\t\t\t\t\t<\/a>\n\t\t\t\t\t\t\t\t\t\t\t\t\t\t\t\t\t\t\t\t\t\t\t\t<\/div>\n\t\t\t\t\t\t<\/div>\n\t\t\t\t\t<\/div>\n\t\t\t\t<\/li>\n\t\t\t\t\t\t\t<li class=\"item\">\n\t\t\t\t\t<div class=\"item-wrap\">\n\t\t\t\t\t\t<img decoding=\"async\" src=\"https:\/\/urbaines.tropical-solutions.com\/wp-content\/uploads\/2024\/10\/AnyConv.com__Espace-loisirs1.webp\" alt=\"AnyConv.com__Espace loisirs1\" class=\"img\">\n\t\t\t\t\t\t<div class=\"info\">\n\t\t\t\t\t\t\t<div class=\"info-wrap\">\n\t\t\t\t\t\t\t\t<div class=\"content\">\n\t\t\t\t\t\t\t\t\t\t\t\t\t\t\t\t\t\t\t<p class=\"categories\"><a href=\"https:\/\/urbaines.tropical-solutions.com\/index.php\/cat_por\/espace-loisirs\/\" title=\"Games Arena, la fabrique des architectes\">Espace loisirs<\/a><\/p>\n\t\t\t\t\t\t\t\t\t\n\t\t\t\t\t\t\t\t\t\t\t\t\t\t\t\t\t\t\t\t\t\t\t\t\t\t\t\t\t<a href=\"https:\/\/urbaines.tropical-solutions.com\/index.php\/ova_por\/games-arena-la-fabrique-des-architectes\/\"\n\t\t\t\t\t\t\t\t\t\t\ttitle=\"Games Arena, la fabrique des architectes\"\n\t\t\t\t\t\t\t\t\t\t>\n\t\t\t\t\t\t\t\t\t\t\t\t\t\t        \t\t\t\t\t<h3 class=\"title\">\n\t\t\t\t\t\t\t\t\t\t\t\tGames Arena, la fabrique des architectes\t\t\t\t\t\t\t\t\t\t\t<\/h3>\n\t\t\t\t\t\t\t\t\t\t\t\t\t\t\t\t\t\t\t\t<\/a>\n\t\t\t\t\t\t\t\t\t\t\t\t\t\t\t\t\t\t\t\t\t\t\t\t\t\t\t<\/div>\n\n\t\t\t\t\t\t\t\t\t\t        \t\t\t\t\t\t\t        \t\t\t\t\t<a href=\"https:\/\/urbaines.tropical-solutions.com\/index.php\/ova_por\/games-arena-la-fabrique-des-architectes\/\" title=\"Games Arena, la fabrique des architectes\">\t\n\t\t\t\t\t\t\t\t\t\t\t\t\t\t\t\t\t\t\t<div class=\"icon\">\n\t\t\t\t\t\t\t\t\t\t\t<i class=\"ovaicon-next\"><\/i>\n\t\t\t\t\t\t\t\t\t\t<\/div>\n\t\t\t\t\t\t\t\t\t\t\t\t\t\t\t\t\t\t<\/a>\n\t\t\t\t\t\t\t\t\t\t\t\t\t\t\t\t\t\t\t\t\t\t\t\t<\/div>\n\t\t\t\t\t\t<\/div>\n\t\t\t\t\t<\/div>\n\t\t\t\t<\/li>\n\t\t\t\t\t\t\t<li class=\"item\">\n\t\t\t\t\t<div class=\"item-wrap\">\n\t\t\t\t\t\t<img decoding=\"async\" src=\"https:\/\/urbaines.tropical-solutions.com\/wp-content\/uploads\/2024\/10\/AnyConv.com__Espace-loisirs.webp\" alt=\"AnyConv.com__Espace-loisirs\" class=\"img\">\n\t\t\t\t\t\t<div class=\"info\">\n\t\t\t\t\t\t\t<div class=\"info-wrap\">\n\t\t\t\t\t\t\t\t<div class=\"content\">\n\t\t\t\t\t\t\t\t\t\t\t\t\t\t\t\t\t\t\t<p class=\"categories\"><a href=\"https:\/\/urbaines.tropical-solutions.com\/index.php\/cat_por\/espace-loisirs\/\" title=\"Id\u00e9es d&rsquo;activit\u00e9s \u00e0 faire \u00e0 Douala pour les enfants\">Espace loisirs<\/a><\/p>\n\t\t\t\t\t\t\t\t\t\n\t\t\t\t\t\t\t\t\t\t\t\t\t\t\t\t\t\t\t\t\t\t\t\t\t\t\t\t\t<a href=\"https:\/\/urbaines.tropical-solutions.com\/index.php\/ova_por\/idees-dactivites-a-faire-a-douala-pour-les-enfants\/\"\n\t\t\t\t\t\t\t\t\t\t\ttitle=\"Id\u00e9es d&rsquo;activit\u00e9s \u00e0 faire \u00e0 Douala pour les enfants\"\n\t\t\t\t\t\t\t\t\t\t>\n\t\t\t\t\t\t\t\t\t\t\t\t\t\t        \t\t\t\t\t<h3 class=\"title\">\n\t\t\t\t\t\t\t\t\t\t\t\tId\u00e9es d&rsquo;activit\u00e9s \u00e0 faire \u00e0 Douala pour les enfants\t\t\t\t\t\t\t\t\t\t\t<\/h3>\n\t\t\t\t\t\t\t\t\t\t\t\t\t\t\t\t\t\t\t\t<\/a>\n\t\t\t\t\t\t\t\t\t\t\t\t\t\t\t\t\t\t\t\t\t\t\t\t\t\t\t<\/div>\n\n\t\t\t\t\t\t\t\t\t\t        \t\t\t\t\t\t\t        \t\t\t\t\t<a href=\"https:\/\/urbaines.tropical-solutions.com\/index.php\/ova_por\/idees-dactivites-a-faire-a-douala-pour-les-enfants\/\" title=\"Id\u00e9es d&rsquo;activit\u00e9s \u00e0 faire \u00e0 Douala pour les enfants\">\t\n\t\t\t\t\t\t\t\t\t\t\t\t\t\t\t\t\t\t\t<div class=\"icon\">\n\t\t\t\t\t\t\t\t\t\t\t<i class=\"ovaicon-next\"><\/i>\n\t\t\t\t\t\t\t\t\t\t<\/div>\n\t\t\t\t\t\t\t\t\t\t\t\t\t\t\t\t\t\t<\/a>\n\t\t\t\t\t\t\t\t\t\t\t\t\t\t\t\t\t\t\t\t\t\t\t\t<\/div>\n\t\t\t\t\t\t<\/div>\n\t\t\t\t\t<\/div>\n\t\t\t\t<\/li>\n\t\t\t\t\t<\/ul>\n\n\t\n<\/div>\t\t<\/div>\n\t\t\t\t<\/div>\n\t\t\t\t\t<\/div>\n\t\t<\/div>\n\t\t\t\t\t<\/div>\n\t\t<\/section>\n\t\t\t\t<\/div>\n\t\t","protected":false},"excerpt":{"rendered":"<p>Espaces loisirs Espace loisirs Espaces loisirs yaound\u00e9 Espace loisirs Douala : inauguration de plusieurs parcs de loisirs \u2013 NDENGUE Espace loisirs Games Arena, la fabrique des architectes Espace loisirs Id\u00e9es d&rsquo;activit\u00e9s \u00e0 faire \u00e0 Douala pour les enfants Culture, Espace loisirs Mus\u00e9e Royal de Foumban<\/p>\n","protected":false},"author":1,"featured_media":0,"parent":0,"menu_order":0,"comment_status":"closed","ping_status":"closed","template":"elementor_header_footer","meta":{"_monsterinsights_skip_tracking":false,"_monsterinsights_sitenote_active":false,"_monsterinsights_sitenote_note":"","_monsterinsights_sitenote_category":0,"footnotes":""},"class_list":["post-19277","page","type-page","status-publish","hentry"],"yoast_head":"<!-- This site is optimized with the Yoast SEO plugin v23.8 - https:\/\/yoast.com\/wordpress\/plugins\/seo\/ -->\n<title>Espaces loisirs - Communaut\u00e9 urbaine de Garoua<\/title>\n<meta name=\"robots\" content=\"index, follow, max-snippet:-1, max-image-preview:large, max-video-preview:-1\" \/>\n<link rel=\"canonical\" href=\"https:\/\/urbaines.tropical-solutions.com\/index.php\/espaces-loisirs\/\" \/>\n<meta property=\"og:locale\" content=\"fr_FR\" \/>\n<meta property=\"og:type\" content=\"article\" \/>\n<meta property=\"og:title\" content=\"Espaces loisirs - Communaut\u00e9 urbaine de Garoua\" \/>\n<meta property=\"og:description\" content=\"Espaces loisirs Espace loisirs Espaces loisirs yaound\u00e9 Espace loisirs Douala : inauguration de plusieurs parcs de loisirs \u2013 NDENGUE Espace loisirs Games Arena, la fabrique des architectes Espace loisirs Id\u00e9es d&rsquo;activit\u00e9s \u00e0 faire \u00e0 Douala pour les enfants Culture, Espace loisirs Mus\u00e9e Royal de Foumban\" \/>\n<meta property=\"og:url\" content=\"https:\/\/urbaines.tropical-solutions.com\/index.php\/espaces-loisirs\/\" \/>\n<meta property=\"og:site_name\" content=\"Communaut\u00e9 urbaine de Garoua\" \/>\n<meta property=\"article:modified_time\" content=\"2024-10-14T18:57:55+00:00\" \/>\n<meta property=\"og:image\" content=\"https:\/\/urbaines.tropical-solutions.com\/wp-content\/uploads\/2024\/10\/AnyConv.com__Espace-loisirs-2.webp\" \/>\n<meta name=\"twitter:card\" content=\"summary_large_image\" \/>\n<meta name=\"twitter:label1\" content=\"Dur\u00e9e de lecture estim\u00e9e\" \/>\n\t<meta name=\"twitter:data1\" content=\"3 minutes\" \/>\n<script type=\"application\/ld+json\" class=\"yoast-schema-graph\">{\"@context\":\"https:\/\/schema.org\",\"@graph\":[{\"@type\":\"WebPage\",\"@id\":\"https:\/\/urbaines.tropical-solutions.com\/index.php\/espaces-loisirs\/\",\"url\":\"https:\/\/urbaines.tropical-solutions.com\/index.php\/espaces-loisirs\/\",\"name\":\"Espaces loisirs - Communaut\u00e9 urbaine de Garoua\",\"isPartOf\":{\"@id\":\"https:\/\/urbaines.tropical-solutions.com\/#website\"},\"primaryImageOfPage\":{\"@id\":\"https:\/\/urbaines.tropical-solutions.com\/index.php\/espaces-loisirs\/#primaryimage\"},\"image\":{\"@id\":\"https:\/\/urbaines.tropical-solutions.com\/index.php\/espaces-loisirs\/#primaryimage\"},\"thumbnailUrl\":\"https:\/\/urbaines.tropical-solutions.com\/wp-content\/uploads\/2024\/10\/AnyConv.com__Espace-loisirs-2.webp\",\"datePublished\":\"2024-10-14T18:57:07+00:00\",\"dateModified\":\"2024-10-14T18:57:55+00:00\",\"breadcrumb\":{\"@id\":\"https:\/\/urbaines.tropical-solutions.com\/index.php\/espaces-loisirs\/#breadcrumb\"},\"inLanguage\":\"fr-FR\",\"potentialAction\":[{\"@type\":\"ReadAction\",\"target\":[\"https:\/\/urbaines.tropical-solutions.com\/index.php\/espaces-loisirs\/\"]}]},{\"@type\":\"ImageObject\",\"inLanguage\":\"fr-FR\",\"@id\":\"https:\/\/urbaines.tropical-solutions.com\/index.php\/espaces-loisirs\/#primaryimage\",\"url\":\"https:\/\/urbaines.tropical-solutions.com\/wp-content\/uploads\/2024\/10\/AnyConv.com__Espace-loisirs-2.webp\",\"contentUrl\":\"https:\/\/urbaines.tropical-solutions.com\/wp-content\/uploads\/2024\/10\/AnyConv.com__Espace-loisirs-2.webp\",\"width\":800,\"height\":600},{\"@type\":\"BreadcrumbList\",\"@id\":\"https:\/\/urbaines.tropical-solutions.com\/index.php\/espaces-loisirs\/#breadcrumb\",\"itemListElement\":[{\"@type\":\"ListItem\",\"position\":1,\"name\":\"Accueil\",\"item\":\"https:\/\/urbaines.tropical-solutions.com\/\"},{\"@type\":\"ListItem\",\"position\":2,\"name\":\"Espaces loisirs\"}]},{\"@type\":\"WebSite\",\"@id\":\"https:\/\/urbaines.tropical-solutions.com\/#website\",\"url\":\"https:\/\/urbaines.tropical-solutions.com\/\",\"name\":\"Communaut\u00e9 urbaine de Garoua\",\"description\":\"\",\"potentialAction\":[{\"@type\":\"SearchAction\",\"target\":{\"@type\":\"EntryPoint\",\"urlTemplate\":\"https:\/\/urbaines.tropical-solutions.com\/?s={search_term_string}\"},\"query-input\":{\"@type\":\"PropertyValueSpecification\",\"valueRequired\":true,\"valueName\":\"search_term_string\"}}],\"inLanguage\":\"fr-FR\"}]}<\/script>\n<!-- \/ Yoast SEO plugin. -->","yoast_head_json":{"title":"Espaces loisirs - Communaut\u00e9 urbaine de Garoua","robots":{"index":"index","follow":"follow","max-snippet":"max-snippet:-1","max-image-preview":"max-image-preview:large","max-video-preview":"max-video-preview:-1"},"canonical":"https:\/\/urbaines.tropical-solutions.com\/index.php\/espaces-loisirs\/","og_locale":"fr_FR","og_type":"article","og_title":"Espaces loisirs - Communaut\u00e9 urbaine de Garoua","og_description":"Espaces loisirs Espace loisirs Espaces loisirs yaound\u00e9 Espace loisirs Douala : inauguration de plusieurs parcs de loisirs \u2013 NDENGUE Espace loisirs Games Arena, la fabrique des architectes Espace loisirs Id\u00e9es d&rsquo;activit\u00e9s \u00e0 faire \u00e0 Douala pour les enfants Culture, Espace loisirs Mus\u00e9e Royal de Foumban","og_url":"https:\/\/urbaines.tropical-solutions.com\/index.php\/espaces-loisirs\/","og_site_name":"Communaut\u00e9 urbaine de Garoua","article_modified_time":"2024-10-14T18:57:55+00:00","og_image":[{"url":"https:\/\/urbaines.tropical-solutions.com\/wp-content\/uploads\/2024\/10\/AnyConv.com__Espace-loisirs-2.webp"}],"twitter_card":"summary_large_image","twitter_misc":{"Dur\u00e9e de lecture estim\u00e9e":"3 minutes"},"schema":{"@context":"https:\/\/schema.org","@graph":[{"@type":"WebPage","@id":"https:\/\/urbaines.tropical-solutions.com\/index.php\/espaces-loisirs\/","url":"https:\/\/urbaines.tropical-solutions.com\/index.php\/espaces-loisirs\/","name":"Espaces loisirs - Communaut\u00e9 urbaine de Garoua","isPartOf":{"@id":"https:\/\/urbaines.tropical-solutions.com\/#website"},"primaryImageOfPage":{"@id":"https:\/\/urbaines.tropical-solutions.com\/index.php\/espaces-loisirs\/#primaryimage"},"image":{"@id":"https:\/\/urbaines.tropical-solutions.com\/index.php\/espaces-loisirs\/#primaryimage"},"thumbnailUrl":"https:\/\/urbaines.tropical-solutions.com\/wp-content\/uploads\/2024\/10\/AnyConv.com__Espace-loisirs-2.webp","datePublished":"2024-10-14T18:57:07+00:00","dateModified":"2024-10-14T18:57:55+00:00","breadcrumb":{"@id":"https:\/\/urbaines.tropical-solutions.com\/index.php\/espaces-loisirs\/#breadcrumb"},"inLanguage":"fr-FR","potentialAction":[{"@type":"ReadAction","target":["https:\/\/urbaines.tropical-solutions.com\/index.php\/espaces-loisirs\/"]}]},{"@type":"ImageObject","inLanguage":"fr-FR","@id":"https:\/\/urbaines.tropical-solutions.com\/index.php\/espaces-loisirs\/#primaryimage","url":"https:\/\/urbaines.tropical-solutions.com\/wp-content\/uploads\/2024\/10\/AnyConv.com__Espace-loisirs-2.webp","contentUrl":"https:\/\/urbaines.tropical-solutions.com\/wp-content\/uploads\/2024\/10\/AnyConv.com__Espace-loisirs-2.webp","width":800,"height":600},{"@type":"BreadcrumbList","@id":"https:\/\/urbaines.tropical-solutions.com\/index.php\/espaces-loisirs\/#breadcrumb","itemListElement":[{"@type":"ListItem","position":1,"name":"Accueil","item":"https:\/\/urbaines.tropical-solutions.com\/"},{"@type":"ListItem","position":2,"name":"Espaces loisirs"}]},{"@type":"WebSite","@id":"https:\/\/urbaines.tropical-solutions.com\/#website","url":"https:\/\/urbaines.tropical-solutions.com\/","name":"Communaut\u00e9 urbaine de Garoua","description":"","potentialAction":[{"@type":"SearchAction","target":{"@type":"EntryPoint","urlTemplate":"https:\/\/urbaines.tropical-solutions.com\/?s={search_term_string}"},"query-input":{"@type":"PropertyValueSpecification","valueRequired":true,"valueName":"search_term_string"}}],"inLanguage":"fr-FR"}]}},"_links":{"self":[{"href":"https:\/\/urbaines.tropical-solutions.com\/index.php\/wp-json\/wp\/v2\/pages\/19277","targetHints":{"allow":["GET"]}}],"collection":[{"href":"https:\/\/urbaines.tropical-solutions.com\/index.php\/wp-json\/wp\/v2\/pages"}],"about":[{"href":"https:\/\/urbaines.tropical-solutions.com\/index.php\/wp-json\/wp\/v2\/types\/page"}],"author":[{"embeddable":true,"href":"https:\/\/urbaines.tropical-solutions.com\/index.php\/wp-json\/wp\/v2\/users\/1"}],"replies":[{"embeddable":true,"href":"https:\/\/urbaines.tropical-solutions.com\/index.php\/wp-json\/wp\/v2\/comments?post=19277"}],"version-history":[{"count":4,"href":"https:\/\/urbaines.tropical-solutions.com\/index.php\/wp-json\/wp\/v2\/pages\/19277\/revisions"}],"predecessor-version":[{"id":19281,"href":"https:\/\/urbaines.tropical-solutions.com\/index.php\/wp-json\/wp\/v2\/pages\/19277\/revisions\/19281"}],"wp:attachment":[{"href":"https:\/\/urbaines.tropical-solutions.com\/index.php\/wp-json\/wp\/v2\/media?parent=19277"}],"curies":[{"name":"wp","href":"https:\/\/api.w.org\/{rel}","templated":true}]}}