{"id":19187,"date":"2024-11-04T23:05:23","date_gmt":"2024-11-04T23:05:23","guid":{"rendered":"https:\/\/urbaines.tropical-solutions.com\/?page_id=19187"},"modified":"2024-11-04T23:09:13","modified_gmt":"2024-11-04T23:09:13","slug":"organigramme-de-la-cuy","status":"publish","type":"page","link":"https:\/\/urbaines.tropical-solutions.com\/index.php\/organigramme-de-la-cuy\/","title":{"rendered":"Organigramme de la CUY"},"content":{"rendered":"\t\t<div data-elementor-type=\"wp-page\" data-elementor-id=\"19187\" class=\"elementor elementor-19187\">\n\t\t\t\t\t\t<section class=\"elementor-section elementor-top-section elementor-element elementor-element-8d06662 elementor-section-boxed elementor-section-height-default elementor-section-height-default\" data-id=\"8d06662\" data-element_type=\"section\">\n\t\t\t\t\t\t<div class=\"elementor-container elementor-column-gap-default\">\n\t\t\t\t\t<div class=\"elementor-column elementor-col-100 elementor-top-column elementor-element elementor-element-1fcf2d0\" data-id=\"1fcf2d0\" data-element_type=\"column\">\n\t\t\t<div class=\"elementor-widget-wrap elementor-element-populated\">\n\t\t\t\t\t\t<div class=\"elementor-element elementor-element-39c7a12 elementor-widget elementor-widget-gimont_elementor_heading\" data-id=\"39c7a12\" data-element_type=\"widget\" data-widget_type=\"gimont_elementor_heading.default\">\n\t\t\t\t<div class=\"elementor-widget-container\">\n\t\t\t\n\t\t\t<div class=\"ova-heading template_1\">\n\t\t\t\t\t\t\t\t\n\t\t\t\t\t\t\t\t\t\t\t\t\t\t\t<h2 class=\"title\">Organigramme de la CUY<\/h2>\n\t\t\t\t\t\t\t\t\t\t\n\t\t\t\t\t\t\t\t\n\t\t\t\t\t\t\t\t\t<p class=\"desc\">Vu la d\u00e9lib\u00e9ration n\u00b011\/CUY du 06 ao\u00fbt 2021 approuvant la modification de l\u2019arr\u00eat\u00e9 municipal n\u00b033\/AM\/CUY\/CAB du 23 septembre 2020 portant organisation des services de la Communaut\u00e9 Urbaine de Yaound\u00e9;<\/p>\n\t\t\t\t\n\t\t\t<\/div>\n\n\t\t\t\t<\/div>\n\t\t\t\t<\/div>\n\t\t\t\t\t<\/div>\n\t\t<\/div>\n\t\t\t\t\t<\/div>\n\t\t<\/section>\n\t\t<div class=\"elementor-element elementor-element-68ffeb8 e-flex e-con-boxed e-con e-parent\" data-id=\"68ffeb8\" data-element_type=\"container\">\n\t\t\t\t\t<div class=\"e-con-inner\">\n\t\t\t\t<div class=\"elementor-element elementor-element-fead7f8 elementor-widget elementor-widget-image\" data-id=\"fead7f8\" data-element_type=\"widget\" data-widget_type=\"image.default\">\n\t\t\t\t<div class=\"elementor-widget-container\">\n\t\t\t\t\t\t\t\t\t\t\t\t\t<img fetchpriority=\"high\" decoding=\"async\" width=\"1024\" height=\"776\" src=\"https:\/\/urbaines.tropical-solutions.com\/wp-content\/uploads\/2024\/11\/AnyConv.com__Organigramme-CUY-1536x1164-1-1024x776-1.webp\" class=\"attachment-full size-full wp-image-19540\" alt=\"\" srcset=\"https:\/\/urbaines.tropical-solutions.com\/wp-content\/uploads\/2024\/11\/AnyConv.com__Organigramme-CUY-1536x1164-1-1024x776-1.webp 1024w, https:\/\/urbaines.tropical-solutions.com\/wp-content\/uploads\/2024\/11\/AnyConv.com__Organigramme-CUY-1536x1164-1-1024x776-1-300x227.webp 300w, https:\/\/urbaines.tropical-solutions.com\/wp-content\/uploads\/2024\/11\/AnyConv.com__Organigramme-CUY-1536x1164-1-1024x776-1-768x582.webp 768w, https:\/\/urbaines.tropical-solutions.com\/wp-content\/uploads\/2024\/11\/AnyConv.com__Organigramme-CUY-1536x1164-1-1024x776-1-600x455.webp 600w\" sizes=\"(max-width: 1024px) 100vw, 1024px\" \/>\t\t\t\t\t\t\t\t\t\t\t\t\t<\/div>\n\t\t\t\t<\/div>\n\t\t\t\t\t<\/div>\n\t\t\t\t<\/div>\n\t\t\t\t<\/div>\n\t\t","protected":false},"excerpt":{"rendered":"<p>Organigramme de la CUY Vu la d\u00e9lib\u00e9ration n\u00b011\/CUY du 06 ao\u00fbt 2021 approuvant la modification de l\u2019arr\u00eat\u00e9 municipal n\u00b033\/AM\/CUY\/CAB du 23 septembre 2020 portant organisation des services de la Communaut\u00e9 Urbaine de Yaound\u00e9;<\/p>\n","protected":false},"author":1,"featured_media":0,"parent":0,"menu_order":0,"comment_status":"closed","ping_status":"closed","template":"elementor_header_footer","meta":{"_monsterinsights_skip_tracking":false,"_monsterinsights_sitenote_active":false,"_monsterinsights_sitenote_note":"","_monsterinsights_sitenote_category":0,"footnotes":""},"class_list":["post-19187","page","type-page","status-publish","hentry"],"yoast_head":"<!-- This site is optimized with the Yoast SEO plugin v23.8 - https:\/\/yoast.com\/wordpress\/plugins\/seo\/ -->\n<title>Organigramme de la CUY - Communaut\u00e9 urbaine de Garoua<\/title>\n<meta name=\"robots\" content=\"index, follow, max-snippet:-1, max-image-preview:large, max-video-preview:-1\" \/>\n<link rel=\"canonical\" href=\"https:\/\/urbaines.tropical-solutions.com\/index.php\/organigramme-de-la-cuy\/\" \/>\n<meta property=\"og:locale\" content=\"fr_FR\" \/>\n<meta property=\"og:type\" content=\"article\" \/>\n<meta property=\"og:title\" content=\"Organigramme de la CUY - Communaut\u00e9 urbaine de Garoua\" \/>\n<meta property=\"og:description\" content=\"Organigramme de la CUY Vu la d\u00e9lib\u00e9ration n\u00b011\/CUY du 06 ao\u00fbt 2021 approuvant la modification de l\u2019arr\u00eat\u00e9 municipal n\u00b033\/AM\/CUY\/CAB du 23 septembre 2020 portant organisation des services de la Communaut\u00e9 Urbaine de Yaound\u00e9;\" \/>\n<meta property=\"og:url\" content=\"https:\/\/urbaines.tropical-solutions.com\/index.php\/organigramme-de-la-cuy\/\" \/>\n<meta property=\"og:site_name\" content=\"Communaut\u00e9 urbaine de Garoua\" \/>\n<meta property=\"article:modified_time\" content=\"2024-11-04T23:09:13+00:00\" \/>\n<meta property=\"og:image\" content=\"https:\/\/urbaines.tropical-solutions.com\/wp-content\/uploads\/2024\/11\/AnyConv.com__Organigramme-CUY-1536x1164-1-1024x776-1.webp\" \/>\n\t<meta property=\"og:image:width\" content=\"1024\" \/>\n\t<meta property=\"og:image:height\" content=\"776\" \/>\n\t<meta property=\"og:image:type\" content=\"image\/webp\" \/>\n<meta name=\"twitter:card\" content=\"summary_large_image\" \/>\n<script type=\"application\/ld+json\" class=\"yoast-schema-graph\">{\"@context\":\"https:\/\/schema.org\",\"@graph\":[{\"@type\":\"WebPage\",\"@id\":\"https:\/\/urbaines.tropical-solutions.com\/index.php\/organigramme-de-la-cuy\/\",\"url\":\"https:\/\/urbaines.tropical-solutions.com\/index.php\/organigramme-de-la-cuy\/\",\"name\":\"Organigramme de la CUY - Communaut\u00e9 urbaine de Garoua\",\"isPartOf\":{\"@id\":\"https:\/\/urbaines.tropical-solutions.com\/#website\"},\"primaryImageOfPage\":{\"@id\":\"https:\/\/urbaines.tropical-solutions.com\/index.php\/organigramme-de-la-cuy\/#primaryimage\"},\"image\":{\"@id\":\"https:\/\/urbaines.tropical-solutions.com\/index.php\/organigramme-de-la-cuy\/#primaryimage\"},\"thumbnailUrl\":\"https:\/\/urbaines.tropical-solutions.com\/wp-content\/uploads\/2024\/11\/AnyConv.com__Organigramme-CUY-1536x1164-1-1024x776-1.webp\",\"datePublished\":\"2024-11-04T23:05:23+00:00\",\"dateModified\":\"2024-11-04T23:09:13+00:00\",\"breadcrumb\":{\"@id\":\"https:\/\/urbaines.tropical-solutions.com\/index.php\/organigramme-de-la-cuy\/#breadcrumb\"},\"inLanguage\":\"fr-FR\",\"potentialAction\":[{\"@type\":\"ReadAction\",\"target\":[\"https:\/\/urbaines.tropical-solutions.com\/index.php\/organigramme-de-la-cuy\/\"]}]},{\"@type\":\"ImageObject\",\"inLanguage\":\"fr-FR\",\"@id\":\"https:\/\/urbaines.tropical-solutions.com\/index.php\/organigramme-de-la-cuy\/#primaryimage\",\"url\":\"https:\/\/urbaines.tropical-solutions.com\/wp-content\/uploads\/2024\/11\/AnyConv.com__Organigramme-CUY-1536x1164-1-1024x776-1.webp\",\"contentUrl\":\"https:\/\/urbaines.tropical-solutions.com\/wp-content\/uploads\/2024\/11\/AnyConv.com__Organigramme-CUY-1536x1164-1-1024x776-1.webp\",\"width\":1024,\"height\":776},{\"@type\":\"BreadcrumbList\",\"@id\":\"https:\/\/urbaines.tropical-solutions.com\/index.php\/organigramme-de-la-cuy\/#breadcrumb\",\"itemListElement\":[{\"@type\":\"ListItem\",\"position\":1,\"name\":\"Accueil\",\"item\":\"https:\/\/urbaines.tropical-solutions.com\/\"},{\"@type\":\"ListItem\",\"position\":2,\"name\":\"Organigramme de la CUY\"}]},{\"@type\":\"WebSite\",\"@id\":\"https:\/\/urbaines.tropical-solutions.com\/#website\",\"url\":\"https:\/\/urbaines.tropical-solutions.com\/\",\"name\":\"Communaut\u00e9 urbaine de Garoua\",\"description\":\"\",\"potentialAction\":[{\"@type\":\"SearchAction\",\"target\":{\"@type\":\"EntryPoint\",\"urlTemplate\":\"https:\/\/urbaines.tropical-solutions.com\/?s={search_term_string}\"},\"query-input\":{\"@type\":\"PropertyValueSpecification\",\"valueRequired\":true,\"valueName\":\"search_term_string\"}}],\"inLanguage\":\"fr-FR\"}]}<\/script>\n<!-- \/ Yoast SEO plugin. -->","yoast_head_json":{"title":"Organigramme de la CUY - Communaut\u00e9 urbaine de Garoua","robots":{"index":"index","follow":"follow","max-snippet":"max-snippet:-1","max-image-preview":"max-image-preview:large","max-video-preview":"max-video-preview:-1"},"canonical":"https:\/\/urbaines.tropical-solutions.com\/index.php\/organigramme-de-la-cuy\/","og_locale":"fr_FR","og_type":"article","og_title":"Organigramme de la CUY - Communaut\u00e9 urbaine de Garoua","og_description":"Organigramme de la CUY Vu la d\u00e9lib\u00e9ration n\u00b011\/CUY du 06 ao\u00fbt 2021 approuvant la modification de l\u2019arr\u00eat\u00e9 municipal n\u00b033\/AM\/CUY\/CAB du 23 septembre 2020 portant organisation des services de la Communaut\u00e9 Urbaine de Yaound\u00e9;","og_url":"https:\/\/urbaines.tropical-solutions.com\/index.php\/organigramme-de-la-cuy\/","og_site_name":"Communaut\u00e9 urbaine de Garoua","article_modified_time":"2024-11-04T23:09:13+00:00","og_image":[{"width":1024,"height":776,"url":"https:\/\/urbaines.tropical-solutions.com\/wp-content\/uploads\/2024\/11\/AnyConv.com__Organigramme-CUY-1536x1164-1-1024x776-1.webp","type":"image\/webp"}],"twitter_card":"summary_large_image","schema":{"@context":"https:\/\/schema.org","@graph":[{"@type":"WebPage","@id":"https:\/\/urbaines.tropical-solutions.com\/index.php\/organigramme-de-la-cuy\/","url":"https:\/\/urbaines.tropical-solutions.com\/index.php\/organigramme-de-la-cuy\/","name":"Organigramme de la CUY - Communaut\u00e9 urbaine de Garoua","isPartOf":{"@id":"https:\/\/urbaines.tropical-solutions.com\/#website"},"primaryImageOfPage":{"@id":"https:\/\/urbaines.tropical-solutions.com\/index.php\/organigramme-de-la-cuy\/#primaryimage"},"image":{"@id":"https:\/\/urbaines.tropical-solutions.com\/index.php\/organigramme-de-la-cuy\/#primaryimage"},"thumbnailUrl":"https:\/\/urbaines.tropical-solutions.com\/wp-content\/uploads\/2024\/11\/AnyConv.com__Organigramme-CUY-1536x1164-1-1024x776-1.webp","datePublished":"2024-11-04T23:05:23+00:00","dateModified":"2024-11-04T23:09:13+00:00","breadcrumb":{"@id":"https:\/\/urbaines.tropical-solutions.com\/index.php\/organigramme-de-la-cuy\/#breadcrumb"},"inLanguage":"fr-FR","potentialAction":[{"@type":"ReadAction","target":["https:\/\/urbaines.tropical-solutions.com\/index.php\/organigramme-de-la-cuy\/"]}]},{"@type":"ImageObject","inLanguage":"fr-FR","@id":"https:\/\/urbaines.tropical-solutions.com\/index.php\/organigramme-de-la-cuy\/#primaryimage","url":"https:\/\/urbaines.tropical-solutions.com\/wp-content\/uploads\/2024\/11\/AnyConv.com__Organigramme-CUY-1536x1164-1-1024x776-1.webp","contentUrl":"https:\/\/urbaines.tropical-solutions.com\/wp-content\/uploads\/2024\/11\/AnyConv.com__Organigramme-CUY-1536x1164-1-1024x776-1.webp","width":1024,"height":776},{"@type":"BreadcrumbList","@id":"https:\/\/urbaines.tropical-solutions.com\/index.php\/organigramme-de-la-cuy\/#breadcrumb","itemListElement":[{"@type":"ListItem","position":1,"name":"Accueil","item":"https:\/\/urbaines.tropical-solutions.com\/"},{"@type":"ListItem","position":2,"name":"Organigramme de la CUY"}]},{"@type":"WebSite","@id":"https:\/\/urbaines.tropical-solutions.com\/#website","url":"https:\/\/urbaines.tropical-solutions.com\/","name":"Communaut\u00e9 urbaine de Garoua","description":"","potentialAction":[{"@type":"SearchAction","target":{"@type":"EntryPoint","urlTemplate":"https:\/\/urbaines.tropical-solutions.com\/?s={search_term_string}"},"query-input":{"@type":"PropertyValueSpecification","valueRequired":true,"valueName":"search_term_string"}}],"inLanguage":"fr-FR"}]}},"_links":{"self":[{"href":"https:\/\/urbaines.tropical-solutions.com\/index.php\/wp-json\/wp\/v2\/pages\/19187","targetHints":{"allow":["GET"]}}],"collection":[{"href":"https:\/\/urbaines.tropical-solutions.com\/index.php\/wp-json\/wp\/v2\/pages"}],"about":[{"href":"https:\/\/urbaines.tropical-solutions.com\/index.php\/wp-json\/wp\/v2\/types\/page"}],"author":[{"embeddable":true,"href":"https:\/\/urbaines.tropical-solutions.com\/index.php\/wp-json\/wp\/v2\/users\/1"}],"replies":[{"embeddable":true,"href":"https:\/\/urbaines.tropical-solutions.com\/index.php\/wp-json\/wp\/v2\/comments?post=19187"}],"version-history":[{"count":4,"href":"https:\/\/urbaines.tropical-solutions.com\/index.php\/wp-json\/wp\/v2\/pages\/19187\/revisions"}],"predecessor-version":[{"id":19543,"href":"https:\/\/urbaines.tropical-solutions.com\/index.php\/wp-json\/wp\/v2\/pages\/19187\/revisions\/19543"}],"wp:attachment":[{"href":"https:\/\/urbaines.tropical-solutions.com\/index.php\/wp-json\/wp\/v2\/media?parent=19187"}],"curies":[{"name":"wp","href":"https:\/\/api.w.org\/{rel}","templated":true}]}}