{"id":15442,"date":"2023-10-10T06:40:46","date_gmt":"2023-10-10T06:40:46","guid":{"rendered":"https:\/\/urbaines.tropical-solutions.com\/?page_id=15442"},"modified":"2024-10-14T19:35:32","modified_gmt":"2024-10-14T19:35:32","slug":"sites-touristiques","status":"publish","type":"page","link":"https:\/\/urbaines.tropical-solutions.com\/index.php\/sites-touristiques\/","title":{"rendered":"Sites touristiques"},"content":{"rendered":"\t\t<div data-elementor-type=\"wp-page\" data-elementor-id=\"15442\" class=\"elementor elementor-15442\">\n\t\t\t\t\t\t<section class=\"elementor-section elementor-top-section elementor-element elementor-element-6077b48 elementor-section-boxed elementor-section-height-default elementor-section-height-default\" data-id=\"6077b48\" data-element_type=\"section\">\n\t\t\t\t\t\t<div class=\"elementor-container elementor-column-gap-default\">\n\t\t\t\t\t<div class=\"elementor-column elementor-col-100 elementor-top-column elementor-element elementor-element-43da593\" data-id=\"43da593\" data-element_type=\"column\">\n\t\t\t<div class=\"elementor-widget-wrap elementor-element-populated\">\n\t\t\t\t\t\t<div class=\"elementor-element elementor-element-e0be5d9 elementor-widget elementor-widget-gimont_elementor_heading\" data-id=\"e0be5d9\" data-element_type=\"widget\" data-widget_type=\"gimont_elementor_heading.default\">\n\t\t\t\t<div class=\"elementor-widget-container\">\n\t\t\t\n\t\t\t<div class=\"ova-heading template_1\">\n\t\t\t\t\t\t\t\t\n\t\t\t\t\t\t\t\t\t\t\t\t\t\t\t<h2 class=\"title\">Sites touristiques<\/h2>\n\t\t\t\t\t\t\t\t\t\t\n\t\t\t\t\t\t\t\t\n\t\t\t\t\n\t\t\t<\/div>\n\n\t\t\t\t<\/div>\n\t\t\t\t<\/div>\n\t\t\t\t<div class=\"elementor-element elementor-element-6a1ccfb elementor-widget elementor-widget-ova_por_grid_2\" data-id=\"6a1ccfb\" data-element_type=\"widget\" data-settings=\"{&quot;show_category&quot;:&quot;yes&quot;}\" data-widget_type=\"ova_por_grid_2.default\">\n\t\t\t\t<div class=\"elementor-widget-container\">\n\t\t\t\n<div class=\"portfolio-grid-2 three_columns\">\n\n\t\n\t\t<ul class=\"wrapper\">\n\t\t\t\t\t\t\t<li class=\"item\">\n\t\t\t\t\t<div class=\"item-wrap\">\n\t\t\t\t\t\t<img decoding=\"async\" src=\"https:\/\/urbaines.tropical-solutions.com\/wp-content\/uploads\/2023\/07\/AnyConv.com__monument-de-la-reunification.webp\" alt=\"AnyConv.com__monument-de-la-reunification\" class=\"img\">\n\t\t\t\t\t\t<div class=\"info\">\n\t\t\t\t\t\t\t<div class=\"info-wrap\">\n\t\t\t\t\t\t\t\t<div class=\"content\">\n\t\t\t\t\t\t\t\t\t\t\t\t\t\t\t\t\t\t\t<p class=\"categories\"><a href=\"https:\/\/urbaines.tropical-solutions.com\/index.php\/cat_por\/sites-touristiques\/\" title=\"Monument de la r\u00e9unification\">Sites touristiques<\/a><\/p>\n\t\t\t\t\t\t\t\t\t\n\t\t\t\t\t\t\t\t\t\t\t\t\t\t\t\t\t\t\t\t\t\t\t\t\t\t\t\t\t<a href=\"https:\/\/urbaines.tropical-solutions.com\/index.php\/ova_por\/monument-de-la-reunification-3\/\"\n\t\t\t\t\t\t\t\t\t\t\ttitle=\"Monument de la r\u00e9unification\"\n\t\t\t\t\t\t\t\t\t\t>\n\t\t\t\t\t\t\t\t\t\t\t\t\t\t        \t\t\t\t\t<h3 class=\"title\">\n\t\t\t\t\t\t\t\t\t\t\t\tMonument de la r\u00e9unification\t\t\t\t\t\t\t\t\t\t\t<\/h3>\n\t\t\t\t\t\t\t\t\t\t\t\t\t\t\t\t\t\t\t\t<\/a>\n\t\t\t\t\t\t\t\t\t\t\t\t\t\t\t\t\t\t\t\t\t\t\t\t\t\t\t<\/div>\n\n\t\t\t\t\t\t\t\t\t\t        \t\t\t\t\t\t\t        \t\t\t\t\t<a href=\"https:\/\/urbaines.tropical-solutions.com\/index.php\/ova_por\/monument-de-la-reunification-3\/\" title=\"Monument de la r\u00e9unification\">\t\n\t\t\t\t\t\t\t\t\t\t\t\t\t\t\t\t\t\t\t<div class=\"icon\">\n\t\t\t\t\t\t\t\t\t\t\t<i class=\"ovaicon-next\"><\/i>\n\t\t\t\t\t\t\t\t\t\t<\/div>\n\t\t\t\t\t\t\t\t\t\t\t\t\t\t\t\t\t\t<\/a>\n\t\t\t\t\t\t\t\t\t\t\t\t\t\t\t\t\t\t\t\t\t\t\t\t<\/div>\n\t\t\t\t\t\t<\/div>\n\t\t\t\t\t<\/div>\n\t\t\t\t<\/li>\n\t\t\t\t\t\t\t<li class=\"item\">\n\t\t\t\t\t<div class=\"item-wrap\">\n\t\t\t\t\t\t<img decoding=\"async\" src=\"https:\/\/urbaines.tropical-solutions.com\/wp-content\/uploads\/2023\/07\/AnyConv.com__chutte-lome.webp\" alt=\"AnyConv.com__chutte lome\" class=\"img\">\n\t\t\t\t\t\t<div class=\"info\">\n\t\t\t\t\t\t\t<div class=\"info-wrap\">\n\t\t\t\t\t\t\t\t<div class=\"content\">\n\t\t\t\t\t\t\t\t\t\t\t\t\t\t\t\t\t\t\t<p class=\"categories\"><a href=\"https:\/\/urbaines.tropical-solutions.com\/index.php\/cat_por\/sites-touristiques\/\" title=\"Chutte lome\">Sites touristiques<\/a><\/p>\n\t\t\t\t\t\t\t\t\t\n\t\t\t\t\t\t\t\t\t\t\t\t\t\t\t\t\t\t\t\t\t\t\t\t\t\t\t\t\t<a href=\"https:\/\/urbaines.tropical-solutions.com\/index.php\/ova_por\/monument-de-la-reunification-2\/\"\n\t\t\t\t\t\t\t\t\t\t\ttitle=\"Chutte lome\"\n\t\t\t\t\t\t\t\t\t\t>\n\t\t\t\t\t\t\t\t\t\t\t\t\t\t        \t\t\t\t\t<h3 class=\"title\">\n\t\t\t\t\t\t\t\t\t\t\t\tChutte lome\t\t\t\t\t\t\t\t\t\t\t<\/h3>\n\t\t\t\t\t\t\t\t\t\t\t\t\t\t\t\t\t\t\t\t<\/a>\n\t\t\t\t\t\t\t\t\t\t\t\t\t\t\t\t\t\t\t\t\t\t\t\t\t\t\t<\/div>\n\n\t\t\t\t\t\t\t\t\t\t        \t\t\t\t\t\t\t        \t\t\t\t\t<a href=\"https:\/\/urbaines.tropical-solutions.com\/index.php\/ova_por\/monument-de-la-reunification-2\/\" title=\"Chutte lome\">\t\n\t\t\t\t\t\t\t\t\t\t\t\t\t\t\t\t\t\t\t<div class=\"icon\">\n\t\t\t\t\t\t\t\t\t\t\t<i class=\"ovaicon-next\"><\/i>\n\t\t\t\t\t\t\t\t\t\t<\/div>\n\t\t\t\t\t\t\t\t\t\t\t\t\t\t\t\t\t\t<\/a>\n\t\t\t\t\t\t\t\t\t\t\t\t\t\t\t\t\t\t\t\t\t\t\t\t<\/div>\n\t\t\t\t\t\t<\/div>\n\t\t\t\t\t<\/div>\n\t\t\t\t<\/li>\n\t\t\t\t\t\t\t<li class=\"item\">\n\t\t\t\t\t<div class=\"item-wrap\">\n\t\t\t\t\t\t<img decoding=\"async\" src=\"https:\/\/urbaines.tropical-solutions.com\/wp-content\/uploads\/2023\/07\/AnyConv.com__ekom-nkam.webp\" alt=\"AnyConv.com__ekom-nkam\" class=\"img\">\n\t\t\t\t\t\t<div class=\"info\">\n\t\t\t\t\t\t\t<div class=\"info-wrap\">\n\t\t\t\t\t\t\t\t<div class=\"content\">\n\t\t\t\t\t\t\t\t\t\t\t\t\t\t\t\t\t\t\t<p class=\"categories\"><a href=\"https:\/\/urbaines.tropical-solutions.com\/index.php\/cat_por\/sites-touristiques\/\" title=\"Ekom-nkam\">Sites touristiques<\/a><\/p>\n\t\t\t\t\t\t\t\t\t\n\t\t\t\t\t\t\t\t\t\t\t\t\t\t\t\t\t\t\t\t\t\t\t\t\t\t\t\t\t<a href=\"https:\/\/urbaines.tropical-solutions.com\/index.php\/ova_por\/ekom-nkam\/\"\n\t\t\t\t\t\t\t\t\t\t\ttitle=\"Ekom-nkam\"\n\t\t\t\t\t\t\t\t\t\t>\n\t\t\t\t\t\t\t\t\t\t\t\t\t\t        \t\t\t\t\t<h3 class=\"title\">\n\t\t\t\t\t\t\t\t\t\t\t\tEkom-nkam\t\t\t\t\t\t\t\t\t\t\t<\/h3>\n\t\t\t\t\t\t\t\t\t\t\t\t\t\t\t\t\t\t\t\t<\/a>\n\t\t\t\t\t\t\t\t\t\t\t\t\t\t\t\t\t\t\t\t\t\t\t\t\t\t\t<\/div>\n\n\t\t\t\t\t\t\t\t\t\t        \t\t\t\t\t\t\t        \t\t\t\t\t<a href=\"https:\/\/urbaines.tropical-solutions.com\/index.php\/ova_por\/ekom-nkam\/\" title=\"Ekom-nkam\">\t\n\t\t\t\t\t\t\t\t\t\t\t\t\t\t\t\t\t\t\t<div class=\"icon\">\n\t\t\t\t\t\t\t\t\t\t\t<i class=\"ovaicon-next\"><\/i>\n\t\t\t\t\t\t\t\t\t\t<\/div>\n\t\t\t\t\t\t\t\t\t\t\t\t\t\t\t\t\t\t<\/a>\n\t\t\t\t\t\t\t\t\t\t\t\t\t\t\t\t\t\t\t\t\t\t\t\t<\/div>\n\t\t\t\t\t\t<\/div>\n\t\t\t\t\t<\/div>\n\t\t\t\t<\/li>\n\t\t\t\t\t\t\t<li class=\"item\">\n\t\t\t\t\t<div class=\"item-wrap\">\n\t\t\t\t\t\t<img decoding=\"async\" src=\"https:\/\/urbaines.tropical-solutions.com\/wp-content\/uploads\/2023\/07\/AnyConv.com__mefou-national-park.webp\" alt=\"AnyConv.com__mefou-national-park\" class=\"img\">\n\t\t\t\t\t\t<div class=\"info\">\n\t\t\t\t\t\t\t<div class=\"info-wrap\">\n\t\t\t\t\t\t\t\t<div class=\"content\">\n\t\t\t\t\t\t\t\t\t\t\t\t\t\t\t\t\t\t\t<p class=\"categories\"><a href=\"https:\/\/urbaines.tropical-solutions.com\/index.php\/cat_por\/sites-touristiques\/\" title=\"Mefou National Park\">Sites touristiques<\/a><\/p>\n\t\t\t\t\t\t\t\t\t\n\t\t\t\t\t\t\t\t\t\t\t\t\t\t\t\t\t\t\t\t\t\t\t\t\t\t\t\t\t<a href=\"https:\/\/urbaines.tropical-solutions.com\/index.php\/ova_por\/mefou-national-park\/\"\n\t\t\t\t\t\t\t\t\t\t\ttitle=\"Mefou National Park\"\n\t\t\t\t\t\t\t\t\t\t>\n\t\t\t\t\t\t\t\t\t\t\t\t\t\t        \t\t\t\t\t<h3 class=\"title\">\n\t\t\t\t\t\t\t\t\t\t\t\tMefou National Park\t\t\t\t\t\t\t\t\t\t\t<\/h3>\n\t\t\t\t\t\t\t\t\t\t\t\t\t\t\t\t\t\t\t\t<\/a>\n\t\t\t\t\t\t\t\t\t\t\t\t\t\t\t\t\t\t\t\t\t\t\t\t\t\t\t<\/div>\n\n\t\t\t\t\t\t\t\t\t\t        \t\t\t\t\t\t\t        \t\t\t\t\t<a href=\"https:\/\/urbaines.tropical-solutions.com\/index.php\/ova_por\/mefou-national-park\/\" title=\"Mefou National Park\">\t\n\t\t\t\t\t\t\t\t\t\t\t\t\t\t\t\t\t\t\t<div class=\"icon\">\n\t\t\t\t\t\t\t\t\t\t\t<i class=\"ovaicon-next\"><\/i>\n\t\t\t\t\t\t\t\t\t\t<\/div>\n\t\t\t\t\t\t\t\t\t\t\t\t\t\t\t\t\t\t<\/a>\n\t\t\t\t\t\t\t\t\t\t\t\t\t\t\t\t\t\t\t\t\t\t\t\t<\/div>\n\t\t\t\t\t\t<\/div>\n\t\t\t\t\t<\/div>\n\t\t\t\t<\/li>\n\t\t\t\t\t\t\t<li class=\"item\">\n\t\t\t\t\t<div class=\"item-wrap\">\n\t\t\t\t\t\t<img decoding=\"async\" src=\"https:\/\/urbaines.tropical-solutions.com\/wp-content\/uploads\/2023\/07\/AnyConv.com__musee-ethnographique.webp\" alt=\"AnyConv.com__musee-ethnographique\" class=\"img\">\n\t\t\t\t\t\t<div class=\"info\">\n\t\t\t\t\t\t\t<div class=\"info-wrap\">\n\t\t\t\t\t\t\t\t<div class=\"content\">\n\t\t\t\t\t\t\t\t\t\t\t\t\t\t\t\t\t\t\t<p class=\"categories\"><a href=\"https:\/\/urbaines.tropical-solutions.com\/index.php\/cat_por\/sites-touristiques\/\" title=\"Mus\u00e9e Ethnographique des Peuples de la F\u00f4ret\">Sites touristiques<\/a><\/p>\n\t\t\t\t\t\t\t\t\t\n\t\t\t\t\t\t\t\t\t\t\t\t\t\t\t\t\t\t\t\t\t\t\t\t\t\t\t\t\t<a href=\"https:\/\/urbaines.tropical-solutions.com\/index.php\/ova_por\/musee-ethnographique-des-peuples-de-la-foret\/\"\n\t\t\t\t\t\t\t\t\t\t\ttitle=\"Mus\u00e9e Ethnographique des Peuples de la F\u00f4ret\"\n\t\t\t\t\t\t\t\t\t\t>\n\t\t\t\t\t\t\t\t\t\t\t\t\t\t        \t\t\t\t\t<h3 class=\"title\">\n\t\t\t\t\t\t\t\t\t\t\t\tMus\u00e9e Ethnographique des Peuples de la F\u00f4ret\t\t\t\t\t\t\t\t\t\t\t<\/h3>\n\t\t\t\t\t\t\t\t\t\t\t\t\t\t\t\t\t\t\t\t<\/a>\n\t\t\t\t\t\t\t\t\t\t\t\t\t\t\t\t\t\t\t\t\t\t\t\t\t\t\t<\/div>\n\n\t\t\t\t\t\t\t\t\t\t        \t\t\t\t\t\t\t        \t\t\t\t\t<a href=\"https:\/\/urbaines.tropical-solutions.com\/index.php\/ova_por\/musee-ethnographique-des-peuples-de-la-foret\/\" title=\"Mus\u00e9e Ethnographique des Peuples de la F\u00f4ret\">\t\n\t\t\t\t\t\t\t\t\t\t\t\t\t\t\t\t\t\t\t<div class=\"icon\">\n\t\t\t\t\t\t\t\t\t\t\t<i class=\"ovaicon-next\"><\/i>\n\t\t\t\t\t\t\t\t\t\t<\/div>\n\t\t\t\t\t\t\t\t\t\t\t\t\t\t\t\t\t\t<\/a>\n\t\t\t\t\t\t\t\t\t\t\t\t\t\t\t\t\t\t\t\t\t\t\t\t<\/div>\n\t\t\t\t\t\t<\/div>\n\t\t\t\t\t<\/div>\n\t\t\t\t<\/li>\n\t\t\t\t\t\t\t<li class=\"item\">\n\t\t\t\t\t<div class=\"item-wrap\">\n\t\t\t\t\t\t<img decoding=\"async\" src=\"https:\/\/urbaines.tropical-solutions.com\/wp-content\/uploads\/2023\/07\/AnyConv.com__F2H-Cameroon-Foumban-Jean-Luc-HABIMANA_2-scaled-1.webp\" alt=\"AnyConv.com__F2H-Cameroon-Foumban-Jean-Luc-HABIMANA_2-scaled\" class=\"img\">\n\t\t\t\t\t\t<div class=\"info\">\n\t\t\t\t\t\t\t<div class=\"info-wrap\">\n\t\t\t\t\t\t\t\t<div class=\"content\">\n\t\t\t\t\t\t\t\t\t\t\t\t\t\t\t\t\t\t\t<p class=\"categories\"><a href=\"https:\/\/urbaines.tropical-solutions.com\/index.php\/cat_por\/cultures-et-traditions\/\" title=\"Mus\u00e9e Royal de Foumban\">Cultures et traditions<\/a>, <a href=\"https:\/\/urbaines.tropical-solutions.com\/index.php\/cat_por\/sites-touristiques\/\" title=\"Mus\u00e9e Royal de Foumban\">Sites touristiques<\/a><\/p>\n\t\t\t\t\t\t\t\t\t\n\t\t\t\t\t\t\t\t\t\t\t\t\t\t\t\t\t\t\t\t\t\t\t\t\t\t\t\t\t<a href=\"https:\/\/urbaines.tropical-solutions.com\/index.php\/ova_por\/musee-royal-de-foumban\/\"\n\t\t\t\t\t\t\t\t\t\t\ttitle=\"Mus\u00e9e Royal de Foumban\"\n\t\t\t\t\t\t\t\t\t\t>\n\t\t\t\t\t\t\t\t\t\t\t\t\t\t        \t\t\t\t\t<h3 class=\"title\">\n\t\t\t\t\t\t\t\t\t\t\t\tMus\u00e9e Royal de Foumban\t\t\t\t\t\t\t\t\t\t\t<\/h3>\n\t\t\t\t\t\t\t\t\t\t\t\t\t\t\t\t\t\t\t\t<\/a>\n\t\t\t\t\t\t\t\t\t\t\t\t\t\t\t\t\t\t\t\t\t\t\t\t\t\t\t<\/div>\n\n\t\t\t\t\t\t\t\t\t\t        \t\t\t\t\t\t\t        \t\t\t\t\t<a href=\"https:\/\/urbaines.tropical-solutions.com\/index.php\/ova_por\/musee-royal-de-foumban\/\" title=\"Mus\u00e9e Royal de Foumban\">\t\n\t\t\t\t\t\t\t\t\t\t\t\t\t\t\t\t\t\t\t<div class=\"icon\">\n\t\t\t\t\t\t\t\t\t\t\t<i class=\"ovaicon-next\"><\/i>\n\t\t\t\t\t\t\t\t\t\t<\/div>\n\t\t\t\t\t\t\t\t\t\t\t\t\t\t\t\t\t\t<\/a>\n\t\t\t\t\t\t\t\t\t\t\t\t\t\t\t\t\t\t\t\t\t\t\t\t<\/div>\n\t\t\t\t\t\t<\/div>\n\t\t\t\t\t<\/div>\n\t\t\t\t<\/li>\n\t\t\t\t\t<\/ul>\n\n\t\n<\/div>\t\t<\/div>\n\t\t\t\t<\/div>\n\t\t\t\t\t<\/div>\n\t\t<\/div>\n\t\t\t\t\t<\/div>\n\t\t<\/section>\n\t\t\t\t<\/div>\n\t\t","protected":false},"excerpt":{"rendered":"<p>Sites touristiques Sites touristiques Ekom-nkam Sites touristiques Mefou National Park Sites touristiques Mus\u00e9e Ethnographique des Peuples de la F\u00f4ret Cultures et traditions, Sites touristiques Mus\u00e9e Royal de Foumban<\/p>\n","protected":false},"author":1,"featured_media":0,"parent":0,"menu_order":0,"comment_status":"closed","ping_status":"closed","template":"elementor_header_footer","meta":{"_monsterinsights_skip_tracking":false,"_monsterinsights_sitenote_active":false,"_monsterinsights_sitenote_note":"","_monsterinsights_sitenote_category":0,"footnotes":""},"class_list":["post-15442","page","type-page","status-publish","hentry"],"yoast_head":"<!-- This site is optimized with the Yoast SEO plugin v23.8 - https:\/\/yoast.com\/wordpress\/plugins\/seo\/ -->\n<title>Sites touristiques - Communaut\u00e9 urbaine de Garoua<\/title>\n<meta name=\"robots\" content=\"index, follow, max-snippet:-1, max-image-preview:large, max-video-preview:-1\" \/>\n<link rel=\"canonical\" href=\"https:\/\/urbaines.tropical-solutions.com\/index.php\/sites-touristiques\/\" \/>\n<meta property=\"og:locale\" content=\"fr_FR\" \/>\n<meta property=\"og:type\" content=\"article\" \/>\n<meta property=\"og:title\" content=\"Sites touristiques - Communaut\u00e9 urbaine de Garoua\" \/>\n<meta property=\"og:description\" content=\"Sites touristiques Sites touristiques Ekom-nkam Sites touristiques Mefou National Park Sites touristiques Mus\u00e9e Ethnographique des Peuples de la F\u00f4ret Cultures et traditions, Sites touristiques Mus\u00e9e Royal de Foumban\" \/>\n<meta property=\"og:url\" content=\"https:\/\/urbaines.tropical-solutions.com\/index.php\/sites-touristiques\/\" \/>\n<meta property=\"og:site_name\" content=\"Communaut\u00e9 urbaine de Garoua\" \/>\n<meta property=\"article:modified_time\" content=\"2024-10-14T19:35:32+00:00\" \/>\n<meta property=\"og:image\" content=\"https:\/\/urbaines.tropical-solutions.com\/wp-content\/uploads\/2023\/07\/AnyConv.com__ekom-nkam.webp\" \/>\n<meta name=\"twitter:card\" content=\"summary_large_image\" \/>\n<meta name=\"twitter:label1\" content=\"Dur\u00e9e de lecture estim\u00e9e\" \/>\n\t<meta name=\"twitter:data1\" content=\"3 minutes\" \/>\n<script type=\"application\/ld+json\" class=\"yoast-schema-graph\">{\"@context\":\"https:\/\/schema.org\",\"@graph\":[{\"@type\":\"WebPage\",\"@id\":\"https:\/\/urbaines.tropical-solutions.com\/index.php\/sites-touristiques\/\",\"url\":\"https:\/\/urbaines.tropical-solutions.com\/index.php\/sites-touristiques\/\",\"name\":\"Sites touristiques - Communaut\u00e9 urbaine de Garoua\",\"isPartOf\":{\"@id\":\"https:\/\/urbaines.tropical-solutions.com\/#website\"},\"primaryImageOfPage\":{\"@id\":\"https:\/\/urbaines.tropical-solutions.com\/index.php\/sites-touristiques\/#primaryimage\"},\"image\":{\"@id\":\"https:\/\/urbaines.tropical-solutions.com\/index.php\/sites-touristiques\/#primaryimage\"},\"thumbnailUrl\":\"https:\/\/urbaines.tropical-solutions.com\/wp-content\/uploads\/2023\/07\/AnyConv.com__ekom-nkam.webp\",\"datePublished\":\"2023-10-10T06:40:46+00:00\",\"dateModified\":\"2024-10-14T19:35:32+00:00\",\"breadcrumb\":{\"@id\":\"https:\/\/urbaines.tropical-solutions.com\/index.php\/sites-touristiques\/#breadcrumb\"},\"inLanguage\":\"fr-FR\",\"potentialAction\":[{\"@type\":\"ReadAction\",\"target\":[\"https:\/\/urbaines.tropical-solutions.com\/index.php\/sites-touristiques\/\"]}]},{\"@type\":\"ImageObject\",\"inLanguage\":\"fr-FR\",\"@id\":\"https:\/\/urbaines.tropical-solutions.com\/index.php\/sites-touristiques\/#primaryimage\",\"url\":\"https:\/\/urbaines.tropical-solutions.com\/wp-content\/uploads\/2023\/07\/AnyConv.com__ekom-nkam.webp\",\"contentUrl\":\"https:\/\/urbaines.tropical-solutions.com\/wp-content\/uploads\/2023\/07\/AnyConv.com__ekom-nkam.webp\",\"width\":800,\"height\":600},{\"@type\":\"BreadcrumbList\",\"@id\":\"https:\/\/urbaines.tropical-solutions.com\/index.php\/sites-touristiques\/#breadcrumb\",\"itemListElement\":[{\"@type\":\"ListItem\",\"position\":1,\"name\":\"Accueil\",\"item\":\"https:\/\/urbaines.tropical-solutions.com\/\"},{\"@type\":\"ListItem\",\"position\":2,\"name\":\"Sites touristiques\"}]},{\"@type\":\"WebSite\",\"@id\":\"https:\/\/urbaines.tropical-solutions.com\/#website\",\"url\":\"https:\/\/urbaines.tropical-solutions.com\/\",\"name\":\"Communaut\u00e9 urbaine de Garoua\",\"description\":\"\",\"potentialAction\":[{\"@type\":\"SearchAction\",\"target\":{\"@type\":\"EntryPoint\",\"urlTemplate\":\"https:\/\/urbaines.tropical-solutions.com\/?s={search_term_string}\"},\"query-input\":{\"@type\":\"PropertyValueSpecification\",\"valueRequired\":true,\"valueName\":\"search_term_string\"}}],\"inLanguage\":\"fr-FR\"}]}<\/script>\n<!-- \/ Yoast SEO plugin. -->","yoast_head_json":{"title":"Sites touristiques - Communaut\u00e9 urbaine de Garoua","robots":{"index":"index","follow":"follow","max-snippet":"max-snippet:-1","max-image-preview":"max-image-preview:large","max-video-preview":"max-video-preview:-1"},"canonical":"https:\/\/urbaines.tropical-solutions.com\/index.php\/sites-touristiques\/","og_locale":"fr_FR","og_type":"article","og_title":"Sites touristiques - Communaut\u00e9 urbaine de Garoua","og_description":"Sites touristiques Sites touristiques Ekom-nkam Sites touristiques Mefou National Park Sites touristiques Mus\u00e9e Ethnographique des Peuples de la F\u00f4ret Cultures et traditions, Sites touristiques Mus\u00e9e Royal de Foumban","og_url":"https:\/\/urbaines.tropical-solutions.com\/index.php\/sites-touristiques\/","og_site_name":"Communaut\u00e9 urbaine de Garoua","article_modified_time":"2024-10-14T19:35:32+00:00","og_image":[{"url":"https:\/\/urbaines.tropical-solutions.com\/wp-content\/uploads\/2023\/07\/AnyConv.com__ekom-nkam.webp"}],"twitter_card":"summary_large_image","twitter_misc":{"Dur\u00e9e de lecture estim\u00e9e":"3 minutes"},"schema":{"@context":"https:\/\/schema.org","@graph":[{"@type":"WebPage","@id":"https:\/\/urbaines.tropical-solutions.com\/index.php\/sites-touristiques\/","url":"https:\/\/urbaines.tropical-solutions.com\/index.php\/sites-touristiques\/","name":"Sites touristiques - Communaut\u00e9 urbaine de Garoua","isPartOf":{"@id":"https:\/\/urbaines.tropical-solutions.com\/#website"},"primaryImageOfPage":{"@id":"https:\/\/urbaines.tropical-solutions.com\/index.php\/sites-touristiques\/#primaryimage"},"image":{"@id":"https:\/\/urbaines.tropical-solutions.com\/index.php\/sites-touristiques\/#primaryimage"},"thumbnailUrl":"https:\/\/urbaines.tropical-solutions.com\/wp-content\/uploads\/2023\/07\/AnyConv.com__ekom-nkam.webp","datePublished":"2023-10-10T06:40:46+00:00","dateModified":"2024-10-14T19:35:32+00:00","breadcrumb":{"@id":"https:\/\/urbaines.tropical-solutions.com\/index.php\/sites-touristiques\/#breadcrumb"},"inLanguage":"fr-FR","potentialAction":[{"@type":"ReadAction","target":["https:\/\/urbaines.tropical-solutions.com\/index.php\/sites-touristiques\/"]}]},{"@type":"ImageObject","inLanguage":"fr-FR","@id":"https:\/\/urbaines.tropical-solutions.com\/index.php\/sites-touristiques\/#primaryimage","url":"https:\/\/urbaines.tropical-solutions.com\/wp-content\/uploads\/2023\/07\/AnyConv.com__ekom-nkam.webp","contentUrl":"https:\/\/urbaines.tropical-solutions.com\/wp-content\/uploads\/2023\/07\/AnyConv.com__ekom-nkam.webp","width":800,"height":600},{"@type":"BreadcrumbList","@id":"https:\/\/urbaines.tropical-solutions.com\/index.php\/sites-touristiques\/#breadcrumb","itemListElement":[{"@type":"ListItem","position":1,"name":"Accueil","item":"https:\/\/urbaines.tropical-solutions.com\/"},{"@type":"ListItem","position":2,"name":"Sites touristiques"}]},{"@type":"WebSite","@id":"https:\/\/urbaines.tropical-solutions.com\/#website","url":"https:\/\/urbaines.tropical-solutions.com\/","name":"Communaut\u00e9 urbaine de Garoua","description":"","potentialAction":[{"@type":"SearchAction","target":{"@type":"EntryPoint","urlTemplate":"https:\/\/urbaines.tropical-solutions.com\/?s={search_term_string}"},"query-input":{"@type":"PropertyValueSpecification","valueRequired":true,"valueName":"search_term_string"}}],"inLanguage":"fr-FR"}]}},"_links":{"self":[{"href":"https:\/\/urbaines.tropical-solutions.com\/index.php\/wp-json\/wp\/v2\/pages\/15442","targetHints":{"allow":["GET"]}}],"collection":[{"href":"https:\/\/urbaines.tropical-solutions.com\/index.php\/wp-json\/wp\/v2\/pages"}],"about":[{"href":"https:\/\/urbaines.tropical-solutions.com\/index.php\/wp-json\/wp\/v2\/types\/page"}],"author":[{"embeddable":true,"href":"https:\/\/urbaines.tropical-solutions.com\/index.php\/wp-json\/wp\/v2\/users\/1"}],"replies":[{"embeddable":true,"href":"https:\/\/urbaines.tropical-solutions.com\/index.php\/wp-json\/wp\/v2\/comments?post=15442"}],"version-history":[{"count":14,"href":"https:\/\/urbaines.tropical-solutions.com\/index.php\/wp-json\/wp\/v2\/pages\/15442\/revisions"}],"predecessor-version":[{"id":19313,"href":"https:\/\/urbaines.tropical-solutions.com\/index.php\/wp-json\/wp\/v2\/pages\/15442\/revisions\/19313"}],"wp:attachment":[{"href":"https:\/\/urbaines.tropical-solutions.com\/index.php\/wp-json\/wp\/v2\/media?parent=15442"}],"curies":[{"name":"wp","href":"https:\/\/api.w.org\/{rel}","templated":true}]}}