{"id":15273,"date":"2023-10-06T02:51:25","date_gmt":"2023-10-06T02:51:25","guid":{"rendered":"https:\/\/urbaines.tropical-solutions.com\/?page_id=15273"},"modified":"2024-10-15T08:31:33","modified_gmt":"2024-10-15T08:31:33","slug":"documents","status":"publish","type":"page","link":"https:\/\/urbaines.tropical-solutions.com\/index.php\/documents\/","title":{"rendered":"Documents"},"content":{"rendered":"\t\t<div data-elementor-type=\"wp-page\" data-elementor-id=\"15273\" class=\"elementor elementor-15273\">\n\t\t\t\t\t\t<section class=\"elementor-section elementor-top-section elementor-element elementor-element-c5db4c6 elementor-section-boxed elementor-section-height-default elementor-section-height-default\" data-id=\"c5db4c6\" data-element_type=\"section\">\n\t\t\t\t\t\t<div class=\"elementor-container elementor-column-gap-default\">\n\t\t\t\t\t<div class=\"elementor-column elementor-col-100 elementor-top-column elementor-element elementor-element-429adad\" data-id=\"429adad\" data-element_type=\"column\">\n\t\t\t<div class=\"elementor-widget-wrap elementor-element-populated\">\n\t\t\t\t\t\t<div class=\"elementor-element elementor-element-65c9f9c elementor-widget elementor-widget-gimont_elementor_heading\" data-id=\"65c9f9c\" data-element_type=\"widget\" data-widget_type=\"gimont_elementor_heading.default\">\n\t\t\t\t<div class=\"elementor-widget-container\">\n\t\t\t\n\t\t\t<div class=\"ova-heading template_1\">\n\t\t\t\t\t\t\t\t\n\t\t\t\t\t\t\t\t\n\t\t\t\t\n\t\t\t<\/div>\n\n\t\t\t\t<\/div>\n\t\t\t\t<\/div>\n\t\t\t\t<div class=\"elementor-element elementor-element-6a43bd4 elementor-widget elementor-widget-ova_document_ajax\" data-id=\"6a43bd4\" data-element_type=\"widget\" data-widget_type=\"ova_document_ajax.default\">\n\t\t\t\t<div class=\"elementor-widget-container\">\n\t\t\t\n<div class=\"ova-doc-archive ova-document-ajax two_column\" data-names=\"{&quot;1517&quot;:&quot;CONSTITUTION DOSSIER MARIAGE&quot;,&quot;1518&quot;:&quot;Economy growth rates&quot;,&quot;1514&quot;:&quot;Traffic strategic plan&quot;,&quot;1513&quot;:&quot;Energy recycle plan&quot;,&quot;1192&quot;:&quot;Veichle parking license&quot;,&quot;1193&quot;:&quot;Road transport forms&quot;,&quot;1194&quot;:&quot;City board applications&quot;,&quot;829&quot;:&quot;Economy growth rates&quot;}\">\n\n\t\t\t<div class=\"ova-doc-category\">\n\t\t\t\t\t\t\t<h2 class=\"title\">\n\t\t\t\t\tCat\u00e9gories\t\t\t\t<\/h2>\n\t\t\t\n\t\t\t<ul class=\"document-cat-list\">\n\t\t\t\t\t\t\t\t\t<li class=\"item\">\n\t\t\t\t\t\t<a href=\"https:\/\/urbaines.tropical-solutions.com\/index.php\/cat_doc\/annonces\/\"\n\t\t\t\t\t\t\tclass=\"item-link \"\n\t\t\t\t\t\t\tdata-slug=\"annonces\"\n\t\t\t\t\t\t\ttitle=\"Annonces\"\n\t\t\t\t\t\t>\n\t\t\t\t\t\t<span class=\"cate_name\">\n\t\t\t\t\t\t\tAnnonces\t\t\t\t\t\t<\/span>\n\t\t\t\t\t\t\t\n\t\t\t\t\t\t<\/a>\n\t\t\t\t\t\t\t\t\t\t\t<\/li>\n\t\t\t\t\t\t\t\t\t<li class=\"item\">\n\t\t\t\t\t\t<a href=\"https:\/\/urbaines.tropical-solutions.com\/index.php\/cat_doc\/appels-doffres\/\"\n\t\t\t\t\t\t\tclass=\"item-link \"\n\t\t\t\t\t\t\tdata-slug=\"appels-doffres\"\n\t\t\t\t\t\t\ttitle=\"Appels d&#039;offres\"\n\t\t\t\t\t\t>\n\t\t\t\t\t\t<span class=\"cate_name\">\n\t\t\t\t\t\t\tAppels d&#039;offres\t\t\t\t\t\t<\/span>\n\t\t\t\t\t\t\t\n\t\t\t\t\t\t<\/a>\n\t\t\t\t\t\t\t\t\t\t\t<\/li>\n\t\t\t\t\t\t\t\t\t<li class=\"item\">\n\t\t\t\t\t\t<a href=\"https:\/\/urbaines.tropical-solutions.com\/index.php\/cat_doc\/budget\/\"\n\t\t\t\t\t\t\tclass=\"item-link \"\n\t\t\t\t\t\t\tdata-slug=\"budget\"\n\t\t\t\t\t\t\ttitle=\"Budget\"\n\t\t\t\t\t\t>\n\t\t\t\t\t\t<span class=\"cate_name\">\n\t\t\t\t\t\t\tBudget\t\t\t\t\t\t<\/span>\n\t\t\t\t\t\t\t\n\t\t\t\t\t\t<\/a>\n\t\t\t\t\t\t\t\t\t\t\t<\/li>\n\t\t\t\t\t\t\t\t\t<li class=\"item\">\n\t\t\t\t\t\t<a href=\"https:\/\/urbaines.tropical-solutions.com\/index.php\/cat_doc\/droit\/\"\n\t\t\t\t\t\t\tclass=\"item-link \"\n\t\t\t\t\t\t\tdata-slug=\"droit\"\n\t\t\t\t\t\t\ttitle=\"Droit\"\n\t\t\t\t\t\t>\n\t\t\t\t\t\t<span class=\"cate_name\">\n\t\t\t\t\t\t\tDroit\t\t\t\t\t\t<\/span>\n\t\t\t\t\t\t\t\n\t\t\t\t\t\t<\/a>\n\t\t\t\t\t\t\t\t\t\t\t<\/li>\n\t\t\t\t\t\t\t\t\t<li class=\"item\">\n\t\t\t\t\t\t<a href=\"https:\/\/urbaines.tropical-solutions.com\/index.php\/cat_doc\/etat-civil\/\"\n\t\t\t\t\t\t\tclass=\"item-link \"\n\t\t\t\t\t\t\tdata-slug=\"etat-civil\"\n\t\t\t\t\t\t\ttitle=\"\u00c9tat-civil\"\n\t\t\t\t\t\t>\n\t\t\t\t\t\t<span class=\"cate_name\">\n\t\t\t\t\t\t\t\u00c9tat-civil\t\t\t\t\t\t<\/span>\n\t\t\t\t\t\t\t\n\t\t\t\t\t\t<\/a>\n\t\t\t\t\t\t\t\t\t\t\t<\/li>\n\t\t\t\t\t\t\t\t\t<li class=\"item\">\n\t\t\t\t\t\t<a href=\"https:\/\/urbaines.tropical-solutions.com\/index.php\/cat_doc\/politique\/\"\n\t\t\t\t\t\t\tclass=\"item-link \"\n\t\t\t\t\t\t\tdata-slug=\"politique\"\n\t\t\t\t\t\t\ttitle=\"Politique\"\n\t\t\t\t\t\t>\n\t\t\t\t\t\t<span class=\"cate_name\">\n\t\t\t\t\t\t\tPolitique\t\t\t\t\t\t<\/span>\n\t\t\t\t\t\t\t\n\t\t\t\t\t\t<\/a>\n\t\t\t\t\t\t\t\t\t\t\t<\/li>\n\t\t\t\t\t\t\t\t\t<li class=\"item\">\n\t\t\t\t\t\t<a href=\"https:\/\/urbaines.tropical-solutions.com\/index.php\/cat_doc\/rapports-et-resolutions\/\"\n\t\t\t\t\t\t\tclass=\"item-link \"\n\t\t\t\t\t\t\tdata-slug=\"rapports-et-resolutions\"\n\t\t\t\t\t\t\ttitle=\"Rapports et r\u00e9solutions\"\n\t\t\t\t\t\t>\n\t\t\t\t\t\t<span class=\"cate_name\">\n\t\t\t\t\t\t\tRapports et r\u00e9solutions\t\t\t\t\t\t<\/span>\n\t\t\t\t\t\t\t\n\t\t\t\t\t\t<\/a>\n\t\t\t\t\t\t\t\t\t\t\t<\/li>\n\t\t\t\t\t\t\t<\/ul>\n\t\t<\/div>\n\t\n\t<div class=\"ova-doc-content\">\n\t\t\t\t\t<form id=\"ova-doc-filter\" class=\"ova-doc-filter\" method=\"POST\" autocomplete=\"off\">\n\t\t\t\t<div class=\"wrapper\">\n\t\t\t\t\t\t\t\t\t\t\t<div class=\"form-control name_control\">\n\t\t\t\t\t\t\t<label for=\"name\">Name<\/label>\n\t\t\t\t\t\t\t<input type=\"text\" name=\"s\" class=\"ovadoc_name\" id=\"ovadoc_name\">\n\t\t\t\t\t\t<\/div>\n\t\t\t\t\t\n\t\t\t\t\t\t\t\t\t\t\t<div class=\"form-control\">\n\t\t\t\t\t\t\t<label for=\"date\">\n\t\t\t\t\t\t\t\tPublished Date\t\t\t\t\t\t\t<\/label>\n\t\t\t\t\t\t\t<div class=\"date-control\" data-locale=\"fr_FR\"\n\t\t\t\t\t\t\t\tdata-range_label=\"Ranges:\"\n\t\t\t\t\t\t\t\tdata-ranges_title=\"[&quot;Today&quot;,&quot;3 Days&quot;,&quot;5 Days&quot;,&quot;1 Week&quot;,&quot;Till Next Week&quot;,&quot;Till Next Month&quot;]\"\n\t\t\t\t\t\t\t>\n\t\t\t\t\t\t\t\t<input type=\"text\" name=\"date\" id=\"ovadoc_date\">\n\t\t\t\t\t\t\t\t<div class=\"icon\">\n\t\t\t\t\t\t\t\t\t<i class=\"far fa-calendar-alt\" aria-hidden=\"true\"><\/i>\n\t\t\t\t\t\t\t\t<\/div>\n\t\t\t\t\t\t\t<\/div>\n\t\t\t\t\t\t<\/div>\n\t\t\t\t\t\n\t\t\t\t\t\t\t\t\t\t\t<div class=\"form-control\">\n\t\t\t\t\t\t\t<label for=\"category\">\n\t\t\t\t\t\t\t\tCategory\t\n\t\t\t\t\t\t\t<\/label>\n\t\t\t\t\t\t\t<select  name='category' id='ovadoc_category' class='ovadoc_cat'>\n\t<option value='all' selected='selected'>All Categories<\/option>\n\t<option class=\"level-0\" value=\"appels-doffres\">Appels d&rsquo;offres<\/option>\n\t<option class=\"level-0\" value=\"etat-civil\">\u00c9tat-civil<\/option>\n\t<option class=\"level-0\" value=\"budget\">Budget<\/option>\n\t<option class=\"level-0\" value=\"rapports-et-resolutions\">Rapports et r\u00e9solutions<\/option>\n\t<option class=\"level-0\" value=\"politique\">Politique<\/option>\n\t<option class=\"level-0\" value=\"droit\">Droit<\/option>\n\t<option class=\"level-0\" value=\"annonces\">Annonces<\/option>\n<\/select>\n\t\t\t\t\t\t<\/div>\n\t\t\t\t\t\n\t\t\t\t\t<div class=\"form-control\">\n\t\t\t\t\t\t<button type=\"submit\" class=\"ova-doc-submit\">\n\t\t\t\t\t\t\tFind Document\t\n\t\t\t\t\t\t<\/button>\n\t\t\t\t\t<\/div>\n\t\t\t\t<\/div>\n\t\t\t<\/form>\n\t\t\n\t\t<span class=\"loader doc_loader\"><\/span>\n\n\t\t<div class=\"content_inner\" data-args_show=\"{&quot;show_date&quot;:&quot;yes&quot;,&quot;show_title&quot;:&quot;yes&quot;,&quot;show_link_to&quot;:&quot;yes&quot;,&quot;show_view_icon&quot;:&quot;yes&quot;,&quot;show_download_icon&quot;:&quot;yes&quot;}\">\n\t\t\t\n\t<div class=\"ova-doc-overlay\"><\/div>\n\n\t\t\t\t<ul class=\"document-list\">\n\t\t\t\t\t\t\t<li class=\"item\">\n\t\t\t\t\t<div class=\"item-wrap\">\n\t\t\t\t\t\t<div class=\"info\">\n\t\t\t\t\t\t\t\t\t\t\t\t\t\t\t<a href=\"#\" class=\"view\" data-id=\"1194\"\n\t\t\t\t\t\t\t\t\taria-label=\"View files\"\n\t\t\t\t\t\t\t\t\ttitle=\"View files\"\n\t\t\t\t\t\t\t\t>\n\t\t\t\t\t\t\t\t\t<i class=\"far fa-eye\" aria-hidden=\"true\"><\/i>\n\t\t\t\t\t\t\t\t\t<span class=\"loader\" aria-label=\"Loader\"><\/span>\n\t\t\t\t\t\t\t\t<\/a>\n\t\t\t\t\t\t\t\n\t\t\t\t\t\t\t\t\t\t\t\t\t\t\t<p class=\"date\">\n\t\t\t\t\t\t\t\t\tjuin 15, 2023\t\t\t\t\t\t\t\t<\/p>\n\t\t\t\t\t\t\t\n\t\t\t\t\t\t\t\t\t\t\t\t\t\t\t\t\t\t\t\t\t\t\t\t<a href=\"https:\/\/urbaines.tropical-solutions.com\/index.php\/ova_doc\/city-board-applications\/\"\n\t\t\t\t\t\t\t\t\t\ttitle=\"City board applications\"\n\t\t\t\t\t\t\t\t\t>\n\t\t\t\t\t\t\t\t\t\t\t\t\t\t\t\t\t\t<h3 class=\"title\">\n\t\t\t\t\t\t\t\t\t\tCity board applications\t\t\t\t\t\t\t\t\t<\/h3>\n\t\t\t\t\t\t\t\t\t\t\t\t\t\t\t\t<\/a>\n\t\t\t\t\t\t\t\t\t\t\t\t\t\t\t\t\t\t\t\t\t<\/div>\n\n\t\t\t\t\t\t\t\t\t\t\t\t\t<a href=\"#\" class=\"icon\" data-id=\"1194\"\n\t\t\t\t\t\t\t\taria-label=\"Download file\"\n\t\t\t\t\t\t\t\ttitle=\"Download file\"\n\t\t\t\t\t\t\t>\n\t\t\t\t\t\t\t\t<i class=\"gimonticon-download\" aria-hidden=\"true\"><\/i>\n\t\t\t\t\t\t\t<\/a>\n\t\t\t\t\t\t\t\t\t\t\t<\/div>\n\t\t\t\t<\/li>\n\t\t\t\t\t\t\t<li class=\"item\">\n\t\t\t\t\t<div class=\"item-wrap\">\n\t\t\t\t\t\t<div class=\"info\">\n\t\t\t\t\t\t\t\t\t\t\t\t\t\t\t<a href=\"#\" class=\"view\" data-id=\"1517\"\n\t\t\t\t\t\t\t\t\taria-label=\"View files\"\n\t\t\t\t\t\t\t\t\ttitle=\"View files\"\n\t\t\t\t\t\t\t\t>\n\t\t\t\t\t\t\t\t\t<i class=\"far fa-eye\" aria-hidden=\"true\"><\/i>\n\t\t\t\t\t\t\t\t\t<span class=\"loader\" aria-label=\"Loader\"><\/span>\n\t\t\t\t\t\t\t\t<\/a>\n\t\t\t\t\t\t\t\n\t\t\t\t\t\t\t\t\t\t\t\t\t\t\t<p class=\"date\">\n\t\t\t\t\t\t\t\t\tjuin 01, 2023\t\t\t\t\t\t\t\t<\/p>\n\t\t\t\t\t\t\t\n\t\t\t\t\t\t\t\t\t\t\t\t\t\t\t\t\t\t\t\t\t\t\t\t<a href=\"https:\/\/urbaines.tropical-solutions.com\/index.php\/ova_doc\/constitution-dossier-mariage\/\"\n\t\t\t\t\t\t\t\t\t\ttitle=\"CONSTITUTION DOSSIER MARIAGE\"\n\t\t\t\t\t\t\t\t\t>\n\t\t\t\t\t\t\t\t\t\t\t\t\t\t\t\t\t\t<h3 class=\"title\">\n\t\t\t\t\t\t\t\t\t\tCONSTITUTION DOSSIER MARIAGE\t\t\t\t\t\t\t\t\t<\/h3>\n\t\t\t\t\t\t\t\t\t\t\t\t\t\t\t\t<\/a>\n\t\t\t\t\t\t\t\t\t\t\t\t\t\t\t\t\t\t\t\t\t<\/div>\n\n\t\t\t\t\t\t\t\t\t\t\t\t\t<a href=\"#\" class=\"icon\" data-id=\"1517\"\n\t\t\t\t\t\t\t\taria-label=\"Download file\"\n\t\t\t\t\t\t\t\ttitle=\"Download file\"\n\t\t\t\t\t\t\t>\n\t\t\t\t\t\t\t\t<i class=\"gimonticon-download\" aria-hidden=\"true\"><\/i>\n\t\t\t\t\t\t\t<\/a>\n\t\t\t\t\t\t\t\t\t\t\t<\/div>\n\t\t\t\t<\/li>\n\t\t\t\t\t\t\t<li class=\"item\">\n\t\t\t\t\t<div class=\"item-wrap\">\n\t\t\t\t\t\t<div class=\"info\">\n\t\t\t\t\t\t\t\t\t\t\t\t\t\t\t<a href=\"#\" class=\"view\" data-id=\"829\"\n\t\t\t\t\t\t\t\t\taria-label=\"View files\"\n\t\t\t\t\t\t\t\t\ttitle=\"View files\"\n\t\t\t\t\t\t\t\t>\n\t\t\t\t\t\t\t\t\t<i class=\"far fa-eye\" aria-hidden=\"true\"><\/i>\n\t\t\t\t\t\t\t\t\t<span class=\"loader\" aria-label=\"Loader\"><\/span>\n\t\t\t\t\t\t\t\t<\/a>\n\t\t\t\t\t\t\t\n\t\t\t\t\t\t\t\t\t\t\t\t\t\t\t<p class=\"date\">\n\t\t\t\t\t\t\t\t\tjuin 18, 2023\t\t\t\t\t\t\t\t<\/p>\n\t\t\t\t\t\t\t\n\t\t\t\t\t\t\t\t\t\t\t\t\t\t\t\t\t\t\t\t\t\t\t\t<a href=\"https:\/\/urbaines.tropical-solutions.com\/index.php\/ova_doc\/economy-growth-rates\/\"\n\t\t\t\t\t\t\t\t\t\ttitle=\"Economy growth rates\"\n\t\t\t\t\t\t\t\t\t>\n\t\t\t\t\t\t\t\t\t\t\t\t\t\t\t\t\t\t<h3 class=\"title\">\n\t\t\t\t\t\t\t\t\t\tEconomy growth rates\t\t\t\t\t\t\t\t\t<\/h3>\n\t\t\t\t\t\t\t\t\t\t\t\t\t\t\t\t<\/a>\n\t\t\t\t\t\t\t\t\t\t\t\t\t\t\t\t\t\t\t\t\t<\/div>\n\n\t\t\t\t\t\t\t\t\t\t\t\t\t<a href=\"#\" class=\"icon\" data-id=\"829\"\n\t\t\t\t\t\t\t\taria-label=\"Download file\"\n\t\t\t\t\t\t\t\ttitle=\"Download file\"\n\t\t\t\t\t\t\t>\n\t\t\t\t\t\t\t\t<i class=\"gimonticon-download\" aria-hidden=\"true\"><\/i>\n\t\t\t\t\t\t\t<\/a>\n\t\t\t\t\t\t\t\t\t\t\t<\/div>\n\t\t\t\t<\/li>\n\t\t\t\t\t\t\t<li class=\"item\">\n\t\t\t\t\t<div class=\"item-wrap\">\n\t\t\t\t\t\t<div class=\"info\">\n\t\t\t\t\t\t\t\t\t\t\t\t\t\t\t<a href=\"#\" class=\"view\" data-id=\"1518\"\n\t\t\t\t\t\t\t\t\taria-label=\"View files\"\n\t\t\t\t\t\t\t\t\ttitle=\"View files\"\n\t\t\t\t\t\t\t\t>\n\t\t\t\t\t\t\t\t\t<i class=\"far fa-eye\" aria-hidden=\"true\"><\/i>\n\t\t\t\t\t\t\t\t\t<span class=\"loader\" aria-label=\"Loader\"><\/span>\n\t\t\t\t\t\t\t\t<\/a>\n\t\t\t\t\t\t\t\n\t\t\t\t\t\t\t\t\t\t\t\t\t\t\t<p class=\"date\">\n\t\t\t\t\t\t\t\t\tjuin 04, 2023\t\t\t\t\t\t\t\t<\/p>\n\t\t\t\t\t\t\t\n\t\t\t\t\t\t\t\t\t\t\t\t\t\t\t\t\t\t\t\t\t\t\t\t<a href=\"https:\/\/urbaines.tropical-solutions.com\/index.php\/ova_doc\/economy-growth-rates-2\/\"\n\t\t\t\t\t\t\t\t\t\ttitle=\"Economy growth rates\"\n\t\t\t\t\t\t\t\t\t>\n\t\t\t\t\t\t\t\t\t\t\t\t\t\t\t\t\t\t<h3 class=\"title\">\n\t\t\t\t\t\t\t\t\t\tEconomy growth rates\t\t\t\t\t\t\t\t\t<\/h3>\n\t\t\t\t\t\t\t\t\t\t\t\t\t\t\t\t<\/a>\n\t\t\t\t\t\t\t\t\t\t\t\t\t\t\t\t\t\t\t\t\t<\/div>\n\n\t\t\t\t\t\t\t\t\t\t\t\t\t<a href=\"#\" class=\"icon\" data-id=\"1518\"\n\t\t\t\t\t\t\t\taria-label=\"Download file\"\n\t\t\t\t\t\t\t\ttitle=\"Download file\"\n\t\t\t\t\t\t\t>\n\t\t\t\t\t\t\t\t<i class=\"gimonticon-download\" aria-hidden=\"true\"><\/i>\n\t\t\t\t\t\t\t<\/a>\n\t\t\t\t\t\t\t\t\t\t\t<\/div>\n\t\t\t\t<\/li>\n\t\t\t\t\t\t\t<li class=\"item\">\n\t\t\t\t\t<div class=\"item-wrap\">\n\t\t\t\t\t\t<div class=\"info\">\n\t\t\t\t\t\t\t\t\t\t\t\t\t\t\t<a href=\"#\" class=\"view\" data-id=\"1513\"\n\t\t\t\t\t\t\t\t\taria-label=\"View files\"\n\t\t\t\t\t\t\t\t\ttitle=\"View files\"\n\t\t\t\t\t\t\t\t>\n\t\t\t\t\t\t\t\t\t<i class=\"far fa-eye\" aria-hidden=\"true\"><\/i>\n\t\t\t\t\t\t\t\t\t<span class=\"loader\" aria-label=\"Loader\"><\/span>\n\t\t\t\t\t\t\t\t<\/a>\n\t\t\t\t\t\t\t\n\t\t\t\t\t\t\t\t\t\t\t\t\t\t\t<p class=\"date\">\n\t\t\t\t\t\t\t\t\tjuin 08, 2023\t\t\t\t\t\t\t\t<\/p>\n\t\t\t\t\t\t\t\n\t\t\t\t\t\t\t\t\t\t\t\t\t\t\t\t\t\t\t\t\t\t\t\t<a href=\"https:\/\/urbaines.tropical-solutions.com\/index.php\/ova_doc\/energy-recycle-plan\/\"\n\t\t\t\t\t\t\t\t\t\ttitle=\"Energy recycle plan\"\n\t\t\t\t\t\t\t\t\t>\n\t\t\t\t\t\t\t\t\t\t\t\t\t\t\t\t\t\t<h3 class=\"title\">\n\t\t\t\t\t\t\t\t\t\tEnergy recycle plan\t\t\t\t\t\t\t\t\t<\/h3>\n\t\t\t\t\t\t\t\t\t\t\t\t\t\t\t\t<\/a>\n\t\t\t\t\t\t\t\t\t\t\t\t\t\t\t\t\t\t\t\t\t<\/div>\n\n\t\t\t\t\t\t\t\t\t\t\t\t\t<a href=\"#\" class=\"icon\" data-id=\"1513\"\n\t\t\t\t\t\t\t\taria-label=\"Download file\"\n\t\t\t\t\t\t\t\ttitle=\"Download file\"\n\t\t\t\t\t\t\t>\n\t\t\t\t\t\t\t\t<i class=\"gimonticon-download\" aria-hidden=\"true\"><\/i>\n\t\t\t\t\t\t\t<\/a>\n\t\t\t\t\t\t\t\t\t\t\t<\/div>\n\t\t\t\t<\/li>\n\t\t\t\t\t\t\t<li class=\"item\">\n\t\t\t\t\t<div class=\"item-wrap\">\n\t\t\t\t\t\t<div class=\"info\">\n\t\t\t\t\t\t\t\t\t\t\t\t\t\t\t<a href=\"#\" class=\"view\" data-id=\"1193\"\n\t\t\t\t\t\t\t\t\taria-label=\"View files\"\n\t\t\t\t\t\t\t\t\ttitle=\"View files\"\n\t\t\t\t\t\t\t\t>\n\t\t\t\t\t\t\t\t\t<i class=\"far fa-eye\" aria-hidden=\"true\"><\/i>\n\t\t\t\t\t\t\t\t\t<span class=\"loader\" aria-label=\"Loader\"><\/span>\n\t\t\t\t\t\t\t\t<\/a>\n\t\t\t\t\t\t\t\n\t\t\t\t\t\t\t\t\t\t\t\t\t\t\t<p class=\"date\">\n\t\t\t\t\t\t\t\t\tjuin 12, 2023\t\t\t\t\t\t\t\t<\/p>\n\t\t\t\t\t\t\t\n\t\t\t\t\t\t\t\t\t\t\t\t\t\t\t\t\t\t\t\t\t\t\t\t<a href=\"https:\/\/urbaines.tropical-solutions.com\/index.php\/ova_doc\/road-transport-forms\/\"\n\t\t\t\t\t\t\t\t\t\ttitle=\"Road transport forms\"\n\t\t\t\t\t\t\t\t\t>\n\t\t\t\t\t\t\t\t\t\t\t\t\t\t\t\t\t\t<h3 class=\"title\">\n\t\t\t\t\t\t\t\t\t\tRoad transport forms\t\t\t\t\t\t\t\t\t<\/h3>\n\t\t\t\t\t\t\t\t\t\t\t\t\t\t\t\t<\/a>\n\t\t\t\t\t\t\t\t\t\t\t\t\t\t\t\t\t\t\t\t\t<\/div>\n\n\t\t\t\t\t\t\t\t\t\t\t\t\t<a href=\"#\" class=\"icon\" data-id=\"1193\"\n\t\t\t\t\t\t\t\taria-label=\"Download file\"\n\t\t\t\t\t\t\t\ttitle=\"Download file\"\n\t\t\t\t\t\t\t>\n\t\t\t\t\t\t\t\t<i class=\"gimonticon-download\" aria-hidden=\"true\"><\/i>\n\t\t\t\t\t\t\t<\/a>\n\t\t\t\t\t\t\t\t\t\t\t<\/div>\n\t\t\t\t<\/li>\n\t\t\t\t\t<\/ul>\n\t\t\t<div class=\"ova_doc_pagination_ajax\" data-args=\"{&quot;order_by&quot;:&quot;title&quot;,&quot;order&quot;:&quot;ASC&quot;,&quot;posts_per_page&quot;:6,&quot;cate&quot;:&quot;all&quot;}\">\n\t\t\t<nav class=\"navigation pagination\" aria-label=\"Pagination\">\n\t\t\t\t<div class=\"nav-links\">\n\t\t\t\t\t<ul class=\"page-numbers\">\n\n\t\t\t\t\t\t\t\t\t\t\t\t\t<li>\n\t\t\t\t\t\t\t\t\t\t\t\t\t\t\t\t\t<span aria-current=\"page\" class=\"page-numbers current\">\n\t\t\t\t\t\t\t\t\t\t1\t\t\t\t\t\t\t\t\t<\/span>\n\t\t\t\t\t\t\t\t\t\t\t\t\t\t\t<\/li>\n\t\t\t\t\t\t\t\t\t\t\t\t\t<li>\n\t\t\t\t\t\t\t\t\t\t\t\t\t\t\t\t\t\t\t\t\t\t\t\t\t\t<a href=\"#\" class=\"page-numbers\"\n\t\t\t\t\t\t\t\t\tdata-offset=\"6\"\n\t\t\t\t\t\t\t\t\tdata-page=\"2\">\n\t\t\t\t\t\t\t\t\t2\t\t\t\t\t\t\t\t\t<\/a>\n\t\t\t\t\t\t\t\t\t\t\t\t\t\t\t<\/li>\n\t\t\t\t\t\t\n\t\t\t\t\t\t\t\t\t\t\t\t\t<li>\n\t\t\t\t\t\t\t\t<a class=\"next page-numbers\" href=\"#\"\n\t\t\t\t\t\t\t\taria-label=\"Next Page\"\n\t\t\t\t\t\t\t\tdata-offset=\"6\"\n\t\t\t\t\t\t\t\tdata-page=\"2\">\n\t\t\t\t\t\t\t\t<i class=\"ovaicon-next\" aria-hidden=\"true\"><\/i>\n\t\t\t\t\t\t\t\t<\/a>\n\t\t\t\t\t\t\t<\/li>\n\t\t\t\t\t\t\n\t\t\t\t\t<\/ul>\n\t\t\t\t<\/div>\n\t\t\t<\/nav>\n\t\t<\/div>\n\t\t\t<\/div>\n\t<\/div>\n\n\t<div class=\"ova-doc-modal\"><\/div>\n<\/div>\t\t<\/div>\n\t\t\t\t<\/div>\n\t\t\t\t\t<\/div>\n\t\t<\/div>\n\t\t\t\t\t<\/div>\n\t\t<\/section>\n\t\t\t\t<\/div>\n\t\t","protected":false},"excerpt":{"rendered":"<p>Cat\u00e9gories Annonces Appels d&#039;offres Budget Droit \u00c9tat-civil Politique Rapports et r\u00e9solutions Name Published Date Category All CategoriesAppels d&rsquo;offres\u00c9tat-civilBudgetRapports et r\u00e9solutionsPolitiqueDroitAnnonces Find Document juin 15, 2023 City board applications juin 01, 2023 CONSTITUTION DOSSIER MARIAGE juin 18, 2023 Economy growth rates juin 04, 2023 Economy growth rates juin 08, 2023 Energy recycle plan juin 12, 2023 [&hellip;]<\/p>\n","protected":false},"author":1,"featured_media":0,"parent":0,"menu_order":0,"comment_status":"closed","ping_status":"closed","template":"elementor_header_footer","meta":{"_monsterinsights_skip_tracking":false,"_monsterinsights_sitenote_active":false,"_monsterinsights_sitenote_note":"","_monsterinsights_sitenote_category":0,"footnotes":""},"class_list":["post-15273","page","type-page","status-publish","hentry"],"yoast_head":"<!-- This site is optimized with the Yoast SEO plugin v23.8 - https:\/\/yoast.com\/wordpress\/plugins\/seo\/ -->\n<title>Documents - Communaut\u00e9 urbaine de Garoua<\/title>\n<meta name=\"robots\" content=\"index, follow, max-snippet:-1, max-image-preview:large, max-video-preview:-1\" \/>\n<link rel=\"canonical\" href=\"https:\/\/urbaines.tropical-solutions.com\/index.php\/documents\/\" \/>\n<meta property=\"og:locale\" content=\"fr_FR\" \/>\n<meta property=\"og:type\" content=\"article\" \/>\n<meta property=\"og:title\" content=\"Documents - Communaut\u00e9 urbaine de Garoua\" \/>\n<meta property=\"og:description\" content=\"Cat\u00e9gories Annonces Appels d&#039;offres Budget Droit \u00c9tat-civil Politique Rapports et r\u00e9solutions Name Published Date Category All CategoriesAppels d&rsquo;offres\u00c9tat-civilBudgetRapports et r\u00e9solutionsPolitiqueDroitAnnonces Find Document juin 15, 2023 City board applications juin 01, 2023 CONSTITUTION DOSSIER MARIAGE juin 18, 2023 Economy growth rates juin 04, 2023 Economy growth rates juin 08, 2023 Energy recycle plan juin 12, 2023 [&hellip;]\" \/>\n<meta property=\"og:url\" content=\"https:\/\/urbaines.tropical-solutions.com\/index.php\/documents\/\" \/>\n<meta property=\"og:site_name\" content=\"Communaut\u00e9 urbaine de Garoua\" \/>\n<meta property=\"article:modified_time\" content=\"2024-10-15T08:31:33+00:00\" \/>\n<meta name=\"twitter:card\" content=\"summary_large_image\" \/>\n<meta name=\"twitter:label1\" content=\"Dur\u00e9e de lecture estim\u00e9e\" \/>\n\t<meta name=\"twitter:data1\" content=\"3 minutes\" \/>\n<script type=\"application\/ld+json\" class=\"yoast-schema-graph\">{\"@context\":\"https:\/\/schema.org\",\"@graph\":[{\"@type\":\"WebPage\",\"@id\":\"https:\/\/urbaines.tropical-solutions.com\/index.php\/documents\/\",\"url\":\"https:\/\/urbaines.tropical-solutions.com\/index.php\/documents\/\",\"name\":\"Documents - Communaut\u00e9 urbaine de Garoua\",\"isPartOf\":{\"@id\":\"https:\/\/urbaines.tropical-solutions.com\/#website\"},\"datePublished\":\"2023-10-06T02:51:25+00:00\",\"dateModified\":\"2024-10-15T08:31:33+00:00\",\"breadcrumb\":{\"@id\":\"https:\/\/urbaines.tropical-solutions.com\/index.php\/documents\/#breadcrumb\"},\"inLanguage\":\"fr-FR\",\"potentialAction\":[{\"@type\":\"ReadAction\",\"target\":[\"https:\/\/urbaines.tropical-solutions.com\/index.php\/documents\/\"]}]},{\"@type\":\"BreadcrumbList\",\"@id\":\"https:\/\/urbaines.tropical-solutions.com\/index.php\/documents\/#breadcrumb\",\"itemListElement\":[{\"@type\":\"ListItem\",\"position\":1,\"name\":\"Accueil\",\"item\":\"https:\/\/urbaines.tropical-solutions.com\/\"},{\"@type\":\"ListItem\",\"position\":2,\"name\":\"Documents\"}]},{\"@type\":\"WebSite\",\"@id\":\"https:\/\/urbaines.tropical-solutions.com\/#website\",\"url\":\"https:\/\/urbaines.tropical-solutions.com\/\",\"name\":\"Communaut\u00e9 urbaine de Garoua\",\"description\":\"\",\"potentialAction\":[{\"@type\":\"SearchAction\",\"target\":{\"@type\":\"EntryPoint\",\"urlTemplate\":\"https:\/\/urbaines.tropical-solutions.com\/?s={search_term_string}\"},\"query-input\":{\"@type\":\"PropertyValueSpecification\",\"valueRequired\":true,\"valueName\":\"search_term_string\"}}],\"inLanguage\":\"fr-FR\"}]}<\/script>\n<!-- \/ Yoast SEO plugin. -->","yoast_head_json":{"title":"Documents - Communaut\u00e9 urbaine de Garoua","robots":{"index":"index","follow":"follow","max-snippet":"max-snippet:-1","max-image-preview":"max-image-preview:large","max-video-preview":"max-video-preview:-1"},"canonical":"https:\/\/urbaines.tropical-solutions.com\/index.php\/documents\/","og_locale":"fr_FR","og_type":"article","og_title":"Documents - Communaut\u00e9 urbaine de Garoua","og_description":"Cat\u00e9gories Annonces Appels d&#039;offres Budget Droit \u00c9tat-civil Politique Rapports et r\u00e9solutions Name Published Date Category All CategoriesAppels d&rsquo;offres\u00c9tat-civilBudgetRapports et r\u00e9solutionsPolitiqueDroitAnnonces Find Document juin 15, 2023 City board applications juin 01, 2023 CONSTITUTION DOSSIER MARIAGE juin 18, 2023 Economy growth rates juin 04, 2023 Economy growth rates juin 08, 2023 Energy recycle plan juin 12, 2023 [&hellip;]","og_url":"https:\/\/urbaines.tropical-solutions.com\/index.php\/documents\/","og_site_name":"Communaut\u00e9 urbaine de Garoua","article_modified_time":"2024-10-15T08:31:33+00:00","twitter_card":"summary_large_image","twitter_misc":{"Dur\u00e9e de lecture estim\u00e9e":"3 minutes"},"schema":{"@context":"https:\/\/schema.org","@graph":[{"@type":"WebPage","@id":"https:\/\/urbaines.tropical-solutions.com\/index.php\/documents\/","url":"https:\/\/urbaines.tropical-solutions.com\/index.php\/documents\/","name":"Documents - Communaut\u00e9 urbaine de Garoua","isPartOf":{"@id":"https:\/\/urbaines.tropical-solutions.com\/#website"},"datePublished":"2023-10-06T02:51:25+00:00","dateModified":"2024-10-15T08:31:33+00:00","breadcrumb":{"@id":"https:\/\/urbaines.tropical-solutions.com\/index.php\/documents\/#breadcrumb"},"inLanguage":"fr-FR","potentialAction":[{"@type":"ReadAction","target":["https:\/\/urbaines.tropical-solutions.com\/index.php\/documents\/"]}]},{"@type":"BreadcrumbList","@id":"https:\/\/urbaines.tropical-solutions.com\/index.php\/documents\/#breadcrumb","itemListElement":[{"@type":"ListItem","position":1,"name":"Accueil","item":"https:\/\/urbaines.tropical-solutions.com\/"},{"@type":"ListItem","position":2,"name":"Documents"}]},{"@type":"WebSite","@id":"https:\/\/urbaines.tropical-solutions.com\/#website","url":"https:\/\/urbaines.tropical-solutions.com\/","name":"Communaut\u00e9 urbaine de Garoua","description":"","potentialAction":[{"@type":"SearchAction","target":{"@type":"EntryPoint","urlTemplate":"https:\/\/urbaines.tropical-solutions.com\/?s={search_term_string}"},"query-input":{"@type":"PropertyValueSpecification","valueRequired":true,"valueName":"search_term_string"}}],"inLanguage":"fr-FR"}]}},"_links":{"self":[{"href":"https:\/\/urbaines.tropical-solutions.com\/index.php\/wp-json\/wp\/v2\/pages\/15273","targetHints":{"allow":["GET"]}}],"collection":[{"href":"https:\/\/urbaines.tropical-solutions.com\/index.php\/wp-json\/wp\/v2\/pages"}],"about":[{"href":"https:\/\/urbaines.tropical-solutions.com\/index.php\/wp-json\/wp\/v2\/types\/page"}],"author":[{"embeddable":true,"href":"https:\/\/urbaines.tropical-solutions.com\/index.php\/wp-json\/wp\/v2\/users\/1"}],"replies":[{"embeddable":true,"href":"https:\/\/urbaines.tropical-solutions.com\/index.php\/wp-json\/wp\/v2\/comments?post=15273"}],"version-history":[{"count":4,"href":"https:\/\/urbaines.tropical-solutions.com\/index.php\/wp-json\/wp\/v2\/pages\/15273\/revisions"}],"predecessor-version":[{"id":19336,"href":"https:\/\/urbaines.tropical-solutions.com\/index.php\/wp-json\/wp\/v2\/pages\/15273\/revisions\/19336"}],"wp:attachment":[{"href":"https:\/\/urbaines.tropical-solutions.com\/index.php\/wp-json\/wp\/v2\/media?parent=15273"}],"curies":[{"name":"wp","href":"https:\/\/api.w.org\/{rel}","templated":true}]}}