{"id":1504,"date":"2023-06-21T02:24:32","date_gmt":"2023-06-21T02:24:32","guid":{"rendered":"https:\/\/urbaines.tropical-solutions.com\/?page_id=1504"},"modified":"2024-11-04T21:29:36","modified_gmt":"2024-11-04T21:29:36","slug":"les-elus","status":"publish","type":"page","link":"https:\/\/urbaines.tropical-solutions.com\/index.php\/les-elus\/","title":{"rendered":"Les \u00e9lus"},"content":{"rendered":"\t\t<div data-elementor-type=\"wp-page\" data-elementor-id=\"1504\" class=\"elementor elementor-1504\">\n\t\t\t\t\t\t<div class=\"elementor-section elementor-top-section elementor-element elementor-element-b7ac66b elementor-section-boxed elementor-section-height-default elementor-section-height-default\" data-id=\"b7ac66b\" data-element_type=\"section\">\n\t\t\t\t\t\t<div class=\"elementor-container elementor-column-gap-default\">\n\t\t\t\t\t<div class=\"elementor-column elementor-col-100 elementor-top-column elementor-element elementor-element-790f813\" data-id=\"790f813\" data-element_type=\"column\">\n\t\t\t<div class=\"elementor-widget-wrap elementor-element-populated\">\n\t\t\t\t\t\t<div class=\"elementor-element elementor-element-3167d67 elementor-widget elementor-widget-gimont_elementor_heading\" data-id=\"3167d67\" data-element_type=\"widget\" data-widget_type=\"gimont_elementor_heading.default\">\n\t\t\t\t<div class=\"elementor-widget-container\">\n\t\t\t\n\t\t\t<div class=\"ova-heading template_1\">\n\t\t\t\t\t\t\t\t\n\t\t\t\t\t\t\t\t\t\t\t\t\t\t\t<h2 class=\"title\">Le Maire<\/h2>\n\t\t\t\t\t\t\t\t\t\t\n\t\t\t\t\t\t\t\t\n\t\t\t\t\n\t\t\t<\/div>\n\n\t\t\t\t<\/div>\n\t\t\t\t<\/div>\n\t\t\t\t\t<\/div>\n\t\t<\/div>\n\t\t\t\t\t<\/div>\n\t\t<\/div>\n\t\t<div class=\"elementor-element elementor-element-a324502 e-flex e-con-boxed e-con e-parent\" data-id=\"a324502\" data-element_type=\"container\">\n\t\t\t\t\t<div class=\"e-con-inner\">\n\t\t<div class=\"elementor-element elementor-element-31084b7 e-con-full e-flex e-con e-child\" data-id=\"31084b7\" data-element_type=\"container\">\n\t\t\t\t<\/div>\n\t\t<div class=\"elementor-element elementor-element-99e023e e-con-full e-flex e-con e-child\" data-id=\"99e023e\" data-element_type=\"container\">\n\t\t\t\t<div class=\"elementor-element elementor-element-e83b6ab elementor-widget elementor-widget-ova_team_grid\" data-id=\"e83b6ab\" data-element_type=\"widget\" data-widget_type=\"ova_team_grid.default\">\n\t\t\t\t<div class=\"elementor-widget-container\">\n\t\t\t\n<div class=\"ova_archive_team archive_team default   two_column\">\n\t<div class=\"content \">\n\n\t\t\n\t<div class=\"ova-team-items items\">\n\n\t\t\t\t\t<div class=\"ova-media\">\n\t\t\t\t\t\t\t\t<a href=\"https:\/\/urbaines.tropical-solutions.com\/index.php\/team\/leslie-monkam\/\" title=\"Leslie Monkam\">\n\t\t\t\t\t\t\t\t\t<img decoding=\"async\" src=\"https:\/\/urbaines.tropical-solutions.com\/wp-content\/uploads\/2023\/06\/AnyConv.com__AnyConv.com__MAIRE1-team.webp\" alt=\"Leslie Monkam\">\n\t\t\t\t\t\t\t\t<\/a>\n\t\t\t\t\t\t\t<\/div>\n\t\t\t\t\n\t\t<div class=\"ova-info-content\">\n\n\t\t\t\t\t\t\t<p class=\"job\">\n\t\t\t\t\tCity Mayor\t\t\t\t<\/p>\n\t\t\t\n\t\t\t\t\t\t\t<h3 class=\"name\">\n\t\t\t\t\t\t\t\t\t\t<a href=\"https:\/\/urbaines.tropical-solutions.com\/index.php\/team\/leslie-monkam\/\" title=\"Leslie Monkam\">\n\t\t\t\t\t\t\t\t\t\t\tLeslie Monkam\t\t\t\t\t\t\t\t\t\t<\/a>\n\t\t\t\t\t\t\t\t\t<\/h3>\n\t\t\t\n\t\t\t\t\t\t\t<ul class=\"ova-social\">\n\t\t\t\t\t\t\t\t\t\t\t<li class=\"icon\">\n\t\t\t\t\t\t\t<a href=\"#\" target=\"_blank\"\n\t\t\t\t\t\t\t\taria-label=\"Share social team link\"\n\t\t\t\t\t\t\t>\n\t\t\t\t\t\t\t\t<i class=\"ovaicon ovaicon-twitter\" aria-hidden=\"true\"><\/i>\n\t\t\t\t\t\t\t<\/a>\n\t\t\t\t\t\t<\/li>\n\t\t\t\t\t\t\t\t\t\t\t<li class=\"icon\">\n\t\t\t\t\t\t\t<a href=\"#\" target=\"_blank\"\n\t\t\t\t\t\t\t\taria-label=\"Share social team link\"\n\t\t\t\t\t\t\t>\n\t\t\t\t\t\t\t\t<i class=\"ovaicon ovaicon-facebook-logo\" aria-hidden=\"true\"><\/i>\n\t\t\t\t\t\t\t<\/a>\n\t\t\t\t\t\t<\/li>\n\t\t\t\t\t\t\t\t\t\t\t<li class=\"icon\">\n\t\t\t\t\t\t\t<a href=\"#\" target=\"_blank\"\n\t\t\t\t\t\t\t\taria-label=\"Share social team link\"\n\t\t\t\t\t\t\t>\n\t\t\t\t\t\t\t\t<i class=\"ovaicon ovaicon-instagram\" aria-hidden=\"true\"><\/i>\n\t\t\t\t\t\t\t<\/a>\n\t\t\t\t\t\t<\/li>\n\t\t\t\t\t\t\t\t\t<\/ul>\n\t\t\t\n\t\t<\/div>\n\n\t<\/div>\t\t\n\t<\/div>\n<\/div>\t\t<\/div>\n\t\t\t\t<\/div>\n\t\t\t\t<\/div>\n\t\t\t\t\t<\/div>\n\t\t\t\t<\/div>\n\t\t\t\t<section class=\"elementor-section elementor-top-section elementor-element elementor-element-73b8d0b elementor-section-boxed elementor-section-height-default elementor-section-height-default\" data-id=\"73b8d0b\" data-element_type=\"section\">\n\t\t\t\t\t\t<div class=\"elementor-container elementor-column-gap-default\">\n\t\t\t\t\t<div class=\"elementor-column elementor-col-100 elementor-top-column elementor-element elementor-element-4ade535\" data-id=\"4ade535\" data-element_type=\"column\">\n\t\t\t<div class=\"elementor-widget-wrap elementor-element-populated\">\n\t\t\t\t\t\t<div class=\"elementor-element elementor-element-27f9379 elementor-widget elementor-widget-gimont_elementor_heading\" data-id=\"27f9379\" data-element_type=\"widget\" data-widget_type=\"gimont_elementor_heading.default\">\n\t\t\t\t<div class=\"elementor-widget-container\">\n\t\t\t\n\t\t\t<div class=\"ova-heading template_1\">\n\t\t\t\t\t\t\t\t\n\t\t\t\t\t\t\t\t\t\t\t\t\t\t\t<h2 class=\"title\">Les adjoins au maire<\/h2>\n\t\t\t\t\t\t\t\t\t\t\n\t\t\t\t\t\t\t\t\n\t\t\t\t\n\t\t\t<\/div>\n\n\t\t\t\t<\/div>\n\t\t\t\t<\/div>\n\t\t\t\t<div class=\"elementor-element elementor-element-0077981 elementor-widget elementor-widget-ova_team_grid\" data-id=\"0077981\" data-element_type=\"widget\" data-widget_type=\"ova_team_grid.default\">\n\t\t\t\t<div class=\"elementor-widget-container\">\n\t\t\t\n<div class=\"ova_archive_team archive_team default   three_column\">\n\t<div class=\"content \">\n\n\t\t\n\t<div class=\"ova-team-items items\">\n\n\t\t\t\t\t<div class=\"ova-media\">\n\t\t\t\t\t\t\t\t<a href=\"https:\/\/urbaines.tropical-solutions.com\/index.php\/team\/momo-william\/\" title=\"Momo William\">\n\t\t\t\t\t\t\t\t\t<img decoding=\"async\" src=\"https:\/\/urbaines.tropical-solutions.com\/wp-content\/uploads\/2023\/06\/AnyConv.com__AnyConv.com__MAIRE1-team.webp\" alt=\"Momo William\">\n\t\t\t\t\t\t\t\t<\/a>\n\t\t\t\t\t\t\t<\/div>\n\t\t\t\t\n\t\t<div class=\"ova-info-content\">\n\n\t\t\t\t\t\t\t<p class=\"job\">\n\t\t\t\t\tCity Mayor\t\t\t\t<\/p>\n\t\t\t\n\t\t\t\t\t\t\t<h3 class=\"name\">\n\t\t\t\t\t\t\t\t\t\t<a href=\"https:\/\/urbaines.tropical-solutions.com\/index.php\/team\/momo-william\/\" title=\"Momo William\">\n\t\t\t\t\t\t\t\t\t\t\tMomo William\t\t\t\t\t\t\t\t\t\t<\/a>\n\t\t\t\t\t\t\t\t\t<\/h3>\n\t\t\t\n\t\t\t\t\t\t\t<ul class=\"ova-social\">\n\t\t\t\t\t\t\t\t\t\t\t<li class=\"icon\">\n\t\t\t\t\t\t\t<a href=\"#\" target=\"_blank\"\n\t\t\t\t\t\t\t\taria-label=\"Share social team link\"\n\t\t\t\t\t\t\t>\n\t\t\t\t\t\t\t\t<i class=\"ovaicon ovaicon-twitter\" aria-hidden=\"true\"><\/i>\n\t\t\t\t\t\t\t<\/a>\n\t\t\t\t\t\t<\/li>\n\t\t\t\t\t\t\t\t\t\t\t<li class=\"icon\">\n\t\t\t\t\t\t\t<a href=\"#\" target=\"_blank\"\n\t\t\t\t\t\t\t\taria-label=\"Share social team link\"\n\t\t\t\t\t\t\t>\n\t\t\t\t\t\t\t\t<i class=\"ovaicon ovaicon-facebook-logo\" aria-hidden=\"true\"><\/i>\n\t\t\t\t\t\t\t<\/a>\n\t\t\t\t\t\t<\/li>\n\t\t\t\t\t\t\t\t\t\t\t<li class=\"icon\">\n\t\t\t\t\t\t\t<a href=\"#\" target=\"_blank\"\n\t\t\t\t\t\t\t\taria-label=\"Share social team link\"\n\t\t\t\t\t\t\t>\n\t\t\t\t\t\t\t\t<i class=\"ovaicon ovaicon-instagram\" aria-hidden=\"true\"><\/i>\n\t\t\t\t\t\t\t<\/a>\n\t\t\t\t\t\t<\/li>\n\t\t\t\t\t\t\t\t\t<\/ul>\n\t\t\t\n\t\t<\/div>\n\n\t<\/div>\n\t<div class=\"ova-team-items items\">\n\n\t\t\t\t\t<div class=\"ova-media\">\n\t\t\t\t\t\t\t\t<a href=\"https:\/\/urbaines.tropical-solutions.com\/index.php\/team\/leslie-monkam\/\" title=\"Leslie Monkam\">\n\t\t\t\t\t\t\t\t\t<img decoding=\"async\" src=\"https:\/\/urbaines.tropical-solutions.com\/wp-content\/uploads\/2023\/06\/AnyConv.com__AnyConv.com__MAIRE1-team.webp\" alt=\"Leslie Monkam\">\n\t\t\t\t\t\t\t\t<\/a>\n\t\t\t\t\t\t\t<\/div>\n\t\t\t\t\n\t\t<div class=\"ova-info-content\">\n\n\t\t\t\t\t\t\t<p class=\"job\">\n\t\t\t\t\tCity Mayor\t\t\t\t<\/p>\n\t\t\t\n\t\t\t\t\t\t\t<h3 class=\"name\">\n\t\t\t\t\t\t\t\t\t\t<a href=\"https:\/\/urbaines.tropical-solutions.com\/index.php\/team\/leslie-monkam\/\" title=\"Leslie Monkam\">\n\t\t\t\t\t\t\t\t\t\t\tLeslie Monkam\t\t\t\t\t\t\t\t\t\t<\/a>\n\t\t\t\t\t\t\t\t\t<\/h3>\n\t\t\t\n\t\t\t\t\t\t\t<ul class=\"ova-social\">\n\t\t\t\t\t\t\t\t\t\t\t<li class=\"icon\">\n\t\t\t\t\t\t\t<a href=\"#\" target=\"_blank\"\n\t\t\t\t\t\t\t\taria-label=\"Share social team link\"\n\t\t\t\t\t\t\t>\n\t\t\t\t\t\t\t\t<i class=\"ovaicon ovaicon-twitter\" aria-hidden=\"true\"><\/i>\n\t\t\t\t\t\t\t<\/a>\n\t\t\t\t\t\t<\/li>\n\t\t\t\t\t\t\t\t\t\t\t<li class=\"icon\">\n\t\t\t\t\t\t\t<a href=\"#\" target=\"_blank\"\n\t\t\t\t\t\t\t\taria-label=\"Share social team link\"\n\t\t\t\t\t\t\t>\n\t\t\t\t\t\t\t\t<i class=\"ovaicon ovaicon-facebook-logo\" aria-hidden=\"true\"><\/i>\n\t\t\t\t\t\t\t<\/a>\n\t\t\t\t\t\t<\/li>\n\t\t\t\t\t\t\t\t\t\t\t<li class=\"icon\">\n\t\t\t\t\t\t\t<a href=\"#\" target=\"_blank\"\n\t\t\t\t\t\t\t\taria-label=\"Share social team link\"\n\t\t\t\t\t\t\t>\n\t\t\t\t\t\t\t\t<i class=\"ovaicon ovaicon-instagram\" aria-hidden=\"true\"><\/i>\n\t\t\t\t\t\t\t<\/a>\n\t\t\t\t\t\t<\/li>\n\t\t\t\t\t\t\t\t\t<\/ul>\n\t\t\t\n\t\t<\/div>\n\n\t<\/div>\n\t<div class=\"ova-team-items items\">\n\n\t\t\t\t\t<div class=\"ova-media\">\n\t\t\t\t\t\t\t\t<a href=\"https:\/\/urbaines.tropical-solutions.com\/index.php\/team\/kuate-simmon\/\" title=\"Kuat\u00e9 Simmon\">\n\t\t\t\t\t\t\t\t\t<img decoding=\"async\" src=\"https:\/\/urbaines.tropical-solutions.com\/wp-content\/uploads\/2023\/06\/AnyConv.com__AnyConv.com__MAIRE1-team.webp\" alt=\"Kuat\u00e9 Simmon\">\n\t\t\t\t\t\t\t\t<\/a>\n\t\t\t\t\t\t\t<\/div>\n\t\t\t\t\n\t\t<div class=\"ova-info-content\">\n\n\t\t\t\t\t\t\t<p class=\"job\">\n\t\t\t\t\tCity Mayor\t\t\t\t<\/p>\n\t\t\t\n\t\t\t\t\t\t\t<h3 class=\"name\">\n\t\t\t\t\t\t\t\t\t\t<a href=\"https:\/\/urbaines.tropical-solutions.com\/index.php\/team\/kuate-simmon\/\" title=\"Kuat\u00e9 Simmon\">\n\t\t\t\t\t\t\t\t\t\t\tKuat\u00e9 Simmon\t\t\t\t\t\t\t\t\t\t<\/a>\n\t\t\t\t\t\t\t\t\t<\/h3>\n\t\t\t\n\t\t\t\t\t\t\t<ul class=\"ova-social\">\n\t\t\t\t\t\t\t\t\t\t\t<li class=\"icon\">\n\t\t\t\t\t\t\t<a href=\"#\" target=\"_blank\"\n\t\t\t\t\t\t\t\taria-label=\"Share social team link\"\n\t\t\t\t\t\t\t>\n\t\t\t\t\t\t\t\t<i class=\"ovaicon ovaicon-twitter\" aria-hidden=\"true\"><\/i>\n\t\t\t\t\t\t\t<\/a>\n\t\t\t\t\t\t<\/li>\n\t\t\t\t\t\t\t\t\t\t\t<li class=\"icon\">\n\t\t\t\t\t\t\t<a href=\"#\" target=\"_blank\"\n\t\t\t\t\t\t\t\taria-label=\"Share social team link\"\n\t\t\t\t\t\t\t>\n\t\t\t\t\t\t\t\t<i class=\"ovaicon ovaicon-facebook-logo\" aria-hidden=\"true\"><\/i>\n\t\t\t\t\t\t\t<\/a>\n\t\t\t\t\t\t<\/li>\n\t\t\t\t\t\t\t\t\t\t\t<li class=\"icon\">\n\t\t\t\t\t\t\t<a href=\"#\" target=\"_blank\"\n\t\t\t\t\t\t\t\taria-label=\"Share social team link\"\n\t\t\t\t\t\t\t>\n\t\t\t\t\t\t\t\t<i class=\"ovaicon ovaicon-instagram\" aria-hidden=\"true\"><\/i>\n\t\t\t\t\t\t\t<\/a>\n\t\t\t\t\t\t<\/li>\n\t\t\t\t\t\t\t\t\t<\/ul>\n\t\t\t\n\t\t<\/div>\n\n\t<\/div>\t\t\n\t<\/div>\n<\/div>\t\t<\/div>\n\t\t\t\t<\/div>\n\t\t\t\t\t<\/div>\n\t\t<\/div>\n\t\t\t\t\t<\/div>\n\t\t<\/section>\n\t\t\t\t<section class=\"elementor-section elementor-top-section elementor-element elementor-element-609af83 elementor-section-boxed elementor-section-height-default elementor-section-height-default\" data-id=\"609af83\" data-element_type=\"section\">\n\t\t\t\t\t\t<div class=\"elementor-container elementor-column-gap-default\">\n\t\t\t\t\t<div class=\"elementor-column elementor-col-100 elementor-top-column elementor-element elementor-element-fd4306d\" data-id=\"fd4306d\" data-element_type=\"column\">\n\t\t\t<div class=\"elementor-widget-wrap elementor-element-populated\">\n\t\t\t\t\t\t<div class=\"elementor-element elementor-element-8210d48 elementor-widget elementor-widget-gimont_elementor_heading\" data-id=\"8210d48\" data-element_type=\"widget\" data-widget_type=\"gimont_elementor_heading.default\">\n\t\t\t\t<div class=\"elementor-widget-container\">\n\t\t\t\n\t\t\t<div class=\"ova-heading template_1\">\n\t\t\t\t\t\t\t\t\n\t\t\t\t\t\t\t\t\t\t\t\t\t\t\t<h2 class=\"title\">Les Ediles de la Ville de ...<\/h2>\n\t\t\t\t\t\t\t\t\t\t\n\t\t\t\t\t\t\t\t\n\t\t\t\t\t\t\t\t\t<p class=\"desc\">les anciens D\u00e9l\u00e9gu\u00e9s du Gouvernement de la Ville de ...<\/p>\n\t\t\t\t\n\t\t\t<\/div>\n\n\t\t\t\t<\/div>\n\t\t\t\t<\/div>\n\t\t\t\t<div class=\"elementor-element elementor-element-f040afa elementor-widget elementor-widget-ova_team_grid\" data-id=\"f040afa\" data-element_type=\"widget\" data-widget_type=\"ova_team_grid.default\">\n\t\t\t\t<div class=\"elementor-widget-container\">\n\t\t\t\n<div class=\"ova_archive_team archive_team default   three_column\">\n\t<div class=\"content \">\n\n\t\t\n\t<div class=\"ova-team-items items\">\n\n\t\t\t\t\t<div class=\"ova-media\">\n\t\t\t\t\t\t\t\t<a href=\"https:\/\/urbaines.tropical-solutions.com\/index.php\/team\/momo-william\/\" title=\"Momo William\">\n\t\t\t\t\t\t\t\t\t<img decoding=\"async\" src=\"https:\/\/urbaines.tropical-solutions.com\/wp-content\/uploads\/2023\/06\/AnyConv.com__AnyConv.com__MAIRE1-team.webp\" alt=\"Momo William\">\n\t\t\t\t\t\t\t\t<\/a>\n\t\t\t\t\t\t\t<\/div>\n\t\t\t\t\n\t\t<div class=\"ova-info-content\">\n\n\t\t\t\t\t\t\t<p class=\"job\">\n\t\t\t\t\tCity Mayor\t\t\t\t<\/p>\n\t\t\t\n\t\t\t\t\t\t\t<h3 class=\"name\">\n\t\t\t\t\t\t\t\t\t\t<a href=\"https:\/\/urbaines.tropical-solutions.com\/index.php\/team\/momo-william\/\" title=\"Momo William\">\n\t\t\t\t\t\t\t\t\t\t\tMomo William\t\t\t\t\t\t\t\t\t\t<\/a>\n\t\t\t\t\t\t\t\t\t<\/h3>\n\t\t\t\n\t\t\t\t\t\t\t<ul class=\"ova-social\">\n\t\t\t\t\t\t\t\t\t\t\t<li class=\"icon\">\n\t\t\t\t\t\t\t<a href=\"#\" target=\"_blank\"\n\t\t\t\t\t\t\t\taria-label=\"Share social team link\"\n\t\t\t\t\t\t\t>\n\t\t\t\t\t\t\t\t<i class=\"ovaicon ovaicon-twitter\" aria-hidden=\"true\"><\/i>\n\t\t\t\t\t\t\t<\/a>\n\t\t\t\t\t\t<\/li>\n\t\t\t\t\t\t\t\t\t\t\t<li class=\"icon\">\n\t\t\t\t\t\t\t<a href=\"#\" target=\"_blank\"\n\t\t\t\t\t\t\t\taria-label=\"Share social team link\"\n\t\t\t\t\t\t\t>\n\t\t\t\t\t\t\t\t<i class=\"ovaicon ovaicon-facebook-logo\" aria-hidden=\"true\"><\/i>\n\t\t\t\t\t\t\t<\/a>\n\t\t\t\t\t\t<\/li>\n\t\t\t\t\t\t\t\t\t\t\t<li class=\"icon\">\n\t\t\t\t\t\t\t<a href=\"#\" target=\"_blank\"\n\t\t\t\t\t\t\t\taria-label=\"Share social team link\"\n\t\t\t\t\t\t\t>\n\t\t\t\t\t\t\t\t<i class=\"ovaicon ovaicon-instagram\" aria-hidden=\"true\"><\/i>\n\t\t\t\t\t\t\t<\/a>\n\t\t\t\t\t\t<\/li>\n\t\t\t\t\t\t\t\t\t<\/ul>\n\t\t\t\n\t\t<\/div>\n\n\t<\/div>\n\t<div class=\"ova-team-items items\">\n\n\t\t\t\t\t<div class=\"ova-media\">\n\t\t\t\t\t\t\t\t<a href=\"https:\/\/urbaines.tropical-solutions.com\/index.php\/team\/leslie-monkam\/\" title=\"Leslie Monkam\">\n\t\t\t\t\t\t\t\t\t<img decoding=\"async\" src=\"https:\/\/urbaines.tropical-solutions.com\/wp-content\/uploads\/2023\/06\/AnyConv.com__AnyConv.com__MAIRE1-team.webp\" alt=\"Leslie Monkam\">\n\t\t\t\t\t\t\t\t<\/a>\n\t\t\t\t\t\t\t<\/div>\n\t\t\t\t\n\t\t<div class=\"ova-info-content\">\n\n\t\t\t\t\t\t\t<p class=\"job\">\n\t\t\t\t\tCity Mayor\t\t\t\t<\/p>\n\t\t\t\n\t\t\t\t\t\t\t<h3 class=\"name\">\n\t\t\t\t\t\t\t\t\t\t<a href=\"https:\/\/urbaines.tropical-solutions.com\/index.php\/team\/leslie-monkam\/\" title=\"Leslie Monkam\">\n\t\t\t\t\t\t\t\t\t\t\tLeslie Monkam\t\t\t\t\t\t\t\t\t\t<\/a>\n\t\t\t\t\t\t\t\t\t<\/h3>\n\t\t\t\n\t\t\t\t\t\t\t<ul class=\"ova-social\">\n\t\t\t\t\t\t\t\t\t\t\t<li class=\"icon\">\n\t\t\t\t\t\t\t<a href=\"#\" target=\"_blank\"\n\t\t\t\t\t\t\t\taria-label=\"Share social team link\"\n\t\t\t\t\t\t\t>\n\t\t\t\t\t\t\t\t<i class=\"ovaicon ovaicon-twitter\" aria-hidden=\"true\"><\/i>\n\t\t\t\t\t\t\t<\/a>\n\t\t\t\t\t\t<\/li>\n\t\t\t\t\t\t\t\t\t\t\t<li class=\"icon\">\n\t\t\t\t\t\t\t<a href=\"#\" target=\"_blank\"\n\t\t\t\t\t\t\t\taria-label=\"Share social team link\"\n\t\t\t\t\t\t\t>\n\t\t\t\t\t\t\t\t<i class=\"ovaicon ovaicon-facebook-logo\" aria-hidden=\"true\"><\/i>\n\t\t\t\t\t\t\t<\/a>\n\t\t\t\t\t\t<\/li>\n\t\t\t\t\t\t\t\t\t\t\t<li class=\"icon\">\n\t\t\t\t\t\t\t<a href=\"#\" target=\"_blank\"\n\t\t\t\t\t\t\t\taria-label=\"Share social team link\"\n\t\t\t\t\t\t\t>\n\t\t\t\t\t\t\t\t<i class=\"ovaicon ovaicon-instagram\" aria-hidden=\"true\"><\/i>\n\t\t\t\t\t\t\t<\/a>\n\t\t\t\t\t\t<\/li>\n\t\t\t\t\t\t\t\t\t<\/ul>\n\t\t\t\n\t\t<\/div>\n\n\t<\/div>\n\t<div class=\"ova-team-items items\">\n\n\t\t\t\t\t<div class=\"ova-media\">\n\t\t\t\t\t\t\t\t<a href=\"https:\/\/urbaines.tropical-solutions.com\/index.php\/team\/kuate-simmon\/\" title=\"Kuat\u00e9 Simmon\">\n\t\t\t\t\t\t\t\t\t<img decoding=\"async\" src=\"https:\/\/urbaines.tropical-solutions.com\/wp-content\/uploads\/2023\/06\/AnyConv.com__AnyConv.com__MAIRE1-team.webp\" alt=\"Kuat\u00e9 Simmon\">\n\t\t\t\t\t\t\t\t<\/a>\n\t\t\t\t\t\t\t<\/div>\n\t\t\t\t\n\t\t<div class=\"ova-info-content\">\n\n\t\t\t\t\t\t\t<p class=\"job\">\n\t\t\t\t\tCity Mayor\t\t\t\t<\/p>\n\t\t\t\n\t\t\t\t\t\t\t<h3 class=\"name\">\n\t\t\t\t\t\t\t\t\t\t<a href=\"https:\/\/urbaines.tropical-solutions.com\/index.php\/team\/kuate-simmon\/\" title=\"Kuat\u00e9 Simmon\">\n\t\t\t\t\t\t\t\t\t\t\tKuat\u00e9 Simmon\t\t\t\t\t\t\t\t\t\t<\/a>\n\t\t\t\t\t\t\t\t\t<\/h3>\n\t\t\t\n\t\t\t\t\t\t\t<ul class=\"ova-social\">\n\t\t\t\t\t\t\t\t\t\t\t<li class=\"icon\">\n\t\t\t\t\t\t\t<a href=\"#\" target=\"_blank\"\n\t\t\t\t\t\t\t\taria-label=\"Share social team link\"\n\t\t\t\t\t\t\t>\n\t\t\t\t\t\t\t\t<i class=\"ovaicon ovaicon-twitter\" aria-hidden=\"true\"><\/i>\n\t\t\t\t\t\t\t<\/a>\n\t\t\t\t\t\t<\/li>\n\t\t\t\t\t\t\t\t\t\t\t<li class=\"icon\">\n\t\t\t\t\t\t\t<a href=\"#\" target=\"_blank\"\n\t\t\t\t\t\t\t\taria-label=\"Share social team link\"\n\t\t\t\t\t\t\t>\n\t\t\t\t\t\t\t\t<i class=\"ovaicon ovaicon-facebook-logo\" aria-hidden=\"true\"><\/i>\n\t\t\t\t\t\t\t<\/a>\n\t\t\t\t\t\t<\/li>\n\t\t\t\t\t\t\t\t\t\t\t<li class=\"icon\">\n\t\t\t\t\t\t\t<a href=\"#\" target=\"_blank\"\n\t\t\t\t\t\t\t\taria-label=\"Share social team link\"\n\t\t\t\t\t\t\t>\n\t\t\t\t\t\t\t\t<i class=\"ovaicon ovaicon-instagram\" aria-hidden=\"true\"><\/i>\n\t\t\t\t\t\t\t<\/a>\n\t\t\t\t\t\t<\/li>\n\t\t\t\t\t\t\t\t\t<\/ul>\n\t\t\t\n\t\t<\/div>\n\n\t<\/div>\t\t\n\t<\/div>\n<\/div>\t\t<\/div>\n\t\t\t\t<\/div>\n\t\t\t\t\t<\/div>\n\t\t<\/div>\n\t\t\t\t\t<\/div>\n\t\t<\/section>\n\t\t\t\t<\/div>\n\t\t","protected":false},"excerpt":{"rendered":"<p>Le Maire City Mayor Leslie Monkam Les adjoins au maire City Mayor Momo William City Mayor Leslie Monkam City Mayor Kuat\u00e9 Simmon Les Ediles de la Ville de &#8230; les anciens D\u00e9l\u00e9gu\u00e9s du Gouvernement de la Ville de &#8230; City Mayor Momo William City Mayor Leslie Monkam City Mayor Kuat\u00e9 Simmon<\/p>\n","protected":false},"author":1,"featured_media":0,"parent":0,"menu_order":0,"comment_status":"closed","ping_status":"closed","template":"elementor_header_footer","meta":{"_monsterinsights_skip_tracking":false,"_monsterinsights_sitenote_active":false,"_monsterinsights_sitenote_note":"","_monsterinsights_sitenote_category":0,"footnotes":""},"class_list":["post-1504","page","type-page","status-publish","hentry"],"yoast_head":"<!-- This site is optimized with the Yoast SEO plugin v23.8 - https:\/\/yoast.com\/wordpress\/plugins\/seo\/ -->\n<title>Les \u00e9lus - Communaut\u00e9 urbaine de Garoua<\/title>\n<meta name=\"robots\" content=\"index, follow, max-snippet:-1, max-image-preview:large, max-video-preview:-1\" \/>\n<link rel=\"canonical\" href=\"https:\/\/urbaines.tropical-solutions.com\/index.php\/les-elus\/\" \/>\n<meta property=\"og:locale\" content=\"fr_FR\" \/>\n<meta property=\"og:type\" content=\"article\" \/>\n<meta property=\"og:title\" content=\"Les \u00e9lus - Communaut\u00e9 urbaine de Garoua\" \/>\n<meta property=\"og:description\" content=\"Le Maire City Mayor Leslie Monkam Les adjoins au maire City Mayor Momo William City Mayor Leslie Monkam City Mayor Kuat\u00e9 Simmon Les Ediles de la Ville de &#8230; les anciens D\u00e9l\u00e9gu\u00e9s du Gouvernement de la Ville de &#8230; City Mayor Momo William City Mayor Leslie Monkam City Mayor Kuat\u00e9 Simmon\" \/>\n<meta property=\"og:url\" content=\"https:\/\/urbaines.tropical-solutions.com\/index.php\/les-elus\/\" \/>\n<meta property=\"og:site_name\" content=\"Communaut\u00e9 urbaine de Garoua\" \/>\n<meta property=\"article:modified_time\" content=\"2024-11-04T21:29:36+00:00\" \/>\n<meta property=\"og:image\" content=\"https:\/\/urbaines.tropical-solutions.com\/wp-content\/uploads\/2023\/06\/AnyConv.com__AnyConv.com__MAIRE1-team.webp\" \/>\n<meta name=\"twitter:card\" content=\"summary_large_image\" \/>\n<script type=\"application\/ld+json\" class=\"yoast-schema-graph\">{\"@context\":\"https:\/\/schema.org\",\"@graph\":[{\"@type\":\"WebPage\",\"@id\":\"https:\/\/urbaines.tropical-solutions.com\/index.php\/les-elus\/\",\"url\":\"https:\/\/urbaines.tropical-solutions.com\/index.php\/les-elus\/\",\"name\":\"Les \u00e9lus - Communaut\u00e9 urbaine de Garoua\",\"isPartOf\":{\"@id\":\"https:\/\/urbaines.tropical-solutions.com\/#website\"},\"primaryImageOfPage\":{\"@id\":\"https:\/\/urbaines.tropical-solutions.com\/index.php\/les-elus\/#primaryimage\"},\"image\":{\"@id\":\"https:\/\/urbaines.tropical-solutions.com\/index.php\/les-elus\/#primaryimage\"},\"thumbnailUrl\":\"https:\/\/urbaines.tropical-solutions.com\/wp-content\/uploads\/2023\/06\/AnyConv.com__AnyConv.com__MAIRE1-team.webp\",\"datePublished\":\"2023-06-21T02:24:32+00:00\",\"dateModified\":\"2024-11-04T21:29:36+00:00\",\"breadcrumb\":{\"@id\":\"https:\/\/urbaines.tropical-solutions.com\/index.php\/les-elus\/#breadcrumb\"},\"inLanguage\":\"fr-FR\",\"potentialAction\":[{\"@type\":\"ReadAction\",\"target\":[\"https:\/\/urbaines.tropical-solutions.com\/index.php\/les-elus\/\"]}]},{\"@type\":\"ImageObject\",\"inLanguage\":\"fr-FR\",\"@id\":\"https:\/\/urbaines.tropical-solutions.com\/index.php\/les-elus\/#primaryimage\",\"url\":\"https:\/\/urbaines.tropical-solutions.com\/wp-content\/uploads\/2023\/06\/AnyConv.com__AnyConv.com__MAIRE1-team.webp\",\"contentUrl\":\"https:\/\/urbaines.tropical-solutions.com\/wp-content\/uploads\/2023\/06\/AnyConv.com__AnyConv.com__MAIRE1-team.webp\",\"width\":550,\"height\":643},{\"@type\":\"BreadcrumbList\",\"@id\":\"https:\/\/urbaines.tropical-solutions.com\/index.php\/les-elus\/#breadcrumb\",\"itemListElement\":[{\"@type\":\"ListItem\",\"position\":1,\"name\":\"Accueil\",\"item\":\"https:\/\/urbaines.tropical-solutions.com\/\"},{\"@type\":\"ListItem\",\"position\":2,\"name\":\"Les \u00e9lus\"}]},{\"@type\":\"WebSite\",\"@id\":\"https:\/\/urbaines.tropical-solutions.com\/#website\",\"url\":\"https:\/\/urbaines.tropical-solutions.com\/\",\"name\":\"Communaut\u00e9 urbaine de Garoua\",\"description\":\"\",\"potentialAction\":[{\"@type\":\"SearchAction\",\"target\":{\"@type\":\"EntryPoint\",\"urlTemplate\":\"https:\/\/urbaines.tropical-solutions.com\/?s={search_term_string}\"},\"query-input\":{\"@type\":\"PropertyValueSpecification\",\"valueRequired\":true,\"valueName\":\"search_term_string\"}}],\"inLanguage\":\"fr-FR\"}]}<\/script>\n<!-- \/ Yoast SEO plugin. -->","yoast_head_json":{"title":"Les \u00e9lus - Communaut\u00e9 urbaine de Garoua","robots":{"index":"index","follow":"follow","max-snippet":"max-snippet:-1","max-image-preview":"max-image-preview:large","max-video-preview":"max-video-preview:-1"},"canonical":"https:\/\/urbaines.tropical-solutions.com\/index.php\/les-elus\/","og_locale":"fr_FR","og_type":"article","og_title":"Les \u00e9lus - Communaut\u00e9 urbaine de Garoua","og_description":"Le Maire City Mayor Leslie Monkam Les adjoins au maire City Mayor Momo William City Mayor Leslie Monkam City Mayor Kuat\u00e9 Simmon Les Ediles de la Ville de &#8230; les anciens D\u00e9l\u00e9gu\u00e9s du Gouvernement de la Ville de &#8230; City Mayor Momo William City Mayor Leslie Monkam City Mayor Kuat\u00e9 Simmon","og_url":"https:\/\/urbaines.tropical-solutions.com\/index.php\/les-elus\/","og_site_name":"Communaut\u00e9 urbaine de Garoua","article_modified_time":"2024-11-04T21:29:36+00:00","og_image":[{"url":"https:\/\/urbaines.tropical-solutions.com\/wp-content\/uploads\/2023\/06\/AnyConv.com__AnyConv.com__MAIRE1-team.webp"}],"twitter_card":"summary_large_image","schema":{"@context":"https:\/\/schema.org","@graph":[{"@type":"WebPage","@id":"https:\/\/urbaines.tropical-solutions.com\/index.php\/les-elus\/","url":"https:\/\/urbaines.tropical-solutions.com\/index.php\/les-elus\/","name":"Les \u00e9lus - Communaut\u00e9 urbaine de Garoua","isPartOf":{"@id":"https:\/\/urbaines.tropical-solutions.com\/#website"},"primaryImageOfPage":{"@id":"https:\/\/urbaines.tropical-solutions.com\/index.php\/les-elus\/#primaryimage"},"image":{"@id":"https:\/\/urbaines.tropical-solutions.com\/index.php\/les-elus\/#primaryimage"},"thumbnailUrl":"https:\/\/urbaines.tropical-solutions.com\/wp-content\/uploads\/2023\/06\/AnyConv.com__AnyConv.com__MAIRE1-team.webp","datePublished":"2023-06-21T02:24:32+00:00","dateModified":"2024-11-04T21:29:36+00:00","breadcrumb":{"@id":"https:\/\/urbaines.tropical-solutions.com\/index.php\/les-elus\/#breadcrumb"},"inLanguage":"fr-FR","potentialAction":[{"@type":"ReadAction","target":["https:\/\/urbaines.tropical-solutions.com\/index.php\/les-elus\/"]}]},{"@type":"ImageObject","inLanguage":"fr-FR","@id":"https:\/\/urbaines.tropical-solutions.com\/index.php\/les-elus\/#primaryimage","url":"https:\/\/urbaines.tropical-solutions.com\/wp-content\/uploads\/2023\/06\/AnyConv.com__AnyConv.com__MAIRE1-team.webp","contentUrl":"https:\/\/urbaines.tropical-solutions.com\/wp-content\/uploads\/2023\/06\/AnyConv.com__AnyConv.com__MAIRE1-team.webp","width":550,"height":643},{"@type":"BreadcrumbList","@id":"https:\/\/urbaines.tropical-solutions.com\/index.php\/les-elus\/#breadcrumb","itemListElement":[{"@type":"ListItem","position":1,"name":"Accueil","item":"https:\/\/urbaines.tropical-solutions.com\/"},{"@type":"ListItem","position":2,"name":"Les \u00e9lus"}]},{"@type":"WebSite","@id":"https:\/\/urbaines.tropical-solutions.com\/#website","url":"https:\/\/urbaines.tropical-solutions.com\/","name":"Communaut\u00e9 urbaine de Garoua","description":"","potentialAction":[{"@type":"SearchAction","target":{"@type":"EntryPoint","urlTemplate":"https:\/\/urbaines.tropical-solutions.com\/?s={search_term_string}"},"query-input":{"@type":"PropertyValueSpecification","valueRequired":true,"valueName":"search_term_string"}}],"inLanguage":"fr-FR"}]}},"_links":{"self":[{"href":"https:\/\/urbaines.tropical-solutions.com\/index.php\/wp-json\/wp\/v2\/pages\/1504","targetHints":{"allow":["GET"]}}],"collection":[{"href":"https:\/\/urbaines.tropical-solutions.com\/index.php\/wp-json\/wp\/v2\/pages"}],"about":[{"href":"https:\/\/urbaines.tropical-solutions.com\/index.php\/wp-json\/wp\/v2\/types\/page"}],"author":[{"embeddable":true,"href":"https:\/\/urbaines.tropical-solutions.com\/index.php\/wp-json\/wp\/v2\/users\/1"}],"replies":[{"embeddable":true,"href":"https:\/\/urbaines.tropical-solutions.com\/index.php\/wp-json\/wp\/v2\/comments?post=1504"}],"version-history":[{"count":27,"href":"https:\/\/urbaines.tropical-solutions.com\/index.php\/wp-json\/wp\/v2\/pages\/1504\/revisions"}],"predecessor-version":[{"id":19509,"href":"https:\/\/urbaines.tropical-solutions.com\/index.php\/wp-json\/wp\/v2\/pages\/1504\/revisions\/19509"}],"wp:attachment":[{"href":"https:\/\/urbaines.tropical-solutions.com\/index.php\/wp-json\/wp\/v2\/media?parent=1504"}],"curies":[{"name":"wp","href":"https:\/\/api.w.org\/{rel}","templated":true}]}}